{"id":128978,"date":"2023-02-28T17:56:35","date_gmt":"2023-02-28T17:56:35","guid":{"rendered":"https:\/\/dev.glamuur.ee\/product\/bronzallure-necklace-wsbz01737-wag\/"},"modified":"2025-04-30T16:53:03","modified_gmt":"2025-04-30T13:53:03","slug":"pronkskaelakee-wsbz01737-wag","status":"publish","type":"product","link":"https:\/\/glamuur.ee\/et\/product\/bronzallure-necklace-wsbz01737-wag\/","title":{"rendered":"Bronzallure Kaelakee"},"content":{"rendered":"<p>See pikk kaelakee pakub kogu Bronzallure'i parima k\u00e4sit\u00f6\u00f6 tarkust uudse disaini jaoks. Klassikaline sepistatud kett kuldses roosas on 18k roosakullaga kaetud ja sisaldab magnesiit, tiigrisilm v\u00f5i valge akaadi r\u00f5ngad. \u00dchendage see koosk\u00f5lastatud k\u00e4ev\u00f5ru v\u00f5i teiste Variegated-kollektsiooni bijoux'idega.<br \/>\n- Golden Rose patenteeritud sulam 18k roosakuldne pinnakate Sertifitseeritud looduslikud kivid Disainitud Made in Italy Niklivaba, kaadmiumivaba, h\u00fcpoallergeenne Pikkus: 48,30 cm + 2,50 cm pikendus.<\/p>\n<p>  48,30CM + 2,54CM<\/p>","protected":false},"excerpt":{"rendered":"<p>This long necklace offers all the wisdom of Bronzallure&#8217;s finest craftsmanship for a novel design. The classic forged chain in Golden Rose is 18k rose gold plated and incorporates magnesite, tiger&#8217;s eye or white agate rings. Pair it with the coordinating bracelet or other bijoux&#8230;<\/p>","protected":false},"featured_media":128979,"comment_status":"open","ping_status":"closed","template":"","meta":{"jetpack_post_was_ever_published":false},"product_brand":[],"product_cat":[193,195,727,599],"product_tag":[],"giftcard-category":[],"class_list":{"0":"post-128978","1":"product","2":"type-product","3":"status-publish","4":"has-post-thumbnail","6":"product_cat-bronzallure","7":"product_cat-bronzallure-necklaces","8":"product_cat-necklaces","9":"product_cat-sale","10":"pa_material-golden-rose","11":"pa_metal-color-rose-gold","12":"pa_product-brand-bronzallure","13":"pa_stone-color-white","14":"pa_type-category-necklaces","16":"first","17":"instock","18":"featured","19":"taxable","20":"shipping-taxable","21":"purchasable","22":"product-type-simple"},"bundled_by":[],"bundle_stock_status":"instock","bundle_stock_quantity":2,"bundle_virtual":false,"bundle_layout":"","bundle_add_to_cart_form_location":"","bundle_editable_in_cart":false,"bundle_sold_individually_context":"","bundle_item_grouping":"","bundle_min_size":"","bundle_max_size":"","bundle_price":[],"bundled_items":[],"bundle_sell_ids":[],"etheme_brands":{"errors":{"invalid_taxonomy":["Lubamatu taksonoomia."]},"error_data":[]},"_links":{"self":[{"href":"https:\/\/glamuur.ee\/et\/wp-json\/wp\/v2\/product\/128978","targetHints":{"allow":["GET"]}}],"collection":[{"href":"https:\/\/glamuur.ee\/et\/wp-json\/wp\/v2\/product"}],"about":[{"href":"https:\/\/glamuur.ee\/et\/wp-json\/wp\/v2\/types\/product"}],"replies":[{"embeddable":true,"href":"https:\/\/glamuur.ee\/et\/wp-json\/wp\/v2\/comments?post=128978"}],"wp:featuredmedia":[{"embeddable":true,"href":"https:\/\/glamuur.ee\/et\/wp-json\/wp\/v2\/media\/128979"}],"wp:attachment":[{"href":"https:\/\/glamuur.ee\/et\/wp-json\/wp\/v2\/media?parent=128978"}],"wp:term":[{"taxonomy":"product_brand","embeddable":true,"href":"https:\/\/glamuur.ee\/et\/wp-json\/wp\/v2\/product_brand?post=128978"},{"taxonomy":"product_cat","embeddable":true,"href":"https:\/\/glamuur.ee\/et\/wp-json\/wp\/v2\/product_cat?post=128978"},{"taxonomy":"product_tag","embeddable":true,"href":"https:\/\/glamuur.ee\/et\/wp-json\/wp\/v2\/product_tag?post=128978"},{"taxonomy":"giftcard-category","embeddable":true,"href":"https:\/\/glamuur.ee\/et\/wp-json\/wp\/v2\/giftcard-category?post=128978"}],"curies":[{"name":"wp","href":"https:\/\/api.w.org\/{rel}","templated":true}]}}