{"id":128848,"date":"2023-02-28T17:53:15","date_gmt":"2023-02-28T17:53:15","guid":{"rendered":"https:\/\/dev.glamuur.ee\/product\/bronzallure-necklace-wsbz01476-w\/"},"modified":"2025-04-30T16:53:07","modified_gmt":"2025-04-30T13:53:07","slug":"pronksvalge-kaelakee-wsbz01476-w","status":"publish","type":"product","link":"https:\/\/glamuur.ee\/et\/product\/bronzallure-necklace-wsbz01476-w\/","title":{"rendered":"Bronzallure Kaelakee"},"content":{"rendered":"<p>See eksklusiivne Bronzallure kaelakee on kaasaegse ja elegantse disainiga aksessuaar, mis \u00fchendab Golden Rose 18 kt roosakullaga kaetud unikaalse s\u00e4rava kuubilise tsirkooniumi kvaliteediga Luminosa. S\u00e4delevate v\u00e4rvide ja kontrastide m\u00e4ng t\u00e4iuslikuks ehteks, mis kaunistab teie igap\u00e4evaelu v\u00f5i erilist \u00f5htut. \u00dchendage see kaelakee koosk\u00f5lastatud k\u00f5rvar\u00f5ngaste ja s\u00f5rmustega ning looge oma v\u00e4limus.<br \/>\n- Golden Rose patenditud sulam 18KT roosakuldne pinnakate Sertifitseeritud looduslikud kivid Disainitud Made in Italy Niklivaba, kaadmiumivaba, h\u00fcpoallergeenne 91,40CM<\/p>","protected":false},"excerpt":{"rendered":"<p>This exclusive Bronzallure necklace is an accessory with a modern and elegant design that combines the Golden Rose 18kt rose gold plated with the unique brilliance of cubic zirconia quality Luminosa. A sparkling game of colors and contrasts for a perfect jewel to embellish your&#8230;<\/p>","protected":false},"featured_media":128849,"comment_status":"open","ping_status":"closed","template":"","meta":{"jetpack_post_was_ever_published":false},"product_brand":[],"product_cat":[193,195,727,599],"product_tag":[],"giftcard-category":[],"class_list":{"0":"post-128848","1":"product","2":"type-product","3":"status-publish","4":"has-post-thumbnail","6":"product_cat-bronzallure","7":"product_cat-bronzallure-necklaces","8":"product_cat-necklaces","9":"product_cat-sale","10":"pa_material-golden-rose","11":"pa_metal-color-rose-gold","12":"pa_product-brand-bronzallure","13":"pa_stone-color-white","14":"pa_type-category-necklaces","16":"first","17":"instock","18":"featured","19":"taxable","20":"shipping-taxable","21":"purchasable","22":"product-type-simple"},"bundled_by":[],"bundle_stock_status":"instock","bundle_stock_quantity":1,"bundle_virtual":false,"bundle_layout":"","bundle_add_to_cart_form_location":"","bundle_editable_in_cart":false,"bundle_sold_individually_context":"","bundle_item_grouping":"","bundle_min_size":"","bundle_max_size":"","bundle_price":[],"bundled_items":[],"bundle_sell_ids":[],"etheme_brands":{"errors":{"invalid_taxonomy":["Lubamatu taksonoomia."]},"error_data":[]},"_links":{"self":[{"href":"https:\/\/glamuur.ee\/et\/wp-json\/wp\/v2\/product\/128848","targetHints":{"allow":["GET"]}}],"collection":[{"href":"https:\/\/glamuur.ee\/et\/wp-json\/wp\/v2\/product"}],"about":[{"href":"https:\/\/glamuur.ee\/et\/wp-json\/wp\/v2\/types\/product"}],"replies":[{"embeddable":true,"href":"https:\/\/glamuur.ee\/et\/wp-json\/wp\/v2\/comments?post=128848"}],"wp:featuredmedia":[{"embeddable":true,"href":"https:\/\/glamuur.ee\/et\/wp-json\/wp\/v2\/media\/128849"}],"wp:attachment":[{"href":"https:\/\/glamuur.ee\/et\/wp-json\/wp\/v2\/media?parent=128848"}],"wp:term":[{"taxonomy":"product_brand","embeddable":true,"href":"https:\/\/glamuur.ee\/et\/wp-json\/wp\/v2\/product_brand?post=128848"},{"taxonomy":"product_cat","embeddable":true,"href":"https:\/\/glamuur.ee\/et\/wp-json\/wp\/v2\/product_cat?post=128848"},{"taxonomy":"product_tag","embeddable":true,"href":"https:\/\/glamuur.ee\/et\/wp-json\/wp\/v2\/product_tag?post=128848"},{"taxonomy":"giftcard-category","embeddable":true,"href":"https:\/\/glamuur.ee\/et\/wp-json\/wp\/v2\/giftcard-category?post=128848"}],"curies":[{"name":"wp","href":"https:\/\/api.w.org\/{rel}","templated":true}]}}