{"id":128779,"date":"2023-02-28T17:51:21","date_gmt":"2023-02-28T17:51:21","guid":{"rendered":"https:\/\/dev.glamuur.ee\/product\/bronzallure-necklace-wsbz01898-wm\/"},"modified":"2025-05-01T23:26:48","modified_gmt":"2025-05-01T20:26:48","slug":"pronksvalge-kaelakee-wsbz01898-wm","status":"publish","type":"product","link":"https:\/\/glamuur.ee\/et\/product\/bronzallure-necklace-wsbz01898-wm\/","title":{"rendered":"Bronzallure Kaelakee"},"content":{"rendered":"<p>Kaelakee 1,57\u2033 kuusnurkse looduslikust kivist ripatsiga esindab Itaalia kullassepatraditsiooni parimat osa. Kuldses roosas, 18 kt roosakullaga kaetud, musta oon\u00fc\u00fcksist valge p\u00e4rlmutteriga pakutud ehe. Valige endale sobiv mudel ja andke oma riietusele v\u00fcrtsi. Sobitage see kaelakee sobivate s\u00f5rmuste ja k\u00f5rvar\u00f5ngastega v\u00f5i teiste Alba kollektsiooni bijoux'idega.<br \/>\n- Golden Rose patenditud sulam 18KT roosakuldne pinnakate Sertifitseeritud looduslikud kivid Disainitud Made in Italy Niklivaba, kaadmiumivaba, h\u00fcpoallergeenne Pikkus: 106,5 cm Kivi l\u00e4bim\u00f5\u00f5t: 1,57\u2033 96,50 cm<\/p>","protected":false},"excerpt":{"rendered":"<p>The necklace with 1,57&#8243; hexagon pendant in natural stone represents the best of Italian goldsmith&#8217;s tradition. A jewel in Golden Rose, 18kt rose gold plated, proposed in black onyx white mother of pearl. Choose the model you prefer and give a twist to your outfits&#8230;.<\/p>","protected":false},"featured_media":128780,"comment_status":"open","ping_status":"closed","template":"","meta":{"jetpack_post_was_ever_published":false},"product_brand":[],"product_cat":[193,195,968,727,945],"product_tag":[],"giftcard-category":[],"class_list":{"0":"post-128779","1":"product","2":"type-product","3":"status-publish","4":"has-post-thumbnail","6":"product_cat-bronzallure","7":"product_cat-bronzallure-necklaces","8":"product_cat-mothers-day-2025-ti-sento","9":"product_cat-necklaces","10":"product_cat-pearls","11":"pa_material-golden-rose","12":"pa_metal-color-rose-gold","13":"pa_product-brand-bronzallure","14":"pa_stone-color-pearl","15":"pa_type-category-necklaces","17":"first","18":"instock","19":"featured","20":"taxable","21":"shipping-taxable","22":"purchasable","23":"product-type-simple"},"bundled_by":[],"bundle_stock_status":"instock","bundle_stock_quantity":5,"bundle_virtual":false,"bundle_layout":"","bundle_add_to_cart_form_location":"","bundle_editable_in_cart":false,"bundle_sold_individually_context":"","bundle_item_grouping":"","bundle_min_size":"","bundle_max_size":"","bundle_price":[],"bundled_items":[],"bundle_sell_ids":[],"etheme_brands":{"errors":{"invalid_taxonomy":["Lubamatu taksonoomia."]},"error_data":[]},"_links":{"self":[{"href":"https:\/\/glamuur.ee\/et\/wp-json\/wp\/v2\/product\/128779","targetHints":{"allow":["GET"]}}],"collection":[{"href":"https:\/\/glamuur.ee\/et\/wp-json\/wp\/v2\/product"}],"about":[{"href":"https:\/\/glamuur.ee\/et\/wp-json\/wp\/v2\/types\/product"}],"replies":[{"embeddable":true,"href":"https:\/\/glamuur.ee\/et\/wp-json\/wp\/v2\/comments?post=128779"}],"wp:featuredmedia":[{"embeddable":true,"href":"https:\/\/glamuur.ee\/et\/wp-json\/wp\/v2\/media\/128780"}],"wp:attachment":[{"href":"https:\/\/glamuur.ee\/et\/wp-json\/wp\/v2\/media?parent=128779"}],"wp:term":[{"taxonomy":"product_brand","embeddable":true,"href":"https:\/\/glamuur.ee\/et\/wp-json\/wp\/v2\/product_brand?post=128779"},{"taxonomy":"product_cat","embeddable":true,"href":"https:\/\/glamuur.ee\/et\/wp-json\/wp\/v2\/product_cat?post=128779"},{"taxonomy":"product_tag","embeddable":true,"href":"https:\/\/glamuur.ee\/et\/wp-json\/wp\/v2\/product_tag?post=128779"},{"taxonomy":"giftcard-category","embeddable":true,"href":"https:\/\/glamuur.ee\/et\/wp-json\/wp\/v2\/giftcard-category?post=128779"}],"curies":[{"name":"wp","href":"https:\/\/api.w.org\/{rel}","templated":true}]}}