{"id":128425,"date":"2023-02-28T17:42:16","date_gmt":"2023-02-28T17:42:16","guid":{"rendered":"https:\/\/dev.glamuur.ee\/product\/bronzallure-earrings-wsbz01462-wr\/"},"modified":"2025-04-30T16:53:20","modified_gmt":"2025-04-30T13:53:20","slug":"pronkskorvarongad-wsbz01462-wr","status":"publish","type":"product","link":"https:\/\/glamuur.ee\/et\/product\/bronzallure-earrings-wsbz01462-wr\/","title":{"rendered":"Bronzallure K\u00f5rvar\u00f5ngad"},"content":{"rendered":"<p>Elegantne, glamuurne ja s\u00e4rav: Vela k\u00f5rvar\u00f5ngad, mis on kaunistatud kuubiliste tsirkooniatega ja kuldse roosiga, saadavad teid kogu p\u00e4eva jooksul. Kandke kogu Bronzallure'i maagiat ja elage t\u00e4ielikult Itaalias valmistatud ehete eksklusiivsust. Sobitage need k\u00f5rvar\u00f5ngad Altissima kollektsiooni pav\u00e9-bi\u017e\u00fc\u00fcridega.<br \/>\n- Golden Rose patenteeritud sulam 18K roosakuldne pinnakate Sertifitseeritud looduslikud kivid Disainitud Made in Italy Niklivaba, kaadmiumivaba, h\u00fcpoallergeeniline <\/p>","protected":false},"excerpt":{"rendered":"<p>Elegant, glamorous and shiny: the vela earrings, embellished with cubic zirconia and the Golden Rose, will accompany you throughout the day. Wear all the magic of Bronzallure and live the exclusivity of a jewel completely made in Italy. Match these earrings with the pav\u00e9 bijoux&#8230;<\/p>","protected":false},"featured_media":128426,"comment_status":"open","ping_status":"closed","template":"","meta":{"jetpack_post_was_ever_published":false},"product_brand":[],"product_cat":[193,194,725,939,964,813],"product_tag":[],"giftcard-category":[],"class_list":{"0":"post-128425","1":"product","2":"type-product","3":"status-publish","4":"has-post-thumbnail","6":"product_cat-bronzallure","7":"product_cat-bronzallure-earrings","8":"product_cat-earrings","9":"product_cat-ti-sento-sale-europe","10":"product_cat-summer-sale-ti-sento","11":"product_cat-womens-day","12":"pa_material-golden-rose","13":"pa_metal-color-rose-gold","14":"pa_product-brand-bronzallure","15":"pa_stone-color-white","16":"pa_type-category-earrings","18":"first","19":"instock","20":"featured","21":"taxable","22":"shipping-taxable","23":"purchasable","24":"product-type-simple"},"bundled_by":[],"bundle_stock_status":"instock","bundle_stock_quantity":1,"bundle_virtual":false,"bundle_layout":"","bundle_add_to_cart_form_location":"","bundle_editable_in_cart":false,"bundle_sold_individually_context":"","bundle_item_grouping":"","bundle_min_size":"","bundle_max_size":"","bundle_price":[],"bundled_items":[],"bundle_sell_ids":[],"etheme_brands":{"errors":{"invalid_taxonomy":["Lubamatu taksonoomia."]},"error_data":[]},"_links":{"self":[{"href":"https:\/\/glamuur.ee\/et\/wp-json\/wp\/v2\/product\/128425","targetHints":{"allow":["GET"]}}],"collection":[{"href":"https:\/\/glamuur.ee\/et\/wp-json\/wp\/v2\/product"}],"about":[{"href":"https:\/\/glamuur.ee\/et\/wp-json\/wp\/v2\/types\/product"}],"replies":[{"embeddable":true,"href":"https:\/\/glamuur.ee\/et\/wp-json\/wp\/v2\/comments?post=128425"}],"wp:featuredmedia":[{"embeddable":true,"href":"https:\/\/glamuur.ee\/et\/wp-json\/wp\/v2\/media\/128426"}],"wp:attachment":[{"href":"https:\/\/glamuur.ee\/et\/wp-json\/wp\/v2\/media?parent=128425"}],"wp:term":[{"taxonomy":"product_brand","embeddable":true,"href":"https:\/\/glamuur.ee\/et\/wp-json\/wp\/v2\/product_brand?post=128425"},{"taxonomy":"product_cat","embeddable":true,"href":"https:\/\/glamuur.ee\/et\/wp-json\/wp\/v2\/product_cat?post=128425"},{"taxonomy":"product_tag","embeddable":true,"href":"https:\/\/glamuur.ee\/et\/wp-json\/wp\/v2\/product_tag?post=128425"},{"taxonomy":"giftcard-category","embeddable":true,"href":"https:\/\/glamuur.ee\/et\/wp-json\/wp\/v2\/giftcard-category?post=128425"}],"curies":[{"name":"wp","href":"https:\/\/api.w.org\/{rel}","templated":true}]}}