{"id":128361,"date":"2023-02-28T17:40:31","date_gmt":"2023-02-28T17:40:31","guid":{"rendered":"https:\/\/dev.glamuur.ee\/product\/bronzallure-bracelet-wsbz01471y-w\/"},"modified":"2025-04-30T16:53:23","modified_gmt":"2025-04-30T13:53:23","slug":"bronzallure-bracelet-wsbz01471y-w","status":"publish","type":"product","link":"https:\/\/glamuur.ee\/et\/product\/bronzallure-bracelet-wsbz01471y-w\/","title":{"rendered":"Bronzallure K\u00e4ev\u00f5ru"},"content":{"rendered":"<p>Elegant, romantic and bright, this pav\u00e9 heart Golden bracelet is the perfect piece of jewelry for important occasions. Made of 18kt yellow gold plated, it is easy and practical to wear. Pair this bracelet with pav\u00e9 jewelry from the collection and create your own parure.<br \/>\n\u2022 Golden patended alloy  18KT yellow gold plating  Certified natural stones Designed Made in Italy  Nickel free, cadmium free, hypoallergenic 17,80CM<\/p>","protected":false},"excerpt":{"rendered":"<p>Elegant, romantic and bright, this pav\u00e9 heart Golden bracelet is the perfect piece of jewelry for important occasions. Made of 18kt yellow gold plated, it is easy and practical to wear. Pair this bracelet with pav\u00e9 jewelry from the collection and create your own parure&#8230;.<\/p>","protected":false},"featured_media":128362,"comment_status":"open","ping_status":"closed","template":"","meta":{"jetpack_post_was_ever_published":false},"product_brand":[],"product_cat":[726,193,196],"product_tag":[],"giftcard-category":[],"class_list":{"0":"post-128361","1":"product","2":"type-product","3":"status-publish","4":"has-post-thumbnail","6":"product_cat-bracelets","7":"product_cat-bronzallure","8":"product_cat-bronzallure-bracelets","9":"pa_material-golden-rose","10":"pa_metal-color-yellow-gold","11":"pa_product-brand-bronzallure","12":"pa_stone-color-white","13":"pa_type-category-bracelets","15":"first","16":"outofstock","17":"featured","18":"taxable","19":"shipping-taxable","20":"purchasable","21":"product-type-simple"},"bundled_by":[],"bundle_stock_status":"outofstock","bundle_stock_quantity":0,"bundle_virtual":false,"bundle_layout":"","bundle_add_to_cart_form_location":"","bundle_editable_in_cart":false,"bundle_sold_individually_context":"","bundle_item_grouping":"","bundle_min_size":"","bundle_max_size":"","bundle_price":[],"bundled_items":[],"bundle_sell_ids":[],"etheme_brands":{"errors":{"invalid_taxonomy":["Lubamatu taksonoomia."]},"error_data":[]},"_links":{"self":[{"href":"https:\/\/glamuur.ee\/et\/wp-json\/wp\/v2\/product\/128361","targetHints":{"allow":["GET"]}}],"collection":[{"href":"https:\/\/glamuur.ee\/et\/wp-json\/wp\/v2\/product"}],"about":[{"href":"https:\/\/glamuur.ee\/et\/wp-json\/wp\/v2\/types\/product"}],"replies":[{"embeddable":true,"href":"https:\/\/glamuur.ee\/et\/wp-json\/wp\/v2\/comments?post=128361"}],"wp:featuredmedia":[{"embeddable":true,"href":"https:\/\/glamuur.ee\/et\/wp-json\/wp\/v2\/media\/128362"}],"wp:attachment":[{"href":"https:\/\/glamuur.ee\/et\/wp-json\/wp\/v2\/media?parent=128361"}],"wp:term":[{"taxonomy":"product_brand","embeddable":true,"href":"https:\/\/glamuur.ee\/et\/wp-json\/wp\/v2\/product_brand?post=128361"},{"taxonomy":"product_cat","embeddable":true,"href":"https:\/\/glamuur.ee\/et\/wp-json\/wp\/v2\/product_cat?post=128361"},{"taxonomy":"product_tag","embeddable":true,"href":"https:\/\/glamuur.ee\/et\/wp-json\/wp\/v2\/product_tag?post=128361"},{"taxonomy":"giftcard-category","embeddable":true,"href":"https:\/\/glamuur.ee\/et\/wp-json\/wp\/v2\/giftcard-category?post=128361"}],"curies":[{"name":"wp","href":"https:\/\/api.w.org\/{rel}","templated":true}]}}