{"id":128357,"date":"2023-02-28T17:40:22","date_gmt":"2023-02-28T17:40:22","guid":{"rendered":"https:\/\/dev.glamuur.ee\/product\/bronzallure-bracelet-wsbz01471-w\/"},"modified":"2025-06-05T17:51:25","modified_gmt":"2025-06-05T14:51:25","slug":"pronksvalge-kaevoru-wsbz01471-w","status":"publish","type":"product","link":"https:\/\/glamuur.ee\/et\/product\/bronzallure-bracelet-wsbz01471-w\/","title":{"rendered":"Bronzallure K\u00e4ev\u00f5ru"},"content":{"rendered":"<p>Elegant, romantic and bright, this pav\u00e9 heart bracelet is the perfect piece of jewelry for important occasions. Made of 18kt rose gold plated Golden Rose, it is easy and practical to wear. Pair this bracelet with pav\u00e9 jewelry from the collection and create your own parure.<br \/>\n\u2022 Golden Rose patended alloy  18kt rose gold plating  Certified natural stones Designed Made in Italy  Nickel free, cadmium free, hypoallergenic 17,80CM<\/p>","protected":false},"excerpt":{"rendered":"<p>Elegant, romantic and bright, this pav\u00e9 heart bracelet is the perfect piece of jewelry for important occasions. Made of 18kt rose gold plated Golden Rose, it is easy and practical to wear. Pair this bracelet with pav\u00e9 jewelry from the collection and create your own&#8230;<\/p>","protected":false},"featured_media":128358,"comment_status":"open","ping_status":"closed","template":"","meta":{"jetpack_post_was_ever_published":false},"product_brand":[],"product_cat":[726,193,196],"product_tag":[],"giftcard-category":[],"class_list":{"0":"post-128357","1":"product","2":"type-product","3":"status-publish","4":"has-post-thumbnail","6":"product_cat-bracelets","7":"product_cat-bronzallure","8":"product_cat-bronzallure-bracelets","9":"pa_material-golden-rose","10":"pa_metal-color-rose-gold","11":"pa_product-brand-bronzallure","12":"pa_stone-color-white","13":"pa_type-category-bracelets","15":"first","16":"instock","17":"featured","18":"taxable","19":"shipping-taxable","20":"purchasable","21":"product-type-simple"},"bundled_by":[],"bundle_stock_status":"instock","bundle_stock_quantity":1,"bundle_virtual":false,"bundle_layout":"","bundle_add_to_cart_form_location":"","bundle_editable_in_cart":false,"bundle_sold_individually_context":"","bundle_item_grouping":"","bundle_min_size":"","bundle_max_size":"","bundle_price":[],"bundled_items":[],"bundle_sell_ids":[],"etheme_brands":{"errors":{"invalid_taxonomy":["Lubamatu taksonoomia."]},"error_data":[]},"_links":{"self":[{"href":"https:\/\/glamuur.ee\/et\/wp-json\/wp\/v2\/product\/128357","targetHints":{"allow":["GET"]}}],"collection":[{"href":"https:\/\/glamuur.ee\/et\/wp-json\/wp\/v2\/product"}],"about":[{"href":"https:\/\/glamuur.ee\/et\/wp-json\/wp\/v2\/types\/product"}],"replies":[{"embeddable":true,"href":"https:\/\/glamuur.ee\/et\/wp-json\/wp\/v2\/comments?post=128357"}],"wp:featuredmedia":[{"embeddable":true,"href":"https:\/\/glamuur.ee\/et\/wp-json\/wp\/v2\/media\/128358"}],"wp:attachment":[{"href":"https:\/\/glamuur.ee\/et\/wp-json\/wp\/v2\/media?parent=128357"}],"wp:term":[{"taxonomy":"product_brand","embeddable":true,"href":"https:\/\/glamuur.ee\/et\/wp-json\/wp\/v2\/product_brand?post=128357"},{"taxonomy":"product_cat","embeddable":true,"href":"https:\/\/glamuur.ee\/et\/wp-json\/wp\/v2\/product_cat?post=128357"},{"taxonomy":"product_tag","embeddable":true,"href":"https:\/\/glamuur.ee\/et\/wp-json\/wp\/v2\/product_tag?post=128357"},{"taxonomy":"giftcard-category","embeddable":true,"href":"https:\/\/glamuur.ee\/et\/wp-json\/wp\/v2\/giftcard-category?post=128357"}],"curies":[{"name":"wp","href":"https:\/\/api.w.org\/{rel}","templated":true}]}}