{"id":128278,"date":"2023-02-28T17:38:25","date_gmt":"2023-02-28T17:38:25","guid":{"rendered":"https:\/\/dev.glamuur.ee\/product\/bronzallure-earrings-wsbz01670-ca\/"},"modified":"2025-04-30T16:53:27","modified_gmt":"2025-04-30T13:53:27","slug":"pronkskorvarongad-wsbz01670-ca","status":"publish","type":"product","link":"https:\/\/glamuur.ee\/et\/product\/bronzallure-earrings-wsbz01670-ca\/","title":{"rendered":"Bronzallure K\u00f5rvar\u00f5ngad"},"content":{"rendered":"<p>Klassikalised ja ajatud kuuvarjundiga k\u00f5rvar\u00f5ngad. K\u00f5ik meie kameedad on k\u00e4sitsi graveeritud Torre del Greco meistrite poolt, kes kasutavad iidset t\u00f6\u00f6riista, mida nimetatakse buriniks. Kameo teeb lisaks selle ilule p\u00f5nevaks ka selle ainulaadsus: iga t\u00fckk on ainulaadne. Need n\u00f6\u00f6pk\u00f5rvar\u00f5ngad on originaalse kameega, mis kujutab kuud. \u00dchendage need Cassis-Cammeo loominguga ja looge oma v\u00e4limus.<br \/>\n- Golden Rose patenteeritud sulam 18K roosakuldne pinnakate Disainitud Itaalias Niklivaba, kaadmiumivaba, h\u00fcpoallergeenne L\u00e4bim\u00f5\u00f5t: 14 mm <\/p>","protected":false},"excerpt":{"rendered":"<p>Classic and timeless moon cameo lobe earrings. Our cameos are all hand engraved by master craftsmen from Torre del Greco, who use an ancient tool called a burin. What makes a cameo fascinating, besides its beauty, is its uniqueness: each piece is unique. These button&#8230;<\/p>","protected":false},"featured_media":128279,"comment_status":"open","ping_status":"closed","template":"","meta":{"jetpack_post_was_ever_published":false},"product_brand":[],"product_cat":[193,194,725,599],"product_tag":[],"giftcard-category":[],"class_list":{"0":"post-128278","1":"product","2":"type-product","3":"status-publish","4":"has-post-thumbnail","6":"product_cat-bronzallure","7":"product_cat-bronzallure-earrings","8":"product_cat-earrings","9":"product_cat-sale","10":"pa_material-golden-rose","11":"pa_metal-color-rose-gold","12":"pa_product-brand-bronzallure","13":"pa_stone-color-white","14":"pa_type-category-earrings","16":"first","17":"instock","18":"featured","19":"taxable","20":"shipping-taxable","21":"purchasable","22":"product-type-simple"},"bundled_by":[],"bundle_stock_status":"instock","bundle_stock_quantity":1,"bundle_virtual":false,"bundle_layout":"","bundle_add_to_cart_form_location":"","bundle_editable_in_cart":false,"bundle_sold_individually_context":"","bundle_item_grouping":"","bundle_min_size":"","bundle_max_size":"","bundle_price":[],"bundled_items":[],"bundle_sell_ids":[],"etheme_brands":{"errors":{"invalid_taxonomy":["Lubamatu taksonoomia."]},"error_data":[]},"_links":{"self":[{"href":"https:\/\/glamuur.ee\/et\/wp-json\/wp\/v2\/product\/128278","targetHints":{"allow":["GET"]}}],"collection":[{"href":"https:\/\/glamuur.ee\/et\/wp-json\/wp\/v2\/product"}],"about":[{"href":"https:\/\/glamuur.ee\/et\/wp-json\/wp\/v2\/types\/product"}],"replies":[{"embeddable":true,"href":"https:\/\/glamuur.ee\/et\/wp-json\/wp\/v2\/comments?post=128278"}],"wp:featuredmedia":[{"embeddable":true,"href":"https:\/\/glamuur.ee\/et\/wp-json\/wp\/v2\/media\/128279"}],"wp:attachment":[{"href":"https:\/\/glamuur.ee\/et\/wp-json\/wp\/v2\/media?parent=128278"}],"wp:term":[{"taxonomy":"product_brand","embeddable":true,"href":"https:\/\/glamuur.ee\/et\/wp-json\/wp\/v2\/product_brand?post=128278"},{"taxonomy":"product_cat","embeddable":true,"href":"https:\/\/glamuur.ee\/et\/wp-json\/wp\/v2\/product_cat?post=128278"},{"taxonomy":"product_tag","embeddable":true,"href":"https:\/\/glamuur.ee\/et\/wp-json\/wp\/v2\/product_tag?post=128278"},{"taxonomy":"giftcard-category","embeddable":true,"href":"https:\/\/glamuur.ee\/et\/wp-json\/wp\/v2\/giftcard-category?post=128278"}],"curies":[{"name":"wp","href":"https:\/\/api.w.org\/{rel}","templated":true}]}}