{"id":128208,"date":"2023-02-28T17:36:46","date_gmt":"2023-02-28T17:36:46","guid":{"rendered":"https:\/\/dev.glamuur.ee\/product\/bronzallure-bracelet-wsbz01240-wr-md\/"},"modified":"2026-04-20T11:55:05","modified_gmt":"2026-04-20T08:55:05","slug":"bronzallure-bracelet-wsbz01240-wr-md","status":"publish","type":"product","link":"https:\/\/glamuur.ee\/et\/product\/bronzallure-bracelet-wsbz01240-wr-md\/","title":{"rendered":"Bronzallure K\u00e4ev\u00f5ru"},"content":{"rendered":"<p>Tennise k\u00e4ev\u00f5ru on eksimatu liitlane igale naisele, kes ei saa oma igap\u00e4evaelus loobuda elegantsusest: seda k\u00e4ev\u00f5ru on lihtne kanda ja mitte v\u00e4ga n\u00f5udlik, see sobib t\u00e4nu s\u00e4rava kuubilise tsirkooniaga kaunistatud k\u00e4ev\u00f5rule ideaalselt isegi k\u00f5ige vabaaja v\u00e4limusega, pakkudes alternatiivi teemandile igap\u00e4evaelu jaoks. Samal ajal taskukohane ja rafineeritud, t\u00e4nu parima Itaalia tootmise kvaliteedile ja turvalise mehaanilise sulgemise t\u00e4psusele, saab seda tennise k\u00e4ev\u00f5ru kanda \u00fcksi v\u00f5i koos teiste valge kuubilise tsirkooniumiga v\u00f5i mustast spinellistega v\u00f5i isegi kombineerida disainiga, nagu stiilne r\u00f5ngas, ripatsid v\u00f5i mikropav\u00e9 esemed. L\u00f5putu valguse m\u00e4ng teie randmel.<br \/>\n- Golden Rose patenditud sulam 18KT roosakuldne pinnakate Sertifitseeritud looduslikud kivid Disainitud Made in Italy Niklivaba, kaadmiumivaba, h\u00fcpoallergeenne 17,80CM<\/p>","protected":false},"excerpt":{"rendered":"<p>The tennis bracelet is an unmistakable ally of any woman who can not renounce elegance in their everyday life: easy to wear and not very demanding, perfect even with most casual looks thanks to the use of the bright Cubic Zirconia, this bracelet offers an&#8230;<\/p>","protected":false},"featured_media":128209,"comment_status":"open","ping_status":"closed","template":"","meta":{"jetpack_post_was_ever_published":false},"product_brand":[],"product_cat":[726,193,196,939,964,813],"product_tag":[],"giftcard-category":[],"class_list":{"0":"post-128208","1":"product","2":"type-product","3":"status-publish","4":"has-post-thumbnail","6":"product_cat-bracelets","7":"product_cat-bronzallure","8":"product_cat-bronzallure-bracelets","9":"product_cat-ti-sento-sale-europe","10":"product_cat-summer-sale-ti-sento","11":"product_cat-womens-day","12":"pa_material-golden-rose","13":"pa_metal-color-rose-gold","14":"pa_product-brand-bronzallure","15":"pa_stone-color-white","16":"pa_type-category-bracelets","18":"first","19":"instock","20":"featured","21":"taxable","22":"shipping-taxable","23":"purchasable","24":"product-type-simple"},"bundled_by":[],"bundle_stock_status":"instock","bundle_stock_quantity":1,"bundle_virtual":false,"bundle_layout":"","bundle_add_to_cart_form_location":"","bundle_editable_in_cart":false,"bundle_sold_individually_context":"","bundle_item_grouping":"","bundle_min_size":"","bundle_max_size":"","bundle_price":[],"bundled_items":[],"bundle_sell_ids":[],"etheme_brands":{"errors":{"invalid_taxonomy":["Lubamatu taksonoomia."]},"error_data":[]},"_links":{"self":[{"href":"https:\/\/glamuur.ee\/et\/wp-json\/wp\/v2\/product\/128208","targetHints":{"allow":["GET"]}}],"collection":[{"href":"https:\/\/glamuur.ee\/et\/wp-json\/wp\/v2\/product"}],"about":[{"href":"https:\/\/glamuur.ee\/et\/wp-json\/wp\/v2\/types\/product"}],"replies":[{"embeddable":true,"href":"https:\/\/glamuur.ee\/et\/wp-json\/wp\/v2\/comments?post=128208"}],"wp:featuredmedia":[{"embeddable":true,"href":"https:\/\/glamuur.ee\/et\/wp-json\/wp\/v2\/media\/128209"}],"wp:attachment":[{"href":"https:\/\/glamuur.ee\/et\/wp-json\/wp\/v2\/media?parent=128208"}],"wp:term":[{"taxonomy":"product_brand","embeddable":true,"href":"https:\/\/glamuur.ee\/et\/wp-json\/wp\/v2\/product_brand?post=128208"},{"taxonomy":"product_cat","embeddable":true,"href":"https:\/\/glamuur.ee\/et\/wp-json\/wp\/v2\/product_cat?post=128208"},{"taxonomy":"product_tag","embeddable":true,"href":"https:\/\/glamuur.ee\/et\/wp-json\/wp\/v2\/product_tag?post=128208"},{"taxonomy":"giftcard-category","embeddable":true,"href":"https:\/\/glamuur.ee\/et\/wp-json\/wp\/v2\/giftcard-category?post=128208"}],"curies":[{"name":"wp","href":"https:\/\/api.w.org\/{rel}","templated":true}]}}