{"id":128193,"date":"2023-02-28T17:36:23","date_gmt":"2023-02-28T17:36:23","guid":{"rendered":"https:\/\/dev.glamuur.ee\/product\/bronzallure-bracelet-wsbz01383-rq\/"},"modified":"2026-01-26T16:30:05","modified_gmt":"2026-01-26T14:30:05","slug":"bronzallure-bracelet-wsbz01383-rq","status":"publish","type":"product","link":"https:\/\/glamuur.ee\/et\/product\/bronzallure-bracelet-wsbz01383-rq\/","title":{"rendered":"Bronzallure K\u00e4ev\u00f5ru"},"content":{"rendered":"<p>Kaasaegne ja rafineeritud k\u00e4ev\u00f5ru, millel on kaks elegantset ringi, millest \u00fcks on sillutatud kuubilise tsirkooniumiga Luminosa ja teine loodusliku kiviga. T\u00e4iuslik ehe, mida kanda k\u00f5ige t\u00e4htsamatel puhkudel, valmistatud 18 kt roosakullaga kullatud Golden Rose alusel. Kandke selle k\u00e4ev\u00f5ru k\u00f5iki unikaalseid toone ja n\u00e4idake oma isikup\u00e4ra. Avastage kogu kollektsiooni meie e-kaubanduses.<br \/>\n- Golden Rose patenditud sulam 18 kt roosakuldne pinnakate Sertifitseeritud looduslikud kivid Disainitud Made in Italy Niklivaba, kaadmiumivaba, h\u00fcpoallergeenne Pikkus: 19,70 cm 19,70CM<\/p>","protected":false},"excerpt":{"rendered":"<p>A modern and sophisticated bracelet with two elegant circles, one paved with cubic zirconia Luminosa and the other with natural stone. A perfect piece of jewelry to wear on the most important occasions, crafted on an 18kt rose gold plated Golden Rose base. Wear all&#8230;<\/p>","protected":false},"featured_media":128194,"comment_status":"open","ping_status":"closed","template":"","meta":{"jetpack_post_was_ever_published":false},"product_brand":[],"product_cat":[726,193,196,980,939,964,813],"product_tag":[],"giftcard-category":[],"class_list":{"0":"post-128193","1":"product","2":"type-product","3":"status-publish","4":"has-post-thumbnail","6":"product_cat-bracelets","7":"product_cat-bronzallure","8":"product_cat-bronzallure-bracelets","9":"product_cat-ready-for-vacation","10":"product_cat-ti-sento-sale-europe","11":"product_cat-summer-sale-ti-sento","12":"product_cat-womens-day","13":"pa_material-golden-rose","14":"pa_metal-color-rose-gold","15":"pa_product-brand-bronzallure","16":"pa_stone-color-pink","17":"pa_type-category-bracelets","19":"first","20":"instock","21":"featured","22":"taxable","23":"shipping-taxable","24":"purchasable","25":"product-type-simple"},"bundled_by":[],"bundle_stock_status":"instock","bundle_stock_quantity":2,"bundle_virtual":false,"bundle_layout":"","bundle_add_to_cart_form_location":"","bundle_editable_in_cart":false,"bundle_sold_individually_context":"","bundle_item_grouping":"","bundle_min_size":"","bundle_max_size":"","bundle_price":[],"bundled_items":[],"bundle_sell_ids":[],"etheme_brands":{"errors":{"invalid_taxonomy":["Lubamatu taksonoomia."]},"error_data":[]},"_links":{"self":[{"href":"https:\/\/glamuur.ee\/et\/wp-json\/wp\/v2\/product\/128193","targetHints":{"allow":["GET"]}}],"collection":[{"href":"https:\/\/glamuur.ee\/et\/wp-json\/wp\/v2\/product"}],"about":[{"href":"https:\/\/glamuur.ee\/et\/wp-json\/wp\/v2\/types\/product"}],"replies":[{"embeddable":true,"href":"https:\/\/glamuur.ee\/et\/wp-json\/wp\/v2\/comments?post=128193"}],"wp:featuredmedia":[{"embeddable":true,"href":"https:\/\/glamuur.ee\/et\/wp-json\/wp\/v2\/media\/128194"}],"wp:attachment":[{"href":"https:\/\/glamuur.ee\/et\/wp-json\/wp\/v2\/media?parent=128193"}],"wp:term":[{"taxonomy":"product_brand","embeddable":true,"href":"https:\/\/glamuur.ee\/et\/wp-json\/wp\/v2\/product_brand?post=128193"},{"taxonomy":"product_cat","embeddable":true,"href":"https:\/\/glamuur.ee\/et\/wp-json\/wp\/v2\/product_cat?post=128193"},{"taxonomy":"product_tag","embeddable":true,"href":"https:\/\/glamuur.ee\/et\/wp-json\/wp\/v2\/product_tag?post=128193"},{"taxonomy":"giftcard-category","embeddable":true,"href":"https:\/\/glamuur.ee\/et\/wp-json\/wp\/v2\/giftcard-category?post=128193"}],"curies":[{"name":"wp","href":"https:\/\/api.w.org\/{rel}","templated":true}]}}