{"id":12802,"date":"2023-01-04T15:30:58","date_gmt":"2023-01-04T15:30:58","guid":{"rendered":"https:\/\/dev.glamuur.ee\/product\/ti-sento-milano-ear-charms-9180lp\/"},"modified":"2026-03-10T19:11:21","modified_gmt":"2026-03-10T17:11:21","slug":"ti-sento-milano-korva-volusid-9180lp","status":"publish","type":"product","link":"https:\/\/glamuur.ee\/et\/product\/ti-sento-milano-ear-charms-9180lp\/","title":{"rendered":"TI SENTO \u2013 Milano K\u00f5rvar\u00f5nga ripatsid"},"content":{"rendered":"<p>Need TI SENTO - Milano k\u00f5rvaehete kristallid on \u00fcmmarguse lihviga, mis on paigaldatud nendesse TI SENTO - Milano k\u00f5rvaehete kristallidesse. Sterling-h\u00f5bedast ja 18 kt roosakuldsest pinnakattematerjalist \u00fcmbrisekinnitus loob lihtsa, kuid elegantse v\u00e4ljan\u00e4gemise. Kandke neid k\u00f5rvaehteid \u00fcksi TI SENTO k\u00f5rvar\u00f5ngaste k\u00fcljes v\u00f5i kombineerituna teise paari k\u00f5rvaehetega.<\/p>","protected":false},"excerpt":{"rendered":"<p>The light pink crystals, which have been set in these TI SENTO \u2013 Milano Ear Charms, are cut in a round form. The bezel setting in Sterling silver and a 18kt rose gold plating creates a simple, but elegant look. Wear these Ear Charms on&#8230;<\/p>","protected":false},"featured_media":262014,"comment_status":"open","ping_status":"closed","template":"","meta":{"jetpack_post_was_ever_published":false},"product_brand":[],"product_cat":[728,794,979,980,939,964,72,144,152],"product_tag":[],"giftcard-category":[],"class_list":{"0":"post-12802","1":"product","2":"type-product","3":"status-publish","4":"has-post-thumbnail","6":"product_cat-ear-charms","7":"product_cat-gift-ideas-up-to-100e","8":"product_cat-graduation-2025","9":"product_cat-ready-for-vacation","10":"product_cat-ti-sento-sale-europe","11":"product_cat-summer-sale-ti-sento","12":"product_cat-ti-sento-milano","13":"product_cat-ti-sento-milano-ear-charms","14":"product_cat-ti-sento-milano-estonian-design","15":"pa_material-silver","16":"pa_metal-color-rose-gold","17":"pa_product-brand-ti-sento-milano","18":"pa_stone-color-pink","19":"pa_type-category-ear-charms","21":"first","22":"instock","23":"featured","24":"taxable","25":"shipping-taxable","26":"purchasable","27":"product-type-simple"},"bundled_by":[],"bundle_stock_status":"instock","bundle_stock_quantity":1,"bundle_virtual":false,"bundle_layout":"","bundle_add_to_cart_form_location":"","bundle_editable_in_cart":false,"bundle_sold_individually_context":"","bundle_item_grouping":"","bundle_min_size":"","bundle_max_size":"","bundle_price":[],"bundled_items":[],"bundle_sell_ids":[],"etheme_brands":{"errors":{"invalid_taxonomy":["Lubamatu taksonoomia."]},"error_data":[]},"_links":{"self":[{"href":"https:\/\/glamuur.ee\/et\/wp-json\/wp\/v2\/product\/12802","targetHints":{"allow":["GET"]}}],"collection":[{"href":"https:\/\/glamuur.ee\/et\/wp-json\/wp\/v2\/product"}],"about":[{"href":"https:\/\/glamuur.ee\/et\/wp-json\/wp\/v2\/types\/product"}],"replies":[{"embeddable":true,"href":"https:\/\/glamuur.ee\/et\/wp-json\/wp\/v2\/comments?post=12802"}],"wp:featuredmedia":[{"embeddable":true,"href":"https:\/\/glamuur.ee\/et\/wp-json\/wp\/v2\/media\/262014"}],"wp:attachment":[{"href":"https:\/\/glamuur.ee\/et\/wp-json\/wp\/v2\/media?parent=12802"}],"wp:term":[{"taxonomy":"product_brand","embeddable":true,"href":"https:\/\/glamuur.ee\/et\/wp-json\/wp\/v2\/product_brand?post=12802"},{"taxonomy":"product_cat","embeddable":true,"href":"https:\/\/glamuur.ee\/et\/wp-json\/wp\/v2\/product_cat?post=12802"},{"taxonomy":"product_tag","embeddable":true,"href":"https:\/\/glamuur.ee\/et\/wp-json\/wp\/v2\/product_tag?post=12802"},{"taxonomy":"giftcard-category","embeddable":true,"href":"https:\/\/glamuur.ee\/et\/wp-json\/wp\/v2\/giftcard-category?post=12802"}],"curies":[{"name":"wp","href":"https:\/\/api.w.org\/{rel}","templated":true}]}}