{"id":127931,"date":"2023-02-28T17:29:53","date_gmt":"2023-02-28T17:29:53","guid":{"rendered":"https:\/\/dev.glamuur.ee\/product\/bronzallure-necklace-wsbz01028y-wy\/"},"modified":"2025-04-30T16:53:40","modified_gmt":"2025-04-30T13:53:40","slug":"pronksvalge-kaelakee-wsbz01028y-wy","status":"publish","type":"product","link":"https:\/\/glamuur.ee\/et\/product\/bronzallure-necklace-wsbz01028y-wy\/","title":{"rendered":"Bronzallure Kaelakee"},"content":{"rendered":"<p> See lihtne ja rafineeritud Bronzallure'i kaelakee on kaunistatud kuubikuliste ketiga ja \u00fcmmarguse pav\u00e9 ripatsiga, mis on valmistatud mustast spinellist. Kuldne juveel, Bronzallure'i patenteeritud sulam, mis on kaetud 18 kt kollase kullaga, sobib ideaalselt k\u00f5ige t\u00e4htsamateks s\u00fcndmusteks. Kandke seda, et olla ainulaadne ja \u00fchendage see sobiva k\u00e4ev\u00f5ru v\u00f5i teiste Altissima kollektsiooni bijoux'idega. - Kuldne patenteeritud sulam 18KT kollane kuldamine Sertifitseeritud looduslikud kivid Disainitud Made in Italy Niklivaba, kaadmiumivaba, h\u00fcpoallergeenne 47CM<\/p>","protected":false},"excerpt":{"rendered":"<p>Simple and refined, this Bronzallure necklace is embellished with a cubic chain and round pav\u00e9 pendant in cubic zirconia so black spinel. A jewel in Golden, Bronzallure&#8217;s proprietary alloy plated in 18kt yellow gold, perfect for the most important occasions. Wear it to be unique&#8230;<\/p>","protected":false},"featured_media":127932,"comment_status":"open","ping_status":"closed","template":"","meta":{"jetpack_post_was_ever_published":false},"product_brand":[],"product_cat":[193,195,727,939,964,813],"product_tag":[],"giftcard-category":[],"class_list":{"0":"post-127931","1":"product","2":"type-product","3":"status-publish","4":"has-post-thumbnail","6":"product_cat-bronzallure","7":"product_cat-bronzallure-necklaces","8":"product_cat-necklaces","9":"product_cat-ti-sento-sale-europe","10":"product_cat-summer-sale-ti-sento","11":"product_cat-womens-day","12":"pa_material-golden-rose","13":"pa_metal-color-rose-gold","14":"pa_product-brand-bronzallure","15":"pa_stone-color-white","16":"pa_type-category-necklaces","18":"first","19":"instock","20":"featured","21":"taxable","22":"shipping-taxable","23":"purchasable","24":"product-type-simple"},"bundled_by":[],"bundle_stock_status":"instock","bundle_stock_quantity":2,"bundle_virtual":false,"bundle_layout":"","bundle_add_to_cart_form_location":"","bundle_editable_in_cart":false,"bundle_sold_individually_context":"","bundle_item_grouping":"","bundle_min_size":"","bundle_max_size":"","bundle_price":[],"bundled_items":[],"bundle_sell_ids":[],"etheme_brands":{"errors":{"invalid_taxonomy":["Lubamatu taksonoomia."]},"error_data":[]},"_links":{"self":[{"href":"https:\/\/glamuur.ee\/et\/wp-json\/wp\/v2\/product\/127931","targetHints":{"allow":["GET"]}}],"collection":[{"href":"https:\/\/glamuur.ee\/et\/wp-json\/wp\/v2\/product"}],"about":[{"href":"https:\/\/glamuur.ee\/et\/wp-json\/wp\/v2\/types\/product"}],"replies":[{"embeddable":true,"href":"https:\/\/glamuur.ee\/et\/wp-json\/wp\/v2\/comments?post=127931"}],"wp:featuredmedia":[{"embeddable":true,"href":"https:\/\/glamuur.ee\/et\/wp-json\/wp\/v2\/media\/127932"}],"wp:attachment":[{"href":"https:\/\/glamuur.ee\/et\/wp-json\/wp\/v2\/media?parent=127931"}],"wp:term":[{"taxonomy":"product_brand","embeddable":true,"href":"https:\/\/glamuur.ee\/et\/wp-json\/wp\/v2\/product_brand?post=127931"},{"taxonomy":"product_cat","embeddable":true,"href":"https:\/\/glamuur.ee\/et\/wp-json\/wp\/v2\/product_cat?post=127931"},{"taxonomy":"product_tag","embeddable":true,"href":"https:\/\/glamuur.ee\/et\/wp-json\/wp\/v2\/product_tag?post=127931"},{"taxonomy":"giftcard-category","embeddable":true,"href":"https:\/\/glamuur.ee\/et\/wp-json\/wp\/v2\/giftcard-category?post=127931"}],"curies":[{"name":"wp","href":"https:\/\/api.w.org\/{rel}","templated":true}]}}