{"id":127807,"date":"2023-02-28T17:26:41","date_gmt":"2023-02-28T17:26:41","guid":{"rendered":"https:\/\/dev.glamuur.ee\/product\/bronzallure-earrings-wsbz01571-w\/"},"modified":"2025-08-19T15:40:07","modified_gmt":"2025-08-19T12:40:07","slug":"pronkskorvarongad-wsbz01571-w","status":"publish","type":"product","link":"https:\/\/glamuur.ee\/et\/product\/bronzallure-earrings-wsbz01571-w\/","title":{"rendered":"Bronzallure K\u00f5rvar\u00f5ngad"},"content":{"rendered":"<p>Need Bronzallure k\u00f5rvar\u00f5ngad on kaunistatud kuldse roosi kolmnurkadega, mis vahelduvad teiste pav\u00e9-t\u00fckkidega. Rafineeritud ja elegantsed 18k roosakullaga kaetud ehted. \u00dchendage need kolmnurksed k\u00f5rvar\u00f5ngad koosk\u00f5lastatud s\u00f5rmuste v\u00f5i muude loomingutega ja t\u00e4iustage oma v\u00e4limust.<br \/>\n- Patenteeritud Golden Rose sulam 18k roosakuldne pinnakate Sertifitseeritud looduslikud kivid Disainitud Made in Italy Niklivaba, kaadmiumivaba, h\u00fcpoallergeeniline <\/p>","protected":false},"excerpt":{"rendered":"<p>These Bronzallure dangle earrings are embellished with a series of Golden Rose triangles alternating with other pav\u00e9 pieces. Refined and elegant 18k rose gold plated jewelry. Pair these triangle earrings with coordinating rings or other creations and complete your look. &#8211; Patented Golden Rose alloy&#8230;<\/p>","protected":false},"featured_media":127808,"comment_status":"open","ping_status":"closed","template":"","meta":{"jetpack_post_was_ever_published":false},"product_brand":[],"product_cat":[193,194,725,599],"product_tag":[],"giftcard-category":[],"class_list":{"0":"post-127807","1":"product","2":"type-product","3":"status-publish","4":"has-post-thumbnail","6":"product_cat-bronzallure","7":"product_cat-bronzallure-earrings","8":"product_cat-earrings","9":"product_cat-sale","10":"pa_material-golden-rose","11":"pa_metal-color-rose-gold","12":"pa_product-brand-bronzallure","13":"pa_stone-color-white","14":"pa_type-category-earrings","16":"first","17":"instock","18":"featured","19":"taxable","20":"shipping-taxable","21":"purchasable","22":"product-type-simple"},"bundled_by":[],"bundle_stock_status":"instock","bundle_stock_quantity":1,"bundle_virtual":false,"bundle_layout":"","bundle_add_to_cart_form_location":"","bundle_editable_in_cart":false,"bundle_sold_individually_context":"","bundle_item_grouping":"","bundle_min_size":"","bundle_max_size":"","bundle_price":[],"bundled_items":[],"bundle_sell_ids":[],"etheme_brands":{"errors":{"invalid_taxonomy":["Lubamatu taksonoomia."]},"error_data":[]},"_links":{"self":[{"href":"https:\/\/glamuur.ee\/et\/wp-json\/wp\/v2\/product\/127807","targetHints":{"allow":["GET"]}}],"collection":[{"href":"https:\/\/glamuur.ee\/et\/wp-json\/wp\/v2\/product"}],"about":[{"href":"https:\/\/glamuur.ee\/et\/wp-json\/wp\/v2\/types\/product"}],"replies":[{"embeddable":true,"href":"https:\/\/glamuur.ee\/et\/wp-json\/wp\/v2\/comments?post=127807"}],"wp:featuredmedia":[{"embeddable":true,"href":"https:\/\/glamuur.ee\/et\/wp-json\/wp\/v2\/media\/127808"}],"wp:attachment":[{"href":"https:\/\/glamuur.ee\/et\/wp-json\/wp\/v2\/media?parent=127807"}],"wp:term":[{"taxonomy":"product_brand","embeddable":true,"href":"https:\/\/glamuur.ee\/et\/wp-json\/wp\/v2\/product_brand?post=127807"},{"taxonomy":"product_cat","embeddable":true,"href":"https:\/\/glamuur.ee\/et\/wp-json\/wp\/v2\/product_cat?post=127807"},{"taxonomy":"product_tag","embeddable":true,"href":"https:\/\/glamuur.ee\/et\/wp-json\/wp\/v2\/product_tag?post=127807"},{"taxonomy":"giftcard-category","embeddable":true,"href":"https:\/\/glamuur.ee\/et\/wp-json\/wp\/v2\/giftcard-category?post=127807"}],"curies":[{"name":"wp","href":"https:\/\/api.w.org\/{rel}","templated":true}]}}