{"id":127799,"date":"2023-02-28T17:26:26","date_gmt":"2023-02-28T17:26:26","guid":{"rendered":"https:\/\/dev.glamuur.ee\/product\/bronzallure-earrings-wsbz01858-w\/"},"modified":"2026-03-10T19:25:08","modified_gmt":"2026-03-10T17:25:08","slug":"pronkskorvarongad-wsbz01858-w","status":"publish","type":"product","link":"https:\/\/glamuur.ee\/et\/product\/bronzallure-earrings-wsbz01858-w\/","title":{"rendered":"Bronzallure K\u00f5rvar\u00f5ngad"},"content":{"rendered":"<p>Pikad k\u00f5rvar\u00f5ngad on kaunistatud s\u00e4ravate kuubiliste tsirkooniatega. Sobivad ideaalselt romantilise v\u00e4limuse, aga ka kingituseks v\u00f5i pidulikuks ehteks, sobivad elegantsete ja keeruliste riietega. Sobitage neid teiste Bronzallure kollektsiooni ehetega. Sirvige meie e-kaubandust ja valige oma lemmikud lihtsa kl\u00f5psuga.<br \/>\n- Golden Rose patenditud sulam 18 kt roosakuldne pinnakate Sertifitseeritud looduslikud kivid Disainitud Made in Italy Niklivaba, kaadmiumivaba, h\u00fcpoallergeenne 5,10CM<\/p>","protected":false},"excerpt":{"rendered":"<p>Long dangle earrings are embellished with bright cubic zirconia. Ideal for a romantic look but also as a gift or ceremonial jewelry, they match with an elegant and sophisticated outfit. Match them with the other jewels of the Bronzallure collection. Browse our e-commerce and choose&#8230;<\/p>","protected":false},"featured_media":127800,"comment_status":"open","ping_status":"closed","template":"","meta":{"jetpack_post_was_ever_published":false},"product_brand":[],"product_cat":[193,194,725],"product_tag":[],"giftcard-category":[],"class_list":{"0":"post-127799","1":"product","2":"type-product","3":"status-publish","4":"has-post-thumbnail","6":"product_cat-bronzallure","7":"product_cat-bronzallure-earrings","8":"product_cat-earrings","9":"pa_material-golden-rose","10":"pa_metal-color-rose-gold","11":"pa_product-brand-bronzallure","12":"pa_stone-color-white","13":"pa_type-category-earrings","15":"first","16":"instock","17":"featured","18":"taxable","19":"shipping-taxable","20":"purchasable","21":"product-type-simple"},"bundled_by":[],"bundle_stock_status":"instock","bundle_stock_quantity":2,"bundle_virtual":false,"bundle_layout":"","bundle_add_to_cart_form_location":"","bundle_editable_in_cart":false,"bundle_sold_individually_context":"","bundle_item_grouping":"","bundle_min_size":"","bundle_max_size":"","bundle_price":[],"bundled_items":[],"bundle_sell_ids":[],"etheme_brands":{"errors":{"invalid_taxonomy":["Lubamatu taksonoomia."]},"error_data":[]},"_links":{"self":[{"href":"https:\/\/glamuur.ee\/et\/wp-json\/wp\/v2\/product\/127799","targetHints":{"allow":["GET"]}}],"collection":[{"href":"https:\/\/glamuur.ee\/et\/wp-json\/wp\/v2\/product"}],"about":[{"href":"https:\/\/glamuur.ee\/et\/wp-json\/wp\/v2\/types\/product"}],"replies":[{"embeddable":true,"href":"https:\/\/glamuur.ee\/et\/wp-json\/wp\/v2\/comments?post=127799"}],"wp:featuredmedia":[{"embeddable":true,"href":"https:\/\/glamuur.ee\/et\/wp-json\/wp\/v2\/media\/127800"}],"wp:attachment":[{"href":"https:\/\/glamuur.ee\/et\/wp-json\/wp\/v2\/media?parent=127799"}],"wp:term":[{"taxonomy":"product_brand","embeddable":true,"href":"https:\/\/glamuur.ee\/et\/wp-json\/wp\/v2\/product_brand?post=127799"},{"taxonomy":"product_cat","embeddable":true,"href":"https:\/\/glamuur.ee\/et\/wp-json\/wp\/v2\/product_cat?post=127799"},{"taxonomy":"product_tag","embeddable":true,"href":"https:\/\/glamuur.ee\/et\/wp-json\/wp\/v2\/product_tag?post=127799"},{"taxonomy":"giftcard-category","embeddable":true,"href":"https:\/\/glamuur.ee\/et\/wp-json\/wp\/v2\/giftcard-category?post=127799"}],"curies":[{"name":"wp","href":"https:\/\/api.w.org\/{rel}","templated":true}]}}