{"id":127580,"date":"2023-02-28T17:20:46","date_gmt":"2023-02-28T17:20:46","guid":{"rendered":"https:\/\/dev.glamuur.ee\/product\/bronzallure-earrings-wsbz01469y-y\/"},"modified":"2025-12-05T14:15:03","modified_gmt":"2025-12-05T12:15:03","slug":"pronkskorvarongad-wsbz01469y-y","status":"publish","type":"product","link":"https:\/\/glamuur.ee\/et\/product\/bronzallure-earrings-wsbz01469y-y\/","title":{"rendered":"Bronzallure K\u00f5rvar\u00f5ngad"},"content":{"rendered":"<p> Need Bronzallure'i s\u00fcdamek\u00f5rvar\u00f5ngad on kaunistatud helendava paveeringuga. Ehted kuldses, Bronzallure'i patenteeritud sulamist, mis on kaetud 18 kt kollase kullaga, ainulaadsed ja erilised, ideaalsed igap\u00e4evaseks kandmiseks. Sobitage need k\u00f5rvar\u00f5ngad koosk\u00f5lastatud kaelakee v\u00f5i teiste meie e-kaubanduses olevate bijoux'idega. - Kuldne patenteeritud sulam 18KT kollane kuldamine Sertifitseeritud looduslikud kivid Disainitud Made in Italy Niklivaba, kaadmiumivaba, h\u00fcpoallergeenne <\/p>","protected":false},"excerpt":{"rendered":"<p>These Bronzallure heart earrings are embellished with a luminous pav\u00e9. Jewelry in Golden, Bronzallure&#8217;s proprietary alloy plated with 18kt yellow gold, unique and special, perfect for everyday wear. Match these earrings with the coordinating necklace or other bijoux on our e-commerce. \u2022 Golden patended alloy&#8230;<\/p>","protected":false},"featured_media":127581,"comment_status":"open","ping_status":"closed","template":"","meta":{"jetpack_post_was_ever_published":false},"product_brand":[],"product_cat":[193,194,725,939,964,941,813],"product_tag":[942],"giftcard-category":[],"class_list":{"0":"post-127580","1":"product","2":"type-product","3":"status-publish","4":"has-post-thumbnail","6":"product_cat-bronzallure","7":"product_cat-bronzallure-earrings","8":"product_cat-earrings","9":"product_cat-ti-sento-sale-europe","10":"product_cat-summer-sale-ti-sento","11":"product_cat-valentines-day","12":"product_cat-womens-day","13":"product_tag-valentines-day","14":"pa_material-golden-rose","15":"pa_metal-color-rose-gold","16":"pa_product-brand-bronzallure","17":"pa_stone-color-white","18":"pa_type-category-earrings","20":"first","21":"instock","22":"featured","23":"taxable","24":"shipping-taxable","25":"purchasable","26":"product-type-simple"},"bundled_by":[],"bundle_stock_status":"instock","bundle_stock_quantity":8,"bundle_virtual":false,"bundle_layout":"","bundle_add_to_cart_form_location":"","bundle_editable_in_cart":false,"bundle_sold_individually_context":"","bundle_item_grouping":"","bundle_min_size":"","bundle_max_size":"","bundle_price":[],"bundled_items":[],"bundle_sell_ids":[],"etheme_brands":{"errors":{"invalid_taxonomy":["Lubamatu taksonoomia."]},"error_data":[]},"_links":{"self":[{"href":"https:\/\/glamuur.ee\/et\/wp-json\/wp\/v2\/product\/127580","targetHints":{"allow":["GET"]}}],"collection":[{"href":"https:\/\/glamuur.ee\/et\/wp-json\/wp\/v2\/product"}],"about":[{"href":"https:\/\/glamuur.ee\/et\/wp-json\/wp\/v2\/types\/product"}],"replies":[{"embeddable":true,"href":"https:\/\/glamuur.ee\/et\/wp-json\/wp\/v2\/comments?post=127580"}],"wp:featuredmedia":[{"embeddable":true,"href":"https:\/\/glamuur.ee\/et\/wp-json\/wp\/v2\/media\/127581"}],"wp:attachment":[{"href":"https:\/\/glamuur.ee\/et\/wp-json\/wp\/v2\/media?parent=127580"}],"wp:term":[{"taxonomy":"product_brand","embeddable":true,"href":"https:\/\/glamuur.ee\/et\/wp-json\/wp\/v2\/product_brand?post=127580"},{"taxonomy":"product_cat","embeddable":true,"href":"https:\/\/glamuur.ee\/et\/wp-json\/wp\/v2\/product_cat?post=127580"},{"taxonomy":"product_tag","embeddable":true,"href":"https:\/\/glamuur.ee\/et\/wp-json\/wp\/v2\/product_tag?post=127580"},{"taxonomy":"giftcard-category","embeddable":true,"href":"https:\/\/glamuur.ee\/et\/wp-json\/wp\/v2\/giftcard-category?post=127580"}],"curies":[{"name":"wp","href":"https:\/\/api.w.org\/{rel}","templated":true}]}}