{"id":127553,"date":"2023-02-28T17:20:02","date_gmt":"2023-02-28T17:20:02","guid":{"rendered":"https:\/\/dev.glamuur.ee\/product\/bronzallure-earrings-wsbz01774-w\/"},"modified":"2025-04-30T16:53:55","modified_gmt":"2025-04-30T13:53:55","slug":"pronkskorvarongad-wsbz01774-w","status":"publish","type":"product","link":"https:\/\/glamuur.ee\/et\/product\/bronzallure-earrings-wsbz01774-w\/","title":{"rendered":"Bronzallure K\u00f5rvar\u00f5ngad"},"content":{"rendered":"<p>Need \u00f5rnad ja romantilised liblikas-paavlite k\u00f5rvar\u00f5ngad on teie stiililiitlased. Kuldse roosi ehted, 18K roosakullaga kaetud, s\u00e4ravad ja l\u00e4ikivad, ideaalsed igap\u00e4evaseks kandmiseks. \u00dchendage need pave k\u00f5rvar\u00f5ngad sobiva kaelakee, s\u00f5rmuse ja k\u00e4ev\u00f5ruga v\u00f5i teiste Altissima kollektsiooni kuubilise tsirkooniumiga loominguga.<br \/>\n- Patenteeritud Golden Rose sulam 18k roosakuldne pinnakate Sertifitseeritud looduslikud kivid Disainitud Made in Italy Niklivaba, kaadmiumivaba, h\u00fcpoallergeeniline <\/p>","protected":false},"excerpt":{"rendered":"<p>These delicate and romantic butterfly pave lobe earrings will be your style allies. Golden Rose jewelry, 18K rose gold plated, bright and shiny, ideal for everyday wear. Pair these pave earrings with the matching necklace, ring and bracelet or other cubic zirconia creations from the&#8230;<\/p>","protected":false},"featured_media":127554,"comment_status":"open","ping_status":"closed","template":"","meta":{"jetpack_post_was_ever_published":false},"product_brand":[],"product_cat":[193,194,725,599],"product_tag":[],"giftcard-category":[],"class_list":{"0":"post-127553","1":"product","2":"type-product","3":"status-publish","4":"has-post-thumbnail","6":"product_cat-bronzallure","7":"product_cat-bronzallure-earrings","8":"product_cat-earrings","9":"product_cat-sale","10":"pa_material-golden-rose","11":"pa_metal-color-rose-gold","12":"pa_product-brand-bronzallure","13":"pa_stone-color-white","14":"pa_type-category-earrings","16":"first","17":"instock","18":"featured","19":"taxable","20":"shipping-taxable","21":"purchasable","22":"product-type-simple"},"bundled_by":[],"bundle_stock_status":"instock","bundle_stock_quantity":1,"bundle_virtual":false,"bundle_layout":"","bundle_add_to_cart_form_location":"","bundle_editable_in_cart":false,"bundle_sold_individually_context":"","bundle_item_grouping":"","bundle_min_size":"","bundle_max_size":"","bundle_price":[],"bundled_items":[],"bundle_sell_ids":[],"etheme_brands":{"errors":{"invalid_taxonomy":["Lubamatu taksonoomia."]},"error_data":[]},"_links":{"self":[{"href":"https:\/\/glamuur.ee\/et\/wp-json\/wp\/v2\/product\/127553","targetHints":{"allow":["GET"]}}],"collection":[{"href":"https:\/\/glamuur.ee\/et\/wp-json\/wp\/v2\/product"}],"about":[{"href":"https:\/\/glamuur.ee\/et\/wp-json\/wp\/v2\/types\/product"}],"replies":[{"embeddable":true,"href":"https:\/\/glamuur.ee\/et\/wp-json\/wp\/v2\/comments?post=127553"}],"wp:featuredmedia":[{"embeddable":true,"href":"https:\/\/glamuur.ee\/et\/wp-json\/wp\/v2\/media\/127554"}],"wp:attachment":[{"href":"https:\/\/glamuur.ee\/et\/wp-json\/wp\/v2\/media?parent=127553"}],"wp:term":[{"taxonomy":"product_brand","embeddable":true,"href":"https:\/\/glamuur.ee\/et\/wp-json\/wp\/v2\/product_brand?post=127553"},{"taxonomy":"product_cat","embeddable":true,"href":"https:\/\/glamuur.ee\/et\/wp-json\/wp\/v2\/product_cat?post=127553"},{"taxonomy":"product_tag","embeddable":true,"href":"https:\/\/glamuur.ee\/et\/wp-json\/wp\/v2\/product_tag?post=127553"},{"taxonomy":"giftcard-category","embeddable":true,"href":"https:\/\/glamuur.ee\/et\/wp-json\/wp\/v2\/giftcard-category?post=127553"}],"curies":[{"name":"wp","href":"https:\/\/api.w.org\/{rel}","templated":true}]}}