{"id":127495,"date":"2023-02-28T17:18:41","date_gmt":"2023-02-28T17:18:41","guid":{"rendered":"https:\/\/dev.glamuur.ee\/product\/bronzallure-necklace-wsbz01044y-y\/"},"modified":"2025-06-05T17:51:23","modified_gmt":"2025-06-05T14:51:23","slug":"pronksvalge-kaelakee-wsbz01044y-y","status":"publish","type":"product","link":"https:\/\/glamuur.ee\/et\/product\/bronzallure-necklace-wsbz01044y-y\/","title":{"rendered":"Bronzallure Kaelakee"},"content":{"rendered":"<p>See Bronzallure'i kaelakee on kaunistatud rolo-keti ja pav\u00e9 ripatsiga. Kuldne ehe, Bronzallure'i patenteeritud sulam, mis on kaetud 18 kt kollase kullaga, sobib ideaalselt k\u00f5ige elegantsemateks s\u00fcndmusteks. Kandke seda, et olla ainulaadne ja \u00fchendage see koordineeriva k\u00e4ev\u00f5ru v\u00f5i teiste Altissima kollektsiooni bijoux'idega.<br \/>\n- Kuldne patenditud sulam 18KT kollane kullatud pinnakate Sertifitseeritud looduslikud kivid Disainitud Made in Italy Niklivaba, kaadmiumivaba, h\u00fcpoallergeenne 47CM<\/p>","protected":false},"excerpt":{"rendered":"<p>This Bronzallure necklace is embellished with a\u00a0rolo chain and pav\u00e9 pendant. A jewel in Golden, Bronzallure&#8217;s proprietary alloy plated in 18kt yellow gold, perfect for the most elegant occasions. Wear it to be unique and pair it with the coordinating bracelet or other bijoux from&#8230;<\/p>","protected":false},"featured_media":127496,"comment_status":"open","ping_status":"closed","template":"","meta":{"jetpack_post_was_ever_published":false},"product_brand":[],"product_cat":[193,195,727],"product_tag":[],"giftcard-category":[],"class_list":{"0":"post-127495","1":"product","2":"type-product","3":"status-publish","4":"has-post-thumbnail","6":"product_cat-bronzallure","7":"product_cat-bronzallure-necklaces","8":"product_cat-necklaces","9":"pa_material-golden-rose","10":"pa_metal-color-rose-gold","11":"pa_product-brand-bronzallure","12":"pa_stone-color-white","13":"pa_type-category-necklaces","15":"first","16":"instock","17":"featured","18":"taxable","19":"shipping-taxable","20":"purchasable","21":"product-type-simple"},"bundled_by":[],"bundle_stock_status":"instock","bundle_stock_quantity":1,"bundle_virtual":false,"bundle_layout":"","bundle_add_to_cart_form_location":"","bundle_editable_in_cart":false,"bundle_sold_individually_context":"","bundle_item_grouping":"","bundle_min_size":"","bundle_max_size":"","bundle_price":[],"bundled_items":[],"bundle_sell_ids":[],"etheme_brands":{"errors":{"invalid_taxonomy":["Lubamatu taksonoomia."]},"error_data":[]},"_links":{"self":[{"href":"https:\/\/glamuur.ee\/et\/wp-json\/wp\/v2\/product\/127495","targetHints":{"allow":["GET"]}}],"collection":[{"href":"https:\/\/glamuur.ee\/et\/wp-json\/wp\/v2\/product"}],"about":[{"href":"https:\/\/glamuur.ee\/et\/wp-json\/wp\/v2\/types\/product"}],"replies":[{"embeddable":true,"href":"https:\/\/glamuur.ee\/et\/wp-json\/wp\/v2\/comments?post=127495"}],"wp:featuredmedia":[{"embeddable":true,"href":"https:\/\/glamuur.ee\/et\/wp-json\/wp\/v2\/media\/127496"}],"wp:attachment":[{"href":"https:\/\/glamuur.ee\/et\/wp-json\/wp\/v2\/media?parent=127495"}],"wp:term":[{"taxonomy":"product_brand","embeddable":true,"href":"https:\/\/glamuur.ee\/et\/wp-json\/wp\/v2\/product_brand?post=127495"},{"taxonomy":"product_cat","embeddable":true,"href":"https:\/\/glamuur.ee\/et\/wp-json\/wp\/v2\/product_cat?post=127495"},{"taxonomy":"product_tag","embeddable":true,"href":"https:\/\/glamuur.ee\/et\/wp-json\/wp\/v2\/product_tag?post=127495"},{"taxonomy":"giftcard-category","embeddable":true,"href":"https:\/\/glamuur.ee\/et\/wp-json\/wp\/v2\/giftcard-category?post=127495"}],"curies":[{"name":"wp","href":"https:\/\/api.w.org\/{rel}","templated":true}]}}