{"id":127491,"date":"2023-02-28T17:18:35","date_gmt":"2023-02-28T17:18:35","guid":{"rendered":"https:\/\/dev.glamuur.ee\/product\/bronzallure-necklace-wsbz01044-wr\/"},"modified":"2026-01-26T16:25:31","modified_gmt":"2026-01-26T14:25:31","slug":"pronksvalge-kaelakee-wsbz01044-wr","status":"publish","type":"product","link":"https:\/\/glamuur.ee\/et\/product\/bronzallure-necklace-wsbz01044-wr\/","title":{"rendered":"Bronzallure Kaelakee"},"content":{"rendered":"<p>Klassikaline solitaire-kaelakee, millel on meie ikooniline 18KT roosakullatud Golden Ros\u00e9, sobib ideaalselt hommikust \u00f5htuni. Seda rikastavad rikkalikult s\u00e4ravad kuubilised tsirkooniumid, mis on teie ideaalne alternatiiv teemantidele igal ajal, mis on suurep\u00e4raselt paigaldatud \u00fclima lihtsusega, et r\u00f5hutada teie kaelaliini. Kandke seda lihtsat, kuid uimastavat kaelakee koos paljude meie e-poes saadaval olevate kuldse roosaga ja kuubilise tsirkooniumiga loomingutega, valige selle lahenduse mugavus ja soodne pakkumine: v\u00f5lu, elegants ja naiselikkus ilma parima Made in Italy kvaliteeti ohverdamata. Sobib ideaalselt mis tahes stiilikombinatsioonidega, alates k\u00f5ige lihtsamatest kuni k\u00f5ige elavama riietuseni. Kombineerige kaelakee solitairide, riviiras\u00f5rmuste ja k\u00e4ev\u00f5rude ning k\u00e4ev\u00f5rudega, \u00fchendage see paljude erinevate stiilide k\u00f5rvar\u00f5ngastega, mis on saadaval internetis ja valitud kauplustes.- Kood: WSBZ01038 47CM<\/p>","protected":false},"excerpt":{"rendered":"<p>The classic solitaire necklace, featuring our iconic 18KT rose gold plated Golden Ros\u00e9 is perfect from morning to night. It comes enriched by the rich and gleaming Cubic Zirconia, your perfect alternative to diamonds anytime of the day, superbly installed with ultimate simplicity to enhance&#8230;<\/p>","protected":false},"featured_media":127492,"comment_status":"open","ping_status":"closed","template":"","meta":{"jetpack_post_was_ever_published":false},"product_brand":[],"product_cat":[193,195,727],"product_tag":[],"giftcard-category":[],"class_list":{"0":"post-127491","1":"product","2":"type-product","3":"status-publish","4":"has-post-thumbnail","6":"product_cat-bronzallure","7":"product_cat-bronzallure-necklaces","8":"product_cat-necklaces","9":"pa_material-golden-rose","10":"pa_metal-color-rose-gold","11":"pa_product-brand-bronzallure","12":"pa_stone-color-white","13":"pa_type-category-necklaces","15":"first","16":"instock","17":"featured","18":"taxable","19":"shipping-taxable","20":"purchasable","21":"product-type-simple"},"bundled_by":[],"bundle_stock_status":"instock","bundle_stock_quantity":3,"bundle_virtual":false,"bundle_layout":"","bundle_add_to_cart_form_location":"","bundle_editable_in_cart":false,"bundle_sold_individually_context":"","bundle_item_grouping":"","bundle_min_size":"","bundle_max_size":"","bundle_price":[],"bundled_items":[],"bundle_sell_ids":[],"etheme_brands":{"errors":{"invalid_taxonomy":["Lubamatu taksonoomia."]},"error_data":[]},"_links":{"self":[{"href":"https:\/\/glamuur.ee\/et\/wp-json\/wp\/v2\/product\/127491","targetHints":{"allow":["GET"]}}],"collection":[{"href":"https:\/\/glamuur.ee\/et\/wp-json\/wp\/v2\/product"}],"about":[{"href":"https:\/\/glamuur.ee\/et\/wp-json\/wp\/v2\/types\/product"}],"replies":[{"embeddable":true,"href":"https:\/\/glamuur.ee\/et\/wp-json\/wp\/v2\/comments?post=127491"}],"wp:featuredmedia":[{"embeddable":true,"href":"https:\/\/glamuur.ee\/et\/wp-json\/wp\/v2\/media\/127492"}],"wp:attachment":[{"href":"https:\/\/glamuur.ee\/et\/wp-json\/wp\/v2\/media?parent=127491"}],"wp:term":[{"taxonomy":"product_brand","embeddable":true,"href":"https:\/\/glamuur.ee\/et\/wp-json\/wp\/v2\/product_brand?post=127491"},{"taxonomy":"product_cat","embeddable":true,"href":"https:\/\/glamuur.ee\/et\/wp-json\/wp\/v2\/product_cat?post=127491"},{"taxonomy":"product_tag","embeddable":true,"href":"https:\/\/glamuur.ee\/et\/wp-json\/wp\/v2\/product_tag?post=127491"},{"taxonomy":"giftcard-category","embeddable":true,"href":"https:\/\/glamuur.ee\/et\/wp-json\/wp\/v2\/giftcard-category?post=127491"}],"curies":[{"name":"wp","href":"https:\/\/api.w.org\/{rel}","templated":true}]}}