{"id":127451,"date":"2023-02-28T17:17:49","date_gmt":"2023-02-28T17:17:49","guid":{"rendered":"https:\/\/dev.glamuur.ee\/product\/bronzallure-earrings-wsbz01264-wr\/"},"modified":"2026-01-26T16:25:34","modified_gmt":"2026-01-26T14:25:34","slug":"pronkskorvarongad-wsbz01264-wr","status":"publish","type":"product","link":"https:\/\/glamuur.ee\/et\/product\/bronzallure-earrings-wsbz01264-wr\/","title":{"rendered":"Bronzallure K\u00f5rvar\u00f5ngad"},"content":{"rendered":"<p>K\u00f5rvar\u00f5ngad kuubilise tsirkooniumiga valge, s\u00e4rav ja ainulaadne, on saadaval ka musta v\u00e4rvi ja valmistatud spinellist, mis on k\u00f5ige trendikam tume kivi s\u00e4ravate lahenduste jaoks, mida ka kaasaegsetes ehetes v\u00e4ga armastatakse. Need originaalsed k\u00f5rvar\u00f5ngad on ja 18 kt roosakullaga kaetud struktuuriga ning t\u00e4nu nende hoolikale mahule lisavad need teie v\u00e4limusele lihtsust ja elegantsi. \u00dchendage need klassikaliste tennise k\u00e4ev\u00f5rude, Altissima kollektsiooni solitaaride ja s\u00f5rmustega v\u00f5i Purezza kettide valikuga, looge oma ainulaadne ja v\u00e4ga isiklik stiil ning avastage meie e-kaubanduses ja valitud kauplustes uusimad trendid ja klassika. Saadaval on koosk\u00f5lastatud kaelakee koos ripatsiga.<br \/>\n- Golden Rose patenditud sulam 18KT roosakuldne pinnakate Sertifitseeritud looduslikud kivid Disainitud Made in Italy Nikli- ja kaadmiumivaba, h\u00fcpoallergeenne Pikkus 4,3 cm <\/p>","protected":false},"excerpt":{"rendered":"<p>Earrings with Cubic Zirconia in white, bright and unique, are also available in black and made of spinel, the trendiest dark stone for brilliant solutions, also much loved in contemporary jewelry. These original earrings have and 18kt rose gold plated structure and thanks to their&#8230;<\/p>","protected":false},"featured_media":127452,"comment_status":"open","ping_status":"closed","template":"","meta":{"jetpack_post_was_ever_published":false},"product_brand":[],"product_cat":[193,194,725,939,964,813],"product_tag":[],"giftcard-category":[],"class_list":{"0":"post-127451","1":"product","2":"type-product","3":"status-publish","4":"has-post-thumbnail","6":"product_cat-bronzallure","7":"product_cat-bronzallure-earrings","8":"product_cat-earrings","9":"product_cat-ti-sento-sale-europe","10":"product_cat-summer-sale-ti-sento","11":"product_cat-womens-day","12":"pa_material-golden-rose","13":"pa_metal-color-rose-gold","14":"pa_product-brand-bronzallure","15":"pa_stone-color-white","16":"pa_type-category-earrings","18":"first","19":"instock","20":"featured","21":"taxable","22":"shipping-taxable","23":"purchasable","24":"product-type-simple"},"bundled_by":[],"bundle_stock_status":"instock","bundle_stock_quantity":3,"bundle_virtual":false,"bundle_layout":"","bundle_add_to_cart_form_location":"","bundle_editable_in_cart":false,"bundle_sold_individually_context":"","bundle_item_grouping":"","bundle_min_size":"","bundle_max_size":"","bundle_price":[],"bundled_items":[],"bundle_sell_ids":[],"etheme_brands":{"errors":{"invalid_taxonomy":["Lubamatu taksonoomia."]},"error_data":[]},"_links":{"self":[{"href":"https:\/\/glamuur.ee\/et\/wp-json\/wp\/v2\/product\/127451","targetHints":{"allow":["GET"]}}],"collection":[{"href":"https:\/\/glamuur.ee\/et\/wp-json\/wp\/v2\/product"}],"about":[{"href":"https:\/\/glamuur.ee\/et\/wp-json\/wp\/v2\/types\/product"}],"replies":[{"embeddable":true,"href":"https:\/\/glamuur.ee\/et\/wp-json\/wp\/v2\/comments?post=127451"}],"wp:featuredmedia":[{"embeddable":true,"href":"https:\/\/glamuur.ee\/et\/wp-json\/wp\/v2\/media\/127452"}],"wp:attachment":[{"href":"https:\/\/glamuur.ee\/et\/wp-json\/wp\/v2\/media?parent=127451"}],"wp:term":[{"taxonomy":"product_brand","embeddable":true,"href":"https:\/\/glamuur.ee\/et\/wp-json\/wp\/v2\/product_brand?post=127451"},{"taxonomy":"product_cat","embeddable":true,"href":"https:\/\/glamuur.ee\/et\/wp-json\/wp\/v2\/product_cat?post=127451"},{"taxonomy":"product_tag","embeddable":true,"href":"https:\/\/glamuur.ee\/et\/wp-json\/wp\/v2\/product_tag?post=127451"},{"taxonomy":"giftcard-category","embeddable":true,"href":"https:\/\/glamuur.ee\/et\/wp-json\/wp\/v2\/giftcard-category?post=127451"}],"curies":[{"name":"wp","href":"https:\/\/api.w.org\/{rel}","templated":true}]}}