{"id":127341,"date":"2023-02-28T17:14:50","date_gmt":"2023-02-28T17:14:50","guid":{"rendered":"https:\/\/dev.glamuur.ee\/product\/bronzallure-necklace-wsbz01677-w\/"},"modified":"2026-01-26T16:40:10","modified_gmt":"2026-01-26T14:40:10","slug":"bronzallure-necklace-wsbz01677-w","status":"publish","type":"product","link":"https:\/\/glamuur.ee\/et\/product\/bronzallure-necklace-wsbz01677-w\/","title":{"rendered":"Bronzallure Kaelakee"},"content":{"rendered":"<p>Choker-kaelakee on kaunistatud valge kuubilise tsirkooniumiga v\u00f5i musta spinelliga pav\u00e9-silma ripatsiga. Ehtekivi kuldses roosas, Bronzallure'i enda 18-kilose roosakullaga kaetud sulamist, glamuurne ja rafineeritud, ideaalne, et muuta teie v\u00e4limus ainulaadseks. \u00dchendage see \u00f5nnelik kaelakee koosk\u00f5lastatud k\u00e4ev\u00f5ru ja k\u00f5rvar\u00f5ngastega v\u00f5i teiste Altissima kollektsiooni bijoux'idega.<br \/>\n- Golden Rose patenteeritud sulam 18k roosakuldne pinnakate Sertifitseeritud looduslikud kivid Disainitud Made in Italy Niklivaba, kaadmiumivaba, h\u00fcpoallergeenne Pikkus: 40,60 cm <\/p>","protected":false},"excerpt":{"rendered":"<p>The choker necklace is embellished with a pav\u00e9 eye pendant in white cubic zirconia or black spinel. A jewel in Golden Rose, Bronzallure&#8217;s proprietary alloy plated with 18K rose gold, glamorous and sophisticated, ideal for making your looks unique. Pair this lucky necklace with the&#8230;<\/p>","protected":false},"featured_media":127342,"comment_status":"open","ping_status":"closed","template":"","meta":{"jetpack_post_was_ever_published":false},"product_brand":[],"product_cat":[193,195,727,599],"product_tag":[],"giftcard-category":[],"class_list":{"0":"post-127341","1":"product","2":"type-product","3":"status-publish","4":"has-post-thumbnail","6":"product_cat-bronzallure","7":"product_cat-bronzallure-necklaces","8":"product_cat-necklaces","9":"product_cat-sale","10":"pa_material-golden-rose","11":"pa_metal-color-rose-gold","12":"pa_product-brand-bronzallure","13":"pa_stone-color-white","14":"pa_type-category-necklaces","16":"first","17":"instock","18":"featured","19":"taxable","20":"shipping-taxable","21":"purchasable","22":"product-type-simple"},"bundled_by":[],"bundle_stock_status":"instock","bundle_stock_quantity":2,"bundle_virtual":false,"bundle_layout":"","bundle_add_to_cart_form_location":"","bundle_editable_in_cart":false,"bundle_sold_individually_context":"","bundle_item_grouping":"","bundle_min_size":"","bundle_max_size":"","bundle_price":[],"bundled_items":[],"bundle_sell_ids":[],"etheme_brands":{"errors":{"invalid_taxonomy":["Lubamatu taksonoomia."]},"error_data":[]},"_links":{"self":[{"href":"https:\/\/glamuur.ee\/et\/wp-json\/wp\/v2\/product\/127341","targetHints":{"allow":["GET"]}}],"collection":[{"href":"https:\/\/glamuur.ee\/et\/wp-json\/wp\/v2\/product"}],"about":[{"href":"https:\/\/glamuur.ee\/et\/wp-json\/wp\/v2\/types\/product"}],"replies":[{"embeddable":true,"href":"https:\/\/glamuur.ee\/et\/wp-json\/wp\/v2\/comments?post=127341"}],"wp:featuredmedia":[{"embeddable":true,"href":"https:\/\/glamuur.ee\/et\/wp-json\/wp\/v2\/media\/127342"}],"wp:attachment":[{"href":"https:\/\/glamuur.ee\/et\/wp-json\/wp\/v2\/media?parent=127341"}],"wp:term":[{"taxonomy":"product_brand","embeddable":true,"href":"https:\/\/glamuur.ee\/et\/wp-json\/wp\/v2\/product_brand?post=127341"},{"taxonomy":"product_cat","embeddable":true,"href":"https:\/\/glamuur.ee\/et\/wp-json\/wp\/v2\/product_cat?post=127341"},{"taxonomy":"product_tag","embeddable":true,"href":"https:\/\/glamuur.ee\/et\/wp-json\/wp\/v2\/product_tag?post=127341"},{"taxonomy":"giftcard-category","embeddable":true,"href":"https:\/\/glamuur.ee\/et\/wp-json\/wp\/v2\/giftcard-category?post=127341"}],"curies":[{"name":"wp","href":"https:\/\/api.w.org\/{rel}","templated":true}]}}