{"id":127334,"date":"2023-02-28T17:14:39","date_gmt":"2023-02-28T17:14:39","guid":{"rendered":"https:\/\/dev.glamuur.ee\/product\/bronzallure-necklace-wsbz02096-w\/"},"modified":"2025-12-08T20:45:23","modified_gmt":"2025-12-08T18:45:23","slug":"pronksvalge-kaelakee-wsbz02096-w","status":"publish","type":"product","link":"https:\/\/glamuur.ee\/et\/product\/bronzallure-necklace-wsbz02096-w\/","title":{"rendered":"Bronzallure Kaelakee"},"content":{"rendered":"<p>Pronksvalge kaelakee kuubikuliste tsirkooniatega s\u00fcdamega, mis on valmistatud kuldse roosa sulami ja roosakullatud rolo ketiga, sealhulgas karabiinikinnitus ja pikendus. Elegantne looming t\u00e4iusliku disainiga, mis kaunistab teie v\u00e4limust. Sobib ideaalselt koos Altissima kollektsiooni laias valikus ehetega, mis on m\u00f5eldud eriliste s\u00fcndmuste jaoks v\u00f5i selleks, et anda igap\u00e4evaelule rafineeritust. 39CM + 6CM<\/p>","protected":false},"excerpt":{"rendered":"<p>Bronzallure necklace with a cubic zirconia heart, made with Golden Ros\u00e9 alloy and rose gold plated rolo chain, including lobster clasp and extender. Elegant creation with a perfect design to brighten up your look. Ideal for pairing with the wide range of jewelry in the&#8230;<\/p>","protected":false},"featured_media":127335,"comment_status":"open","ping_status":"closed","template":"","meta":{"jetpack_post_was_ever_published":false},"product_brand":[],"product_cat":[193,195,727,941],"product_tag":[],"giftcard-category":[],"class_list":{"0":"post-127334","1":"product","2":"type-product","3":"status-publish","4":"has-post-thumbnail","6":"product_cat-bronzallure","7":"product_cat-bronzallure-necklaces","8":"product_cat-necklaces","9":"product_cat-valentines-day","10":"pa_material-golden-rose","11":"pa_metal-color-rose-gold","12":"pa_product-brand-bronzallure","13":"pa_stone-color-white","14":"pa_type-category-necklaces","16":"first","17":"outofstock","18":"featured","19":"taxable","20":"shipping-taxable","21":"purchasable","22":"product-type-simple"},"bundled_by":[],"bundle_stock_status":"outofstock","bundle_stock_quantity":0,"bundle_virtual":false,"bundle_layout":"","bundle_add_to_cart_form_location":"","bundle_editable_in_cart":false,"bundle_sold_individually_context":"","bundle_item_grouping":"","bundle_min_size":"","bundle_max_size":"","bundle_price":[],"bundled_items":[],"bundle_sell_ids":[],"etheme_brands":{"errors":{"invalid_taxonomy":["Lubamatu taksonoomia."]},"error_data":[]},"_links":{"self":[{"href":"https:\/\/glamuur.ee\/et\/wp-json\/wp\/v2\/product\/127334","targetHints":{"allow":["GET"]}}],"collection":[{"href":"https:\/\/glamuur.ee\/et\/wp-json\/wp\/v2\/product"}],"about":[{"href":"https:\/\/glamuur.ee\/et\/wp-json\/wp\/v2\/types\/product"}],"replies":[{"embeddable":true,"href":"https:\/\/glamuur.ee\/et\/wp-json\/wp\/v2\/comments?post=127334"}],"wp:featuredmedia":[{"embeddable":true,"href":"https:\/\/glamuur.ee\/et\/wp-json\/wp\/v2\/media\/127335"}],"wp:attachment":[{"href":"https:\/\/glamuur.ee\/et\/wp-json\/wp\/v2\/media?parent=127334"}],"wp:term":[{"taxonomy":"product_brand","embeddable":true,"href":"https:\/\/glamuur.ee\/et\/wp-json\/wp\/v2\/product_brand?post=127334"},{"taxonomy":"product_cat","embeddable":true,"href":"https:\/\/glamuur.ee\/et\/wp-json\/wp\/v2\/product_cat?post=127334"},{"taxonomy":"product_tag","embeddable":true,"href":"https:\/\/glamuur.ee\/et\/wp-json\/wp\/v2\/product_tag?post=127334"},{"taxonomy":"giftcard-category","embeddable":true,"href":"https:\/\/glamuur.ee\/et\/wp-json\/wp\/v2\/giftcard-category?post=127334"}],"curies":[{"name":"wp","href":"https:\/\/api.w.org\/{rel}","templated":true}]}}