{"id":127056,"date":"2023-02-28T17:07:37","date_gmt":"2023-02-28T17:07:37","guid":{"rendered":"https:\/\/dev.glamuur.ee\/product\/bronzallure-necklace-wsbz01251-wq-sh\/"},"modified":"2026-02-23T14:30:16","modified_gmt":"2026-02-23T12:30:16","slug":"pronksvalge-kaelakee-wsbz01251-wq-sh","status":"publish","type":"product","link":"https:\/\/glamuur.ee\/et\/product\/bronzallure-necklace-wsbz01251-wq-sh\/","title":{"rendered":"Bronzallure Kaelakee"},"content":{"rendered":"<p>Oluline ja ajatu, valge kvartsiit teeb selle Bronzallure'i roosip\u00e4rja kaelakee ainulaadseks. 18 kt roosakullaga kaetud kuldne kuldne roosijuveel on saadaval kolmes erinevas pikkuses. Paari seda musta spinelliga must-valge v\u00e4limuse saavutamiseks v\u00f5i teiste heledate v\u00e4rvidega: loo oma isiklik stiil! Avastage k\u00f5ik roosiketi ehted meie e-kaubanduses.<br \/>\n- Golden Rose patenditud sulam 18KT roosakuldne pinnakate Sertifitseeritud looduslikud kivid Disainitud Made in Italy Niklivaba, kaadmiumivaba, h\u00fcpoallergeenne Pikkus: 14,96\u2033 + 1,18\u2033| 29,52\u2033 | 39,37\u2033 38CM+3CM<\/p>","protected":false},"excerpt":{"rendered":"<p>Essential and timeless, white quartzite makes this rosary necklace by Bronzallure unique. The 18kt rose gold plated Golden Rose jewelry comes in three different lengths. Pair it with the black spinel for a black and white look or with the others in bright colors: create&#8230;<\/p>","protected":false},"featured_media":127057,"comment_status":"open","ping_status":"closed","template":"","meta":{"jetpack_post_was_ever_published":false},"product_brand":[],"product_cat":[193,195,794,727],"product_tag":[],"giftcard-category":[],"class_list":{"0":"post-127056","1":"product","2":"type-product","3":"status-publish","4":"has-post-thumbnail","6":"product_cat-bronzallure","7":"product_cat-bronzallure-necklaces","8":"product_cat-gift-ideas-up-to-100e","9":"product_cat-necklaces","10":"pa_material-golden-rose","11":"pa_metal-color-rose-gold","12":"pa_product-brand-bronzallure","13":"pa_stone-color-white","14":"pa_type-category-necklaces","16":"first","17":"outofstock","18":"featured","19":"taxable","20":"shipping-taxable","21":"purchasable","22":"product-type-simple"},"bundled_by":[],"bundle_stock_status":"outofstock","bundle_stock_quantity":0,"bundle_virtual":false,"bundle_layout":"","bundle_add_to_cart_form_location":"","bundle_editable_in_cart":false,"bundle_sold_individually_context":"","bundle_item_grouping":"","bundle_min_size":"","bundle_max_size":"","bundle_price":[],"bundled_items":[],"bundle_sell_ids":[],"etheme_brands":{"errors":{"invalid_taxonomy":["Lubamatu taksonoomia."]},"error_data":[]},"_links":{"self":[{"href":"https:\/\/glamuur.ee\/et\/wp-json\/wp\/v2\/product\/127056","targetHints":{"allow":["GET"]}}],"collection":[{"href":"https:\/\/glamuur.ee\/et\/wp-json\/wp\/v2\/product"}],"about":[{"href":"https:\/\/glamuur.ee\/et\/wp-json\/wp\/v2\/types\/product"}],"replies":[{"embeddable":true,"href":"https:\/\/glamuur.ee\/et\/wp-json\/wp\/v2\/comments?post=127056"}],"wp:featuredmedia":[{"embeddable":true,"href":"https:\/\/glamuur.ee\/et\/wp-json\/wp\/v2\/media\/127057"}],"wp:attachment":[{"href":"https:\/\/glamuur.ee\/et\/wp-json\/wp\/v2\/media?parent=127056"}],"wp:term":[{"taxonomy":"product_brand","embeddable":true,"href":"https:\/\/glamuur.ee\/et\/wp-json\/wp\/v2\/product_brand?post=127056"},{"taxonomy":"product_cat","embeddable":true,"href":"https:\/\/glamuur.ee\/et\/wp-json\/wp\/v2\/product_cat?post=127056"},{"taxonomy":"product_tag","embeddable":true,"href":"https:\/\/glamuur.ee\/et\/wp-json\/wp\/v2\/product_tag?post=127056"},{"taxonomy":"giftcard-category","embeddable":true,"href":"https:\/\/glamuur.ee\/et\/wp-json\/wp\/v2\/giftcard-category?post=127056"}],"curies":[{"name":"wp","href":"https:\/\/api.w.org\/{rel}","templated":true}]}}