{"id":126760,"date":"2023-02-28T16:59:52","date_gmt":"2023-02-28T16:59:52","guid":{"rendered":"https:\/\/dev.glamuur.ee\/product\/bronzallure-bracelet-wsbz02023-red-lg\/"},"modified":"2026-02-23T14:31:04","modified_gmt":"2026-02-23T12:31:04","slug":"pronksvalge-kaevoru-wsbz02023-punane-lg","status":"publish","type":"product","link":"https:\/\/glamuur.ee\/et\/product\/bronzallure-bracelet-wsbz02023-red-lg\/","title":{"rendered":"Bronzallure K\u00e4ev\u00f5ru"},"content":{"rendered":"<p>Mitte tavaline tennis. See elegantse s\u00fcdameriviga 18 kt roosakullatud Golden Rose'i alusel valmistatud tennisemustriga k\u00e4ev\u00f5ru avaldab muljet oma elegantse romantilise disainiga, millel on s\u00fcdameelemendid ja turvakinnitus. Sobitage see koosk\u00f5lastatud s\u00fcdamega ehetega.<br \/>\n- Patenteeritud Golden Rose sulam 18K roosakuldne pinnakate Disainitud Made in Italy Niklivaba, kaadmiumivaba, h\u00fcpoallergeenne PIKKUVALT<\/p>","protected":false},"excerpt":{"rendered":"<p>Not the usual tennis. Crafted on an 18kt rose gold plated Golden Rose base with elegant row of hearts, this tennis pattern bracelet will impress with its elegant romantic design with heart elements and safety clasp. Match it with coordinating heart jewelry &#8211; Patented Golden&#8230;<\/p>","protected":false},"featured_media":126761,"comment_status":"open","ping_status":"closed","template":"","meta":{"jetpack_post_was_ever_published":false},"product_brand":[],"product_cat":[726,193,196,980,939,964,941],"product_tag":[942],"giftcard-category":[],"class_list":{"0":"post-126760","1":"product","2":"type-product","3":"status-publish","4":"has-post-thumbnail","6":"product_cat-bracelets","7":"product_cat-bronzallure","8":"product_cat-bronzallure-bracelets","9":"product_cat-ready-for-vacation","10":"product_cat-ti-sento-sale-europe","11":"product_cat-summer-sale-ti-sento","12":"product_cat-valentines-day","13":"product_tag-valentines-day","14":"pa_material-golden-rose","15":"pa_metal-color-rose-gold","16":"pa_product-brand-bronzallure","17":"pa_stone-color-red","18":"pa_type-category-bracelets","20":"first","21":"instock","22":"featured","23":"taxable","24":"shipping-taxable","25":"purchasable","26":"product-type-simple"},"bundled_by":[],"bundle_stock_status":"instock","bundle_stock_quantity":2,"bundle_virtual":false,"bundle_layout":"","bundle_add_to_cart_form_location":"","bundle_editable_in_cart":false,"bundle_sold_individually_context":"","bundle_item_grouping":"","bundle_min_size":"","bundle_max_size":"","bundle_price":[],"bundled_items":[],"bundle_sell_ids":[],"etheme_brands":{"errors":{"invalid_taxonomy":["Lubamatu taksonoomia."]},"error_data":[]},"_links":{"self":[{"href":"https:\/\/glamuur.ee\/et\/wp-json\/wp\/v2\/product\/126760","targetHints":{"allow":["GET"]}}],"collection":[{"href":"https:\/\/glamuur.ee\/et\/wp-json\/wp\/v2\/product"}],"about":[{"href":"https:\/\/glamuur.ee\/et\/wp-json\/wp\/v2\/types\/product"}],"replies":[{"embeddable":true,"href":"https:\/\/glamuur.ee\/et\/wp-json\/wp\/v2\/comments?post=126760"}],"wp:featuredmedia":[{"embeddable":true,"href":"https:\/\/glamuur.ee\/et\/wp-json\/wp\/v2\/media\/126761"}],"wp:attachment":[{"href":"https:\/\/glamuur.ee\/et\/wp-json\/wp\/v2\/media?parent=126760"}],"wp:term":[{"taxonomy":"product_brand","embeddable":true,"href":"https:\/\/glamuur.ee\/et\/wp-json\/wp\/v2\/product_brand?post=126760"},{"taxonomy":"product_cat","embeddable":true,"href":"https:\/\/glamuur.ee\/et\/wp-json\/wp\/v2\/product_cat?post=126760"},{"taxonomy":"product_tag","embeddable":true,"href":"https:\/\/glamuur.ee\/et\/wp-json\/wp\/v2\/product_tag?post=126760"},{"taxonomy":"giftcard-category","embeddable":true,"href":"https:\/\/glamuur.ee\/et\/wp-json\/wp\/v2\/giftcard-category?post=126760"}],"curies":[{"name":"wp","href":"https:\/\/api.w.org\/{rel}","templated":true}]}}