{"id":126756,"date":"2023-02-28T16:59:44","date_gmt":"2023-02-28T16:59:44","guid":{"rendered":"https:\/\/dev.glamuur.ee\/product\/bronzallure-necklace-wsbz00815-rdw\/"},"modified":"2025-04-30T16:54:23","modified_gmt":"2025-04-30T13:54:23","slug":"pronksvalge-kaelakee-wsbz00815-rdw","status":"publish","type":"product","link":"https:\/\/glamuur.ee\/et\/product\/bronzallure-necklace-wsbz00815-rdw\/","title":{"rendered":"Bronzallure Kaelakee"},"content":{"rendered":"<p>18K roosaga kullatud Golden Rose kaelakee, millel on \u00fcmmargune looduslik kivi ja kuubilise tsirkooniumiga ripats. See on eksimatult stiilne ja kergesti kantav ehe, mis annab stiilsust nii kontoris kui ka erilise \u00f5htu puhul. \u00dchendage see kaelakee sobiva kontrasts\u00f5rmuse v\u00f5i Preziosa kollektsiooni k\u00f5rvar\u00f5ngastega.<br \/>\n- Patenteeritud Golden Rose sulam 18k roosakuldne pinnakate Sertifitseeritud looduslikud kivid Disainitud Made in Italy Niklivaba, kaadmiumivaba, h\u00fcpoallergeenne Pikkus: 47 cm Kivi l\u00e4bim\u00f5\u00f5t: 12 mm 47CM<\/p>","protected":false},"excerpt":{"rendered":"<p>An 18K rose gold plated Golden Rose necklace with a round natural stone and cubic zirconia pendant. An unmistakably stylish and easy-to-wear piece of jewelry, it will bring a touch of class whether at the office or on a special night out. Pair this necklace&#8230;<\/p>","protected":false},"featured_media":126757,"comment_status":"open","ping_status":"closed","template":"","meta":{"jetpack_post_was_ever_published":false},"product_brand":[],"product_cat":[193,195,727,599,980,964],"product_tag":[],"giftcard-category":[],"class_list":{"0":"post-126756","1":"product","2":"type-product","3":"status-publish","4":"has-post-thumbnail","6":"product_cat-bronzallure","7":"product_cat-bronzallure-necklaces","8":"product_cat-necklaces","9":"product_cat-sale","10":"product_cat-ready-for-vacation","11":"product_cat-summer-sale-ti-sento","12":"pa_material-golden-rose","13":"pa_metal-color-rose-gold","14":"pa_product-brand-bronzallure","15":"pa_stone-color-red","16":"pa_type-category-necklaces","18":"first","19":"instock","20":"featured","21":"taxable","22":"shipping-taxable","23":"purchasable","24":"product-type-simple"},"bundled_by":[],"bundle_stock_status":"instock","bundle_stock_quantity":1,"bundle_virtual":false,"bundle_layout":"","bundle_add_to_cart_form_location":"","bundle_editable_in_cart":false,"bundle_sold_individually_context":"","bundle_item_grouping":"","bundle_min_size":"","bundle_max_size":"","bundle_price":[],"bundled_items":[],"bundle_sell_ids":[],"etheme_brands":{"errors":{"invalid_taxonomy":["Lubamatu taksonoomia."]},"error_data":[]},"_links":{"self":[{"href":"https:\/\/glamuur.ee\/et\/wp-json\/wp\/v2\/product\/126756","targetHints":{"allow":["GET"]}}],"collection":[{"href":"https:\/\/glamuur.ee\/et\/wp-json\/wp\/v2\/product"}],"about":[{"href":"https:\/\/glamuur.ee\/et\/wp-json\/wp\/v2\/types\/product"}],"replies":[{"embeddable":true,"href":"https:\/\/glamuur.ee\/et\/wp-json\/wp\/v2\/comments?post=126756"}],"wp:featuredmedia":[{"embeddable":true,"href":"https:\/\/glamuur.ee\/et\/wp-json\/wp\/v2\/media\/126757"}],"wp:attachment":[{"href":"https:\/\/glamuur.ee\/et\/wp-json\/wp\/v2\/media?parent=126756"}],"wp:term":[{"taxonomy":"product_brand","embeddable":true,"href":"https:\/\/glamuur.ee\/et\/wp-json\/wp\/v2\/product_brand?post=126756"},{"taxonomy":"product_cat","embeddable":true,"href":"https:\/\/glamuur.ee\/et\/wp-json\/wp\/v2\/product_cat?post=126756"},{"taxonomy":"product_tag","embeddable":true,"href":"https:\/\/glamuur.ee\/et\/wp-json\/wp\/v2\/product_tag?post=126756"},{"taxonomy":"giftcard-category","embeddable":true,"href":"https:\/\/glamuur.ee\/et\/wp-json\/wp\/v2\/giftcard-category?post=126756"}],"curies":[{"name":"wp","href":"https:\/\/api.w.org\/{rel}","templated":true}]}}