{"id":126708,"date":"2023-02-28T16:58:30","date_gmt":"2023-02-28T16:58:30","guid":{"rendered":"https:\/\/dev.glamuur.ee\/product\/bronzallure-bracelet-wsbz01745-rdw\/"},"modified":"2025-04-30T16:54:25","modified_gmt":"2025-04-30T13:54:25","slug":"pronksvalge-kaevoru-wsbz01745-rdw","status":"publish","type":"product","link":"https:\/\/glamuur.ee\/et\/product\/bronzallure-bracelet-wsbz01745-rdw\/","title":{"rendered":"Bronzallure K\u00e4ev\u00f5ru"},"content":{"rendered":"<p>See Bronzallure'i looduslikust kivist s\u00fcdamega k\u00e4ev\u00f5ru on ideaalne kingiidee s\u00f5brap\u00e4evaks. 18 kt roosakullatud Golden Rose'i alus sisaldab peenelt t\u00f6\u00f6deldud looduslikke kive, nagu must oon\u00fcks, punane kvartsiit v\u00f5i valge p\u00e4rl. \u00dchendage see koosk\u00f5lastatud k\u00f5rvar\u00f5ngaste ja s\u00f5rmustega v\u00f5i teiste kollektsiooni ehetega.<br \/>\n- Golden Rose patenditud sulam 18KT roosakuldne pinnakate Sertifitseeritud looduslikud kivid Disainitud Made in Italy Niklivaba, kaadmiumivaba, h\u00fcpoallergeenne Pikkus: 41,5 cm + 5,7 cm pikendus Kivi laius: 18 mm 19,10 CM + 3,81 CM<\/p>","protected":false},"excerpt":{"rendered":"<p>This natural stone heart charm bracelet by Bronzallure is a perfect gift idea for Valentine&#8217;s Day. The 18kt rose gold plated Golden Rose base incorporates finely crafted natural stones such as black onyx, red quartzite or white pearl. Pair it with the coordinating earrings and&#8230;<\/p>","protected":false},"featured_media":126709,"comment_status":"open","ping_status":"closed","template":"","meta":{"jetpack_post_was_ever_published":false},"product_brand":[],"product_cat":[726,193,196,599,980,939,964,941],"product_tag":[942],"giftcard-category":[],"class_list":{"0":"post-126708","1":"product","2":"type-product","3":"status-publish","4":"has-post-thumbnail","6":"product_cat-bracelets","7":"product_cat-bronzallure","8":"product_cat-bronzallure-bracelets","9":"product_cat-sale","10":"product_cat-ready-for-vacation","11":"product_cat-ti-sento-sale-europe","12":"product_cat-summer-sale-ti-sento","13":"product_cat-valentines-day","14":"product_tag-valentines-day","15":"pa_material-golden-rose","16":"pa_metal-color-rose-gold","17":"pa_product-brand-bronzallure","18":"pa_stone-color-red","19":"pa_type-category-bracelets","21":"first","22":"instock","23":"featured","24":"taxable","25":"shipping-taxable","26":"purchasable","27":"product-type-simple"},"bundled_by":[],"bundle_stock_status":"instock","bundle_stock_quantity":1,"bundle_virtual":false,"bundle_layout":"","bundle_add_to_cart_form_location":"","bundle_editable_in_cart":false,"bundle_sold_individually_context":"","bundle_item_grouping":"","bundle_min_size":"","bundle_max_size":"","bundle_price":[],"bundled_items":[],"bundle_sell_ids":[],"etheme_brands":{"errors":{"invalid_taxonomy":["Lubamatu taksonoomia."]},"error_data":[]},"_links":{"self":[{"href":"https:\/\/glamuur.ee\/et\/wp-json\/wp\/v2\/product\/126708","targetHints":{"allow":["GET"]}}],"collection":[{"href":"https:\/\/glamuur.ee\/et\/wp-json\/wp\/v2\/product"}],"about":[{"href":"https:\/\/glamuur.ee\/et\/wp-json\/wp\/v2\/types\/product"}],"replies":[{"embeddable":true,"href":"https:\/\/glamuur.ee\/et\/wp-json\/wp\/v2\/comments?post=126708"}],"wp:featuredmedia":[{"embeddable":true,"href":"https:\/\/glamuur.ee\/et\/wp-json\/wp\/v2\/media\/126709"}],"wp:attachment":[{"href":"https:\/\/glamuur.ee\/et\/wp-json\/wp\/v2\/media?parent=126708"}],"wp:term":[{"taxonomy":"product_brand","embeddable":true,"href":"https:\/\/glamuur.ee\/et\/wp-json\/wp\/v2\/product_brand?post=126708"},{"taxonomy":"product_cat","embeddable":true,"href":"https:\/\/glamuur.ee\/et\/wp-json\/wp\/v2\/product_cat?post=126708"},{"taxonomy":"product_tag","embeddable":true,"href":"https:\/\/glamuur.ee\/et\/wp-json\/wp\/v2\/product_tag?post=126708"},{"taxonomy":"giftcard-category","embeddable":true,"href":"https:\/\/glamuur.ee\/et\/wp-json\/wp\/v2\/giftcard-category?post=126708"}],"curies":[{"name":"wp","href":"https:\/\/api.w.org\/{rel}","templated":true}]}}