{"id":126666,"date":"2023-02-28T16:57:20","date_gmt":"2023-02-28T16:57:20","guid":{"rendered":"https:\/\/dev.glamuur.ee\/product\/bronzallure-necklace-wsbz01872-red\/"},"modified":"2025-04-30T16:54:27","modified_gmt":"2025-04-30T13:54:27","slug":"pronkskaelakee-wsbz01872-punane","status":"publish","type":"product","link":"https:\/\/glamuur.ee\/et\/product\/bronzallure-necklace-wsbz01872-red\/","title":{"rendered":"Bronzallure Kaelakee"},"content":{"rendered":"<p>See pikk kaelakee pakub k\u00f5iki teadmisi parimast Bronzallure tootmisest enneolematu disaini jaoks. Kolme l\u00fcliga struktuur, milles vahelduvad l\u00fchike element teemantkuubiku mustriga, looduskividega roosikivi moodi rida ja klassikaline sepistatud l\u00fcli. J\u00e4rjestus, mis sisaldab punast kvartsi v\u00f5i musta spinelli fassetiga \u00fcmmarguse ripatsiga v\u00f5lu. Sobitage seda koos teiste Variegated kollektsiooni bijoux'idega.<\/p><\/div>\n<p> 18K roosakas kullatud Sertifitseeritud looduslikud kivid Disainitud Made in Italy Niklivaba, kaadmiumivaba, h\u00fcpoallergeenne Pikkus: 59,70 cm L\u00e4bim\u00f5\u00f5t: 20 mm 59,70CM<\/p>","protected":false},"excerpt":{"rendered":"<p>This long necklace offers all the knowledge of the best Bronzallure manufacture for an unprecedented design. Three-link structure alternating a short element with a diamond cube pattern, a rosary-like row with natural stones and a classic forged link. A sequence that incorporates a red quartz&#8230;<\/p>","protected":false},"featured_media":126667,"comment_status":"open","ping_status":"closed","template":"","meta":{"jetpack_post_was_ever_published":false},"product_brand":[],"product_cat":[193,195,727,599,980,964],"product_tag":[],"giftcard-category":[],"class_list":{"0":"post-126666","1":"product","2":"type-product","3":"status-publish","4":"has-post-thumbnail","6":"product_cat-bronzallure","7":"product_cat-bronzallure-necklaces","8":"product_cat-necklaces","9":"product_cat-sale","10":"product_cat-ready-for-vacation","11":"product_cat-summer-sale-ti-sento","12":"pa_material-golden-rose","13":"pa_metal-color-rose-gold","14":"pa_product-brand-bronzallure","15":"pa_stone-color-red","16":"pa_type-category-necklaces","18":"first","19":"instock","20":"featured","21":"taxable","22":"shipping-taxable","23":"purchasable","24":"product-type-simple"},"bundled_by":[],"bundle_stock_status":"instock","bundle_stock_quantity":1,"bundle_virtual":false,"bundle_layout":"","bundle_add_to_cart_form_location":"","bundle_editable_in_cart":false,"bundle_sold_individually_context":"","bundle_item_grouping":"","bundle_min_size":"","bundle_max_size":"","bundle_price":[],"bundled_items":[],"bundle_sell_ids":[],"etheme_brands":{"errors":{"invalid_taxonomy":["Lubamatu taksonoomia."]},"error_data":[]},"_links":{"self":[{"href":"https:\/\/glamuur.ee\/et\/wp-json\/wp\/v2\/product\/126666","targetHints":{"allow":["GET"]}}],"collection":[{"href":"https:\/\/glamuur.ee\/et\/wp-json\/wp\/v2\/product"}],"about":[{"href":"https:\/\/glamuur.ee\/et\/wp-json\/wp\/v2\/types\/product"}],"replies":[{"embeddable":true,"href":"https:\/\/glamuur.ee\/et\/wp-json\/wp\/v2\/comments?post=126666"}],"wp:featuredmedia":[{"embeddable":true,"href":"https:\/\/glamuur.ee\/et\/wp-json\/wp\/v2\/media\/126667"}],"wp:attachment":[{"href":"https:\/\/glamuur.ee\/et\/wp-json\/wp\/v2\/media?parent=126666"}],"wp:term":[{"taxonomy":"product_brand","embeddable":true,"href":"https:\/\/glamuur.ee\/et\/wp-json\/wp\/v2\/product_brand?post=126666"},{"taxonomy":"product_cat","embeddable":true,"href":"https:\/\/glamuur.ee\/et\/wp-json\/wp\/v2\/product_cat?post=126666"},{"taxonomy":"product_tag","embeddable":true,"href":"https:\/\/glamuur.ee\/et\/wp-json\/wp\/v2\/product_tag?post=126666"},{"taxonomy":"giftcard-category","embeddable":true,"href":"https:\/\/glamuur.ee\/et\/wp-json\/wp\/v2\/giftcard-category?post=126666"}],"curies":[{"name":"wp","href":"https:\/\/api.w.org\/{rel}","templated":true}]}}