{"id":126407,"date":"2023-02-28T16:50:21","date_gmt":"2023-02-28T16:50:21","guid":{"rendered":"https:\/\/dev.glamuur.ee\/product\/bronzallure-bracelet-wsbz01979-w-long\/"},"modified":"2026-01-26T16:40:16","modified_gmt":"2026-01-26T14:40:16","slug":"pronksvalge-kaevoru-wsbz01979-w-pikk","status":"publish","type":"product","link":"https:\/\/glamuur.ee\/et\/product\/bronzallure-bracelet-wsbz01979-w-long\/","title":{"rendered":"Bronzallure K\u00e4ev\u00f5ru"},"content":{"rendered":"<p>Bronzallure'i Altissima kollektsiooni tennise k\u00e4ev\u00f5ru, millel on 18 kt roosakullatud alus Golden Rose ja rikkalik rida kuubiliste tsirkooniatega. Patenteeritud disain ja elegantsi garanteerib br\u00e4ndi Bronzallure. Ideaalne iga p\u00e4ev s\u00e4rava stiiliga<br \/>\n- Golden Rose patenteeritud sulam 18K roosakuldne pinnakate Kuubilised tsirkoonid Disainitud Itaalias Niklivaba, kaadmiumivaba, h\u00fcpoallergeeniline<\/p>","protected":false},"excerpt":{"rendered":"<p>Tennis bracelet from Altissima collection by Bronzallure with Golden Rose 18 Kt rose gold plated base and rich row of cubic zirconia. Patented design and elegance guaranteed by the brand Bronzallure. Ideal every day to shine with style &#8211; Golden Rose patented alloy 18K rose&#8230;<\/p>","protected":false},"featured_media":126408,"comment_status":"open","ping_status":"closed","template":"","meta":{"jetpack_post_was_ever_published":false},"product_brand":[],"product_cat":[726,193,196,968,980,939,964],"product_tag":[],"giftcard-category":[],"class_list":{"0":"post-126407","1":"product","2":"type-product","3":"status-publish","4":"has-post-thumbnail","6":"product_cat-bracelets","7":"product_cat-bronzallure","8":"product_cat-bronzallure-bracelets","9":"product_cat-mothers-day-2025-ti-sento","10":"product_cat-ready-for-vacation","11":"product_cat-ti-sento-sale-europe","12":"product_cat-summer-sale-ti-sento","13":"pa_material-golden-rose","14":"pa_metal-color-rose-gold","15":"pa_product-brand-bronzallure","16":"pa_stone-color-red","17":"pa_stone-color-white","18":"pa_type-category-bracelets","20":"first","21":"instock","22":"sale","23":"featured","24":"taxable","25":"shipping-taxable","26":"purchasable","27":"product-type-simple"},"bundled_by":[],"bundle_stock_status":"instock","bundle_stock_quantity":3,"bundle_virtual":false,"bundle_layout":"","bundle_add_to_cart_form_location":"","bundle_editable_in_cart":false,"bundle_sold_individually_context":"","bundle_item_grouping":"","bundle_min_size":"","bundle_max_size":"","bundle_price":[],"bundled_items":[],"bundle_sell_ids":[],"etheme_brands":{"errors":{"invalid_taxonomy":["Lubamatu taksonoomia."]},"error_data":[]},"_links":{"self":[{"href":"https:\/\/glamuur.ee\/et\/wp-json\/wp\/v2\/product\/126407","targetHints":{"allow":["GET"]}}],"collection":[{"href":"https:\/\/glamuur.ee\/et\/wp-json\/wp\/v2\/product"}],"about":[{"href":"https:\/\/glamuur.ee\/et\/wp-json\/wp\/v2\/types\/product"}],"replies":[{"embeddable":true,"href":"https:\/\/glamuur.ee\/et\/wp-json\/wp\/v2\/comments?post=126407"}],"wp:featuredmedia":[{"embeddable":true,"href":"https:\/\/glamuur.ee\/et\/wp-json\/wp\/v2\/media\/126408"}],"wp:attachment":[{"href":"https:\/\/glamuur.ee\/et\/wp-json\/wp\/v2\/media?parent=126407"}],"wp:term":[{"taxonomy":"product_brand","embeddable":true,"href":"https:\/\/glamuur.ee\/et\/wp-json\/wp\/v2\/product_brand?post=126407"},{"taxonomy":"product_cat","embeddable":true,"href":"https:\/\/glamuur.ee\/et\/wp-json\/wp\/v2\/product_cat?post=126407"},{"taxonomy":"product_tag","embeddable":true,"href":"https:\/\/glamuur.ee\/et\/wp-json\/wp\/v2\/product_tag?post=126407"},{"taxonomy":"giftcard-category","embeddable":true,"href":"https:\/\/glamuur.ee\/et\/wp-json\/wp\/v2\/giftcard-category?post=126407"}],"curies":[{"name":"wp","href":"https:\/\/api.w.org\/{rel}","templated":true}]}}