{"id":12631,"date":"2023-01-04T17:28:48","date_gmt":"2023-01-04T15:28:48","guid":{"rendered":"https:\/\/dev.glamuur.ee\/product\/ti-sento-milano-ear-charms-9164ps\/"},"modified":"2026-03-10T19:21:53","modified_gmt":"2026-03-10T17:21:53","slug":"ti-sento-milano-korva-volusid-9164ps","status":"publish","type":"product","link":"https:\/\/glamuur.ee\/et\/product\/ti-sento-milano-ear-charms-9164ps\/","title":{"rendered":"TI SENTO \u2013 Milano K\u00f5rvar\u00f5nga ripatsid"},"content":{"rendered":"<p>Need TI SENTO - Milano k\u00f5rvam\u00e4rgid on loodud valgete tsirkooniumide ja roosakvartsiga. Keskne kivi koosneb kahest kihist: p\u00e4rlmutterkihist ja s\u00fcnteetilisest kristallist pealmisest kihist. See kristall on paigutatud meie sisemise disainimeeskonna poolt karbisesse kinnitusse, mis on omakorda kaetud pav\u00e9-komplekti tsirkooniumidega. Ripats on valmistatud roodiumist sterlingh\u00f5bedast, mis annab k\u00f5rvar\u00f5ngale t\u00e4iendava l\u00e4ike ja pikendab selle eluiga. TI SENTO kollektsioonis on ka teisi esemeid, mida saab koos nende Ear Charms'idega kokku panna, et luua elegantne komplekt.<\/p>\n<p>Suurus \u00d8 11mm<\/p>","protected":false},"excerpt":{"rendered":"<p>These TI SENTO \u2013 Milano Ear Charms have been created with white zirconias and rose quartz. The central stone consists of two layers: a base layer of nacre and a top layer of synthetic crystal. This crystal has been placed by our in-house design team&#8230;<\/p>","protected":false},"featured_media":262158,"comment_status":"open","ping_status":"closed","template":"","meta":{"jetpack_post_was_ever_published":false},"product_brand":[],"product_cat":[728,794,979,980,939,964,72,144,152],"product_tag":[],"giftcard-category":[],"class_list":{"0":"post-12631","1":"product","2":"type-product","3":"status-publish","4":"has-post-thumbnail","6":"product_cat-ear-charms","7":"product_cat-gift-ideas-up-to-100e","8":"product_cat-graduation-2025","9":"product_cat-ready-for-vacation","10":"product_cat-ti-sento-sale-europe","11":"product_cat-summer-sale-ti-sento","12":"product_cat-ti-sento-milano","13":"product_cat-ti-sento-milano-ear-charms","14":"product_cat-ti-sento-milano-estonian-design","15":"pa_material-silver","16":"pa_metal-color-silver","17":"pa_product-brand-ti-sento-milano","18":"pa_stone-color-pink","19":"pa_type-category-ear-charms","21":"first","22":"instock","23":"featured","24":"taxable","25":"shipping-taxable","26":"purchasable","27":"product-type-simple"},"bundled_by":[],"bundle_stock_status":"instock","bundle_stock_quantity":2,"bundle_virtual":false,"bundle_layout":"","bundle_add_to_cart_form_location":"","bundle_editable_in_cart":false,"bundle_sold_individually_context":"","bundle_item_grouping":"","bundle_min_size":"","bundle_max_size":"","bundle_price":[],"bundled_items":[],"bundle_sell_ids":[],"etheme_brands":{"errors":{"invalid_taxonomy":["Lubamatu taksonoomia."]},"error_data":[]},"_links":{"self":[{"href":"https:\/\/glamuur.ee\/et\/wp-json\/wp\/v2\/product\/12631","targetHints":{"allow":["GET"]}}],"collection":[{"href":"https:\/\/glamuur.ee\/et\/wp-json\/wp\/v2\/product"}],"about":[{"href":"https:\/\/glamuur.ee\/et\/wp-json\/wp\/v2\/types\/product"}],"replies":[{"embeddable":true,"href":"https:\/\/glamuur.ee\/et\/wp-json\/wp\/v2\/comments?post=12631"}],"wp:featuredmedia":[{"embeddable":true,"href":"https:\/\/glamuur.ee\/et\/wp-json\/wp\/v2\/media\/262158"}],"wp:attachment":[{"href":"https:\/\/glamuur.ee\/et\/wp-json\/wp\/v2\/media?parent=12631"}],"wp:term":[{"taxonomy":"product_brand","embeddable":true,"href":"https:\/\/glamuur.ee\/et\/wp-json\/wp\/v2\/product_brand?post=12631"},{"taxonomy":"product_cat","embeddable":true,"href":"https:\/\/glamuur.ee\/et\/wp-json\/wp\/v2\/product_cat?post=12631"},{"taxonomy":"product_tag","embeddable":true,"href":"https:\/\/glamuur.ee\/et\/wp-json\/wp\/v2\/product_tag?post=12631"},{"taxonomy":"giftcard-category","embeddable":true,"href":"https:\/\/glamuur.ee\/et\/wp-json\/wp\/v2\/giftcard-category?post=12631"}],"curies":[{"name":"wp","href":"https:\/\/api.w.org\/{rel}","templated":true}]}}