{"id":12623,"date":"2023-01-04T17:28:43","date_gmt":"2023-01-04T15:28:43","guid":{"rendered":"https:\/\/dev.glamuur.ee\/product\/ti-sento-milano-ear-charms-9164ny\/"},"modified":"2026-02-16T14:11:32","modified_gmt":"2026-02-16T12:11:32","slug":"ti-sento-milano-korva-volusid-9164ny","status":"publish","type":"product","link":"https:\/\/glamuur.ee\/et\/product\/ti-sento-milano-ear-charms-9164ny\/","title":{"rendered":"TI SENTO \u2013 Milano K\u00f5rvar\u00f5nga ripatsid"},"content":{"rendered":"<p>Need TI SENTO - Milano k\u00f5rvaarmid on loodud valgetest ja sinistest tsirkooniatest. Keskne kivi koosneb kahest kihist: p\u00e4rlmutterkihist ja s\u00fcnteetilisest kristallist pealmisest kihist. See kristall on paigutatud meie sisemise disainimeeskonna poolt karbisesse kinnitusse, mis on omakorda kaetud pav\u00e9-komplekti tsirkooniumidega. Ripats on valmistatud roodiumist sterlingh\u00f5bedast, mis annab k\u00f5rvam\u00e4rkidele t\u00e4iendava l\u00e4ike ja pikendab nende eluiga. TI SENTO kollektsioonis on ka teisi esemeid, mida saab koos nende Ear Charms'idega kokku panna, et luua elegantne komplekt.<\/p>\n<p>Kollane kuld<\/p>\n<p>Suurus \u00d8 11mm<\/p>","protected":false},"excerpt":{"rendered":"<p>These TI SENTO \u2013 Milano Ear Charms have been created with white and blue zirconias. The central stone consists of two layers: a base layer of nacre and a top layer of synthetic crystal. This crystal has been placed by our in-house design team in&#8230;<\/p>","protected":false},"featured_media":262168,"comment_status":"open","ping_status":"closed","template":"","meta":{"jetpack_post_was_ever_published":false},"product_brand":[],"product_cat":[728,979,980,939,964,72,144,152],"product_tag":[],"giftcard-category":[],"class_list":{"0":"post-12623","1":"product","2":"type-product","3":"status-publish","4":"has-post-thumbnail","6":"product_cat-ear-charms","7":"product_cat-graduation-2025","8":"product_cat-ready-for-vacation","9":"product_cat-ti-sento-sale-europe","10":"product_cat-summer-sale-ti-sento","11":"product_cat-ti-sento-milano","12":"product_cat-ti-sento-milano-ear-charms","13":"product_cat-ti-sento-milano-estonian-design","14":"pa_material-silver","15":"pa_metal-color-yellow-gold","16":"pa_product-brand-ti-sento-milano","17":"pa_stone-color-turquoise","18":"pa_type-category-ear-charms","20":"first","21":"instock","22":"featured","23":"taxable","24":"shipping-taxable","25":"purchasable","26":"product-type-simple"},"bundled_by":[],"bundle_stock_status":"instock","bundle_stock_quantity":2,"bundle_virtual":false,"bundle_layout":"","bundle_add_to_cart_form_location":"","bundle_editable_in_cart":false,"bundle_sold_individually_context":"","bundle_item_grouping":"","bundle_min_size":"","bundle_max_size":"","bundle_price":[],"bundled_items":[],"bundle_sell_ids":[],"etheme_brands":{"errors":{"invalid_taxonomy":["Lubamatu taksonoomia."]},"error_data":[]},"_links":{"self":[{"href":"https:\/\/glamuur.ee\/et\/wp-json\/wp\/v2\/product\/12623","targetHints":{"allow":["GET"]}}],"collection":[{"href":"https:\/\/glamuur.ee\/et\/wp-json\/wp\/v2\/product"}],"about":[{"href":"https:\/\/glamuur.ee\/et\/wp-json\/wp\/v2\/types\/product"}],"replies":[{"embeddable":true,"href":"https:\/\/glamuur.ee\/et\/wp-json\/wp\/v2\/comments?post=12623"}],"wp:featuredmedia":[{"embeddable":true,"href":"https:\/\/glamuur.ee\/et\/wp-json\/wp\/v2\/media\/262168"}],"wp:attachment":[{"href":"https:\/\/glamuur.ee\/et\/wp-json\/wp\/v2\/media?parent=12623"}],"wp:term":[{"taxonomy":"product_brand","embeddable":true,"href":"https:\/\/glamuur.ee\/et\/wp-json\/wp\/v2\/product_brand?post=12623"},{"taxonomy":"product_cat","embeddable":true,"href":"https:\/\/glamuur.ee\/et\/wp-json\/wp\/v2\/product_cat?post=12623"},{"taxonomy":"product_tag","embeddable":true,"href":"https:\/\/glamuur.ee\/et\/wp-json\/wp\/v2\/product_tag?post=12623"},{"taxonomy":"giftcard-category","embeddable":true,"href":"https:\/\/glamuur.ee\/et\/wp-json\/wp\/v2\/giftcard-category?post=12623"}],"curies":[{"name":"wp","href":"https:\/\/api.w.org\/{rel}","templated":true}]}}