{"id":126215,"date":"2023-02-28T16:45:01","date_gmt":"2023-02-28T16:45:01","guid":{"rendered":"https:\/\/dev.glamuur.ee\/product\/bronzallure-earrings-wsbz01730-rdw\/"},"modified":"2025-04-30T16:54:42","modified_gmt":"2025-04-30T13:54:42","slug":"pronkskorvarongad-wsbz01730-rdw","status":"publish","type":"product","link":"https:\/\/glamuur.ee\/et\/product\/bronzallure-earrings-wsbz01730-rdw\/","title":{"rendered":"Bronzallure K\u00f5rvar\u00f5ngad"},"content":{"rendered":"<p>T\u00e4histage t\u00f5elist armastust nende looduslike kivist s\u00fcdamek\u00f5rvar\u00f5ngastega. Lihtsad ja \u00f5rnad, need 18 kt roosakullaga kaetud Golden Rose'i ehted on saadaval musta oon\u00fc\u00fcksi, valge p\u00e4rli v\u00f5i punase kvartsiidi kujul. Kandke neid iga p\u00e4ev, et lisada oma v\u00e4limusele romantikat. \u00dchendage need koosk\u00f5lastatud kaelakeedega v\u00f5i teiste Alba kollektsiooni loomingutega.  Golden Rose patineeritud sulam 18KT roosakuldne pinnakate Sertifitseeritud looduslikud kivid Disainitud Made in Italy Niklivaba, kaadmiumivaba, h\u00fcpoallergeenne Pikkus: 1,2 cm Laius: 1,3 cm <\/p>","protected":false},"excerpt":{"rendered":"<p>Celebrate true love with these natural stone heart earrings. Simple and delicate, these 18kt rose gold plated Golden Rose jewelry are offered in black onyx, white pearl or red quartzite. Wear them every day to add romance to your looks. Pair them with coordinating necklaces&#8230;<\/p>","protected":false},"featured_media":126216,"comment_status":"open","ping_status":"closed","template":"","meta":{"jetpack_post_was_ever_published":false},"product_brand":[],"product_cat":[193,194,725,599,980,939,964,941],"product_tag":[942],"giftcard-category":[],"class_list":{"0":"post-126215","1":"product","2":"type-product","3":"status-publish","4":"has-post-thumbnail","6":"product_cat-bronzallure","7":"product_cat-bronzallure-earrings","8":"product_cat-earrings","9":"product_cat-sale","10":"product_cat-ready-for-vacation","11":"product_cat-ti-sento-sale-europe","12":"product_cat-summer-sale-ti-sento","13":"product_cat-valentines-day","14":"product_tag-valentines-day","15":"pa_material-golden-rose","16":"pa_metal-color-rose-gold","17":"pa_product-brand-bronzallure","18":"pa_stone-color-red","19":"pa_type-category-earrings","21":"first","22":"instock","23":"featured","24":"taxable","25":"shipping-taxable","26":"purchasable","27":"product-type-simple"},"bundled_by":[],"bundle_stock_status":"instock","bundle_stock_quantity":4,"bundle_virtual":false,"bundle_layout":"","bundle_add_to_cart_form_location":"","bundle_editable_in_cart":false,"bundle_sold_individually_context":"","bundle_item_grouping":"","bundle_min_size":"","bundle_max_size":"","bundle_price":[],"bundled_items":[],"bundle_sell_ids":[],"etheme_brands":{"errors":{"invalid_taxonomy":["Lubamatu taksonoomia."]},"error_data":[]},"_links":{"self":[{"href":"https:\/\/glamuur.ee\/et\/wp-json\/wp\/v2\/product\/126215","targetHints":{"allow":["GET"]}}],"collection":[{"href":"https:\/\/glamuur.ee\/et\/wp-json\/wp\/v2\/product"}],"about":[{"href":"https:\/\/glamuur.ee\/et\/wp-json\/wp\/v2\/types\/product"}],"replies":[{"embeddable":true,"href":"https:\/\/glamuur.ee\/et\/wp-json\/wp\/v2\/comments?post=126215"}],"wp:featuredmedia":[{"embeddable":true,"href":"https:\/\/glamuur.ee\/et\/wp-json\/wp\/v2\/media\/126216"}],"wp:attachment":[{"href":"https:\/\/glamuur.ee\/et\/wp-json\/wp\/v2\/media?parent=126215"}],"wp:term":[{"taxonomy":"product_brand","embeddable":true,"href":"https:\/\/glamuur.ee\/et\/wp-json\/wp\/v2\/product_brand?post=126215"},{"taxonomy":"product_cat","embeddable":true,"href":"https:\/\/glamuur.ee\/et\/wp-json\/wp\/v2\/product_cat?post=126215"},{"taxonomy":"product_tag","embeddable":true,"href":"https:\/\/glamuur.ee\/et\/wp-json\/wp\/v2\/product_tag?post=126215"},{"taxonomy":"giftcard-category","embeddable":true,"href":"https:\/\/glamuur.ee\/et\/wp-json\/wp\/v2\/giftcard-category?post=126215"}],"curies":[{"name":"wp","href":"https:\/\/api.w.org\/{rel}","templated":true}]}}