{"id":126187,"date":"2023-02-28T16:44:17","date_gmt":"2023-02-28T16:44:17","guid":{"rendered":"https:\/\/dev.glamuur.ee\/product\/bronzallure-necklace-wsbz02011-red\/"},"modified":"2026-02-13T12:50:16","modified_gmt":"2026-02-13T10:50:16","slug":"pronkskaelakee-wsbz02011-punane","status":"publish","type":"product","link":"https:\/\/glamuur.ee\/et\/product\/bronzallure-necklace-wsbz02011-red\/","title":{"rendered":"Bronzallure Kaelakee"},"content":{"rendered":"<p>Bronzallure kaelakee kolme s\u00fcdamega, mis on valmistatud kuldse roosa sulamiga ja roosakullatud rolo ketiga, sealhulgas karabiinikinnitus ja reguleeritav pikkus kolme konksu abil. Elegantne looming, mille gradientne disain sobib ideaalselt teie riiete dekoltee r\u00f5hutamiseks. Sobib ideaalselt koos Altissima kollektsiooni laias valikus ehetega, mis on m\u00f5eldud eriliste s\u00fcndmuste jaoks v\u00f5i selleks, et anda igap\u00e4evaelule rafineeritust. 47CM<\/p>","protected":false},"excerpt":{"rendered":"<p>Bronzallure necklace with three hearts in cubic zirconia made with Golden Ros\u00e9 alloy and rose gold plated rolo chain, including lobster clasp and adjustable length by three hooks. Elegant creation, with a gradient design perfect to enhance the neckline of your clothes. Ideal for pairing&#8230;<\/p>","protected":false},"featured_media":126188,"comment_status":"open","ping_status":"closed","template":"","meta":{"jetpack_post_was_ever_published":false},"product_brand":[],"product_cat":[193,195,727,980,964,941],"product_tag":[],"giftcard-category":[],"class_list":{"0":"post-126187","1":"product","2":"type-product","3":"status-publish","4":"has-post-thumbnail","6":"product_cat-bronzallure","7":"product_cat-bronzallure-necklaces","8":"product_cat-necklaces","9":"product_cat-ready-for-vacation","10":"product_cat-summer-sale-ti-sento","11":"product_cat-valentines-day","12":"pa_material-golden-rose","13":"pa_metal-color-rose-gold","14":"pa_product-brand-bronzallure","15":"pa_stone-color-red","16":"pa_type-category-necklaces","18":"first","19":"instock","20":"featured","21":"taxable","22":"shipping-taxable","23":"purchasable","24":"product-type-simple"},"bundled_by":[],"bundle_stock_status":"instock","bundle_stock_quantity":3,"bundle_virtual":false,"bundle_layout":"","bundle_add_to_cart_form_location":"","bundle_editable_in_cart":false,"bundle_sold_individually_context":"","bundle_item_grouping":"","bundle_min_size":"","bundle_max_size":"","bundle_price":[],"bundled_items":[],"bundle_sell_ids":[],"etheme_brands":{"errors":{"invalid_taxonomy":["Lubamatu taksonoomia."]},"error_data":[]},"_links":{"self":[{"href":"https:\/\/glamuur.ee\/et\/wp-json\/wp\/v2\/product\/126187","targetHints":{"allow":["GET"]}}],"collection":[{"href":"https:\/\/glamuur.ee\/et\/wp-json\/wp\/v2\/product"}],"about":[{"href":"https:\/\/glamuur.ee\/et\/wp-json\/wp\/v2\/types\/product"}],"replies":[{"embeddable":true,"href":"https:\/\/glamuur.ee\/et\/wp-json\/wp\/v2\/comments?post=126187"}],"wp:featuredmedia":[{"embeddable":true,"href":"https:\/\/glamuur.ee\/et\/wp-json\/wp\/v2\/media\/126188"}],"wp:attachment":[{"href":"https:\/\/glamuur.ee\/et\/wp-json\/wp\/v2\/media?parent=126187"}],"wp:term":[{"taxonomy":"product_brand","embeddable":true,"href":"https:\/\/glamuur.ee\/et\/wp-json\/wp\/v2\/product_brand?post=126187"},{"taxonomy":"product_cat","embeddable":true,"href":"https:\/\/glamuur.ee\/et\/wp-json\/wp\/v2\/product_cat?post=126187"},{"taxonomy":"product_tag","embeddable":true,"href":"https:\/\/glamuur.ee\/et\/wp-json\/wp\/v2\/product_tag?post=126187"},{"taxonomy":"giftcard-category","embeddable":true,"href":"https:\/\/glamuur.ee\/et\/wp-json\/wp\/v2\/giftcard-category?post=126187"}],"curies":[{"name":"wp","href":"https:\/\/api.w.org\/{rel}","templated":true}]}}