{"id":12568,"date":"2023-01-04T15:28:09","date_gmt":"2023-01-04T15:28:09","guid":{"rendered":"https:\/\/dev.glamuur.ee\/product\/ti-sento-milano-ear-charms-9146pr\/"},"modified":"2026-04-20T13:30:06","modified_gmt":"2026-04-20T10:30:06","slug":"ti-sento-milano-korva-volusid-9146pr","status":"publish","type":"product","link":"https:\/\/glamuur.ee\/et\/product\/ti-sento-milano-ear-charms-9146pr\/","title":{"rendered":"TI SENTO \u2013 Milano K\u00f5rvar\u00f5nga ripatsid"},"content":{"rendered":"<p>Need klassikalised TI SENTO - Milano k\u00f5rvam\u00e4rgid on tagasihoidlikud ja glamuursed. Neis on roosa pav\u00e9-komplektiga, briljantse l\u00f5ikega kuubikujulised tsirkooniad. Need k\u00f5rvar\u00f5ngad on valmistatud tippkvaliteediga roosakullatud sterlingh\u00f5bedast, mis s\u00e4ilitavad oma s\u00e4ra ja on vastupidavad kulumisele. Mix &amp; Match p\u00f5him\u00f5tte kohaselt saate neid kombineerida teiste TI SENTO kollektsiooni esemetega.<\/p>\n<p>K\u00f5ik TI SENTO - Milano ehted on kingituseks pakitud l\u00f5pmatu armastuse ja hoolega.<\/p>\n<p>&nbsp;<\/p>","protected":false},"excerpt":{"rendered":"<p>These classic TI SENTO &#8211; Milano Ear Charms are understated and glamorous. They feature pink pav\u00e9 set, brilliant-cut cubic zirconia. Created from top-quality rose gold plated sterling silver, these Ear Charms will retain their shine and resist wear. Under the Mix &#038; Match principle, you&#8230;<\/p>","protected":false},"featured_media":12569,"comment_status":"open","ping_status":"closed","template":"","meta":{"jetpack_post_was_ever_published":false},"product_brand":[],"product_cat":[728,794,979,980,939,964,72,144,152],"product_tag":[],"giftcard-category":[],"class_list":{"0":"post-12568","1":"product","2":"type-product","3":"status-publish","4":"has-post-thumbnail","6":"product_cat-ear-charms","7":"product_cat-gift-ideas-up-to-100e","8":"product_cat-graduation-2025","9":"product_cat-ready-for-vacation","10":"product_cat-ti-sento-sale-europe","11":"product_cat-summer-sale-ti-sento","12":"product_cat-ti-sento-milano","13":"product_cat-ti-sento-milano-ear-charms","14":"product_cat-ti-sento-milano-estonian-design","15":"pa_material-silver","16":"pa_metal-color-rose-gold","17":"pa_product-brand-ti-sento-milano","18":"pa_stone-color-pink","19":"pa_type-category-ear-charms","21":"first","22":"instock","23":"featured","24":"taxable","25":"shipping-taxable","26":"purchasable","27":"product-type-simple"},"bundled_by":["260598"],"bundle_stock_status":"instock","bundle_stock_quantity":19,"bundle_virtual":false,"bundle_layout":"","bundle_add_to_cart_form_location":"","bundle_editable_in_cart":false,"bundle_sold_individually_context":"","bundle_item_grouping":"","bundle_min_size":"","bundle_max_size":"","bundle_price":[],"bundled_items":[],"bundle_sell_ids":[],"etheme_brands":{"errors":{"invalid_taxonomy":["Lubamatu taksonoomia."]},"error_data":[]},"_links":{"self":[{"href":"https:\/\/glamuur.ee\/et\/wp-json\/wp\/v2\/product\/12568","targetHints":{"allow":["GET"]}}],"collection":[{"href":"https:\/\/glamuur.ee\/et\/wp-json\/wp\/v2\/product"}],"about":[{"href":"https:\/\/glamuur.ee\/et\/wp-json\/wp\/v2\/types\/product"}],"replies":[{"embeddable":true,"href":"https:\/\/glamuur.ee\/et\/wp-json\/wp\/v2\/comments?post=12568"}],"wp:featuredmedia":[{"embeddable":true,"href":"https:\/\/glamuur.ee\/et\/wp-json\/wp\/v2\/media\/12569"}],"wp:attachment":[{"href":"https:\/\/glamuur.ee\/et\/wp-json\/wp\/v2\/media?parent=12568"}],"wp:term":[{"taxonomy":"product_brand","embeddable":true,"href":"https:\/\/glamuur.ee\/et\/wp-json\/wp\/v2\/product_brand?post=12568"},{"taxonomy":"product_cat","embeddable":true,"href":"https:\/\/glamuur.ee\/et\/wp-json\/wp\/v2\/product_cat?post=12568"},{"taxonomy":"product_tag","embeddable":true,"href":"https:\/\/glamuur.ee\/et\/wp-json\/wp\/v2\/product_tag?post=12568"},{"taxonomy":"giftcard-category","embeddable":true,"href":"https:\/\/glamuur.ee\/et\/wp-json\/wp\/v2\/giftcard-category?post=12568"}],"curies":[{"name":"wp","href":"https:\/\/api.w.org\/{rel}","templated":true}]}}