{"id":12551,"date":"2023-01-04T15:27:57","date_gmt":"2023-01-04T15:27:57","guid":{"rendered":"https:\/\/dev.glamuur.ee\/product\/ti-sento-milano-ear-charms-9145zy\/"},"modified":"2026-04-08T14:50:12","modified_gmt":"2026-04-08T11:50:12","slug":"ti-sento-milano-korva-volusid-9145zy","status":"publish","type":"product","link":"https:\/\/glamuur.ee\/et\/product\/ti-sento-milano-ear-charms-9145zy\/","title":{"rendered":"TI SENTO \u2013 Milano K\u00f5rvar\u00f5nga ripatsid"},"content":{"rendered":"<p>Need s\u00e4delevad k\u00f5rvam\u00e4rgid TI SENTO - Milano on ideaalsed kokteilide jaoks. Kinnitus ja \u00fclemine aas on valmistatud kvaliteetsest kollase kullaga kaetud h\u00f5bedast ja neil on kauakestev k\u00f5rge l\u00e4ige. Alumine kinnitus sisaldab briljantse lihviga kuubikulist tsirkooniat, mida \u00fcmbritseb rida pisikesi k\u00e4sitsi paigaldatud pav\u00e9-kristalle. Need elegantsed k\u00f5rvam\u00e4rgid sobivad ideaalselt TI SENTO Mix &amp; Match ehte kontseptsiooni, mille on loonud kaubam\u00e4rgi andekas disainimeeskond.<\/p>\n<p>K\u00f5ik TI SENTO - Milano ehted on kingituseks pakitud l\u00f5pmatu armastuse ja hoolega.<\/p>","protected":false},"excerpt":{"rendered":"<p>These sparkling Ear Charms from TI SENTO &#8211; Milano are perfect for cocktails. A setting and upper loop are crafted from high-quality Yellow Gold plated sterling silver and feature a long-lasting high shine. The lower setting contains a brilliant-cut cubic zirconia surrounded by a row&#8230;<\/p>","protected":false},"featured_media":12552,"comment_status":"open","ping_status":"closed","template":"","meta":{"jetpack_post_was_ever_published":false},"product_brand":[],"product_cat":[728,794,979,939,964,72,144,152],"product_tag":[],"giftcard-category":[],"class_list":{"0":"post-12551","1":"product","2":"type-product","3":"status-publish","4":"has-post-thumbnail","6":"product_cat-ear-charms","7":"product_cat-gift-ideas-up-to-100e","8":"product_cat-graduation-2025","9":"product_cat-ti-sento-sale-europe","10":"product_cat-summer-sale-ti-sento","11":"product_cat-ti-sento-milano","12":"product_cat-ti-sento-milano-ear-charms","13":"product_cat-ti-sento-milano-estonian-design","14":"pa_material-silver","15":"pa_metal-color-yellow-gold","16":"pa_product-brand-ti-sento-milano","17":"pa_stone-color-white","18":"pa_type-category-ear-charms","20":"first","21":"instock","22":"featured","23":"taxable","24":"shipping-taxable","25":"purchasable","26":"product-type-simple"},"bundled_by":[],"bundle_stock_status":"instock","bundle_stock_quantity":4,"bundle_virtual":false,"bundle_layout":"","bundle_add_to_cart_form_location":"","bundle_editable_in_cart":false,"bundle_sold_individually_context":"","bundle_item_grouping":"","bundle_min_size":"","bundle_max_size":"","bundle_price":[],"bundled_items":[],"bundle_sell_ids":[],"etheme_brands":{"errors":{"invalid_taxonomy":["Lubamatu taksonoomia."]},"error_data":[]},"_links":{"self":[{"href":"https:\/\/glamuur.ee\/et\/wp-json\/wp\/v2\/product\/12551","targetHints":{"allow":["GET"]}}],"collection":[{"href":"https:\/\/glamuur.ee\/et\/wp-json\/wp\/v2\/product"}],"about":[{"href":"https:\/\/glamuur.ee\/et\/wp-json\/wp\/v2\/types\/product"}],"replies":[{"embeddable":true,"href":"https:\/\/glamuur.ee\/et\/wp-json\/wp\/v2\/comments?post=12551"}],"wp:featuredmedia":[{"embeddable":true,"href":"https:\/\/glamuur.ee\/et\/wp-json\/wp\/v2\/media\/12552"}],"wp:attachment":[{"href":"https:\/\/glamuur.ee\/et\/wp-json\/wp\/v2\/media?parent=12551"}],"wp:term":[{"taxonomy":"product_brand","embeddable":true,"href":"https:\/\/glamuur.ee\/et\/wp-json\/wp\/v2\/product_brand?post=12551"},{"taxonomy":"product_cat","embeddable":true,"href":"https:\/\/glamuur.ee\/et\/wp-json\/wp\/v2\/product_cat?post=12551"},{"taxonomy":"product_tag","embeddable":true,"href":"https:\/\/glamuur.ee\/et\/wp-json\/wp\/v2\/product_tag?post=12551"},{"taxonomy":"giftcard-category","embeddable":true,"href":"https:\/\/glamuur.ee\/et\/wp-json\/wp\/v2\/giftcard-category?post=12551"}],"curies":[{"name":"wp","href":"https:\/\/api.w.org\/{rel}","templated":true}]}}