{"id":125376,"date":"2023-02-28T16:23:47","date_gmt":"2023-02-28T16:23:47","guid":{"rendered":"https:\/\/dev.glamuur.ee\/product\/bronzallure-necklace-wsbz01792-bla\/"},"modified":"2025-04-30T16:55:05","modified_gmt":"2025-04-30T13:55:05","slug":"pronksvalge-kaelakee-wsbz01792-bla","status":"publish","type":"product","link":"https:\/\/glamuur.ee\/et\/product\/bronzallure-necklace-wsbz01792-bla\/","title":{"rendered":"Bronzallure Kaelakee"},"content":{"rendered":"<p>See Bronzallure'i pikk kaelakee sisaldab ruudukujulise loodusliku kivi ripatsit ja pav\u00e9 vastukomplekti. 18k roosakullatud Golden Rose ehe, millel on peenike kett rafineeritud ja elegantne. \u00dchendage see kaelakee Preziosa kollektsiooni koosk\u00f5lastatud s\u00f5rmuste ja teiste ehetega.<br \/>\n- Golden Rose patenteeritud sulam 18k roosakuldne pinnakate Sertifitseeritud looduslikud kivid Disainitud Made in Italy Niklivaba, kaadmiumivaba, h\u00fcpoallergeenne Pikkus: 76,20 cm + 5 cm pikendus Kivi laius: 3,5 cm 76,20 CM + 5,08 CM<\/p>","protected":false},"excerpt":{"rendered":"<p>This Bronzallure long necklace incorporates a square natural stone pendant and a pav\u00e9 counterlace. An 18k rose gold plated Golden Rose jewelry with a fine chain refined and elegant. Pair this necklace with coordinating rings and other jewelry from the Preziosa collection. &#8211; Golden Rose&#8230;<\/p>","protected":false},"featured_media":125377,"comment_status":"open","ping_status":"closed","template":"","meta":{"jetpack_post_was_ever_published":false},"product_brand":[],"product_cat":[193,195,727,980,939,964],"product_tag":[],"giftcard-category":[],"class_list":{"0":"post-125376","1":"product","2":"type-product","3":"status-publish","4":"has-post-thumbnail","6":"product_cat-bronzallure","7":"product_cat-bronzallure-necklaces","8":"product_cat-necklaces","9":"product_cat-ready-for-vacation","10":"product_cat-ti-sento-sale-europe","11":"product_cat-summer-sale-ti-sento","12":"pa_material-golden-rose","13":"pa_metal-color-rose-gold","14":"pa_product-brand-bronzallure","15":"pa_stone-color-purple","16":"pa_type-category-necklaces","18":"first","19":"instock","20":"featured","21":"taxable","22":"shipping-taxable","23":"purchasable","24":"product-type-simple"},"bundled_by":[],"bundle_stock_status":"instock","bundle_stock_quantity":2,"bundle_virtual":false,"bundle_layout":"","bundle_add_to_cart_form_location":"","bundle_editable_in_cart":false,"bundle_sold_individually_context":"","bundle_item_grouping":"","bundle_min_size":"","bundle_max_size":"","bundle_price":[],"bundled_items":[],"bundle_sell_ids":[],"etheme_brands":{"errors":{"invalid_taxonomy":["Lubamatu taksonoomia."]},"error_data":[]},"_links":{"self":[{"href":"https:\/\/glamuur.ee\/et\/wp-json\/wp\/v2\/product\/125376","targetHints":{"allow":["GET"]}}],"collection":[{"href":"https:\/\/glamuur.ee\/et\/wp-json\/wp\/v2\/product"}],"about":[{"href":"https:\/\/glamuur.ee\/et\/wp-json\/wp\/v2\/types\/product"}],"replies":[{"embeddable":true,"href":"https:\/\/glamuur.ee\/et\/wp-json\/wp\/v2\/comments?post=125376"}],"wp:featuredmedia":[{"embeddable":true,"href":"https:\/\/glamuur.ee\/et\/wp-json\/wp\/v2\/media\/125377"}],"wp:attachment":[{"href":"https:\/\/glamuur.ee\/et\/wp-json\/wp\/v2\/media?parent=125376"}],"wp:term":[{"taxonomy":"product_brand","embeddable":true,"href":"https:\/\/glamuur.ee\/et\/wp-json\/wp\/v2\/product_brand?post=125376"},{"taxonomy":"product_cat","embeddable":true,"href":"https:\/\/glamuur.ee\/et\/wp-json\/wp\/v2\/product_cat?post=125376"},{"taxonomy":"product_tag","embeddable":true,"href":"https:\/\/glamuur.ee\/et\/wp-json\/wp\/v2\/product_tag?post=125376"},{"taxonomy":"giftcard-category","embeddable":true,"href":"https:\/\/glamuur.ee\/et\/wp-json\/wp\/v2\/giftcard-category?post=125376"}],"curies":[{"name":"wp","href":"https:\/\/api.w.org\/{rel}","templated":true}]}}