{"id":125328,"date":"2023-02-28T16:22:22","date_gmt":"2023-02-28T16:22:22","guid":{"rendered":"https:\/\/dev.glamuur.ee\/product\/bronzallure-necklace-wsbz00520-r\/"},"modified":"2025-04-30T16:55:07","modified_gmt":"2025-04-30T13:55:07","slug":"pronksvalge-kaelakee-wsbz00520-r","status":"publish","type":"product","link":"https:\/\/glamuur.ee\/et\/product\/bronzallure-necklace-wsbz00520-r\/","title":{"rendered":"Bronzallure Kaelakee"},"content":{"rendered":"<p>Klassikaline, kuid samas eluj\u00f5uline, see roosakuldne kullatud kuldkettake kuldse roosaga koosneb vahelduvate horisontaalsete ja vertikaalsete \u00fcmmarguste l\u00fclide rafineeritud m\u00e4ngust ning valgete kuubikuliste tsirkooniumidega kaunistatud Luminosa-kvaliteedist. \u00dchendage see kaelakee koos sobiva k\u00e4ev\u00f5ruga, et saada stiilne komplekt, mis sobib nii ametlikele \u00fcritustele kui ka igap\u00e4evasele stiilile.<br \/>\n- Golden Rose patenditud sulam 18KT roosakuldne pinnakate Sertifitseeritud looduslikud kivid Disainitud Made in Italy Niklivaba, kaadmiumivaba, h\u00fcpoallergeenne 50,80CM<\/p>","protected":false},"excerpt":{"rendered":"<p>Classic yet vibrant, this rose gold-plated choker in Golden Rose is composed of a refined play of alternating horizontal and vertical round links, and luminous white cubic zirconia details, Luminosa quality. Pair this necklace with the matching bracelet for a classy set, perfect from formal&#8230;<\/p>","protected":false},"featured_media":125329,"comment_status":"open","ping_status":"closed","template":"","meta":{"jetpack_post_was_ever_published":false},"product_brand":[],"product_cat":[193,195,727,939,964],"product_tag":[],"giftcard-category":[],"class_list":{"0":"post-125328","1":"product","2":"type-product","3":"status-publish","4":"has-post-thumbnail","6":"product_cat-bronzallure","7":"product_cat-bronzallure-necklaces","8":"product_cat-necklaces","9":"product_cat-ti-sento-sale-europe","10":"product_cat-summer-sale-ti-sento","11":"pa_material-golden-rose","12":"pa_metal-color-rose-gold","13":"pa_product-brand-bronzallure","14":"pa_stone-color-white","15":"pa_type-category-necklaces","17":"first","18":"instock","19":"featured","20":"taxable","21":"shipping-taxable","22":"purchasable","23":"product-type-simple"},"bundled_by":[],"bundle_stock_status":"instock","bundle_stock_quantity":1,"bundle_virtual":false,"bundle_layout":"","bundle_add_to_cart_form_location":"","bundle_editable_in_cart":false,"bundle_sold_individually_context":"","bundle_item_grouping":"","bundle_min_size":"","bundle_max_size":"","bundle_price":[],"bundled_items":[],"bundle_sell_ids":[],"etheme_brands":{"errors":{"invalid_taxonomy":["Lubamatu taksonoomia."]},"error_data":[]},"_links":{"self":[{"href":"https:\/\/glamuur.ee\/et\/wp-json\/wp\/v2\/product\/125328","targetHints":{"allow":["GET"]}}],"collection":[{"href":"https:\/\/glamuur.ee\/et\/wp-json\/wp\/v2\/product"}],"about":[{"href":"https:\/\/glamuur.ee\/et\/wp-json\/wp\/v2\/types\/product"}],"replies":[{"embeddable":true,"href":"https:\/\/glamuur.ee\/et\/wp-json\/wp\/v2\/comments?post=125328"}],"wp:featuredmedia":[{"embeddable":true,"href":"https:\/\/glamuur.ee\/et\/wp-json\/wp\/v2\/media\/125329"}],"wp:attachment":[{"href":"https:\/\/glamuur.ee\/et\/wp-json\/wp\/v2\/media?parent=125328"}],"wp:term":[{"taxonomy":"product_brand","embeddable":true,"href":"https:\/\/glamuur.ee\/et\/wp-json\/wp\/v2\/product_brand?post=125328"},{"taxonomy":"product_cat","embeddable":true,"href":"https:\/\/glamuur.ee\/et\/wp-json\/wp\/v2\/product_cat?post=125328"},{"taxonomy":"product_tag","embeddable":true,"href":"https:\/\/glamuur.ee\/et\/wp-json\/wp\/v2\/product_tag?post=125328"},{"taxonomy":"giftcard-category","embeddable":true,"href":"https:\/\/glamuur.ee\/et\/wp-json\/wp\/v2\/giftcard-category?post=125328"}],"curies":[{"name":"wp","href":"https:\/\/api.w.org\/{rel}","templated":true}]}}