{"id":125320,"date":"2023-02-28T16:22:06","date_gmt":"2023-02-28T16:22:06","guid":{"rendered":"https:\/\/dev.glamuur.ee\/product\/bronzallure-necklace-wsbz01777-r\/"},"modified":"2025-04-30T16:55:08","modified_gmt":"2025-04-30T13:55:08","slug":"pronksvalge-kaelakee-wsbz01777-r","status":"publish","type":"product","link":"https:\/\/glamuur.ee\/et\/product\/bronzallure-necklace-wsbz01777-r\/","title":{"rendered":"Bronzallure Kaelakee"},"content":{"rendered":"<p>Purezza pikk kaelakee on valmistatud 18 kt roosakullatud kuldkangast Golden Rose. \u00dchendage see koosk\u00f5lastatud k\u00f5rvar\u00f5ngaste ja k\u00e4ev\u00f5ruga ning kollektsioonis saadaval olevate graafiliste ja lineaarsete bijoux'idega. K\u00fclastage meie e-kaubandust ja valitud kauplusi, et saada ainulaadne ehteelamus.<br \/>\n- Golden Rose patenditud sulam 18KT roosakuldne pinnakate Elusvee kultuurp\u00e4rlid Disainitud Made in Italy Niklivaba, kaadmiumivaba, h\u00fcpoallergeenne Pikkus: 62 cm + 2,50 cm pikendus. <\/p>","protected":false},"excerpt":{"rendered":"<p>The Purezza curb chain long necklace is crafted in 18kt rose gold plated Golden Rose. Pair it with coordinating earrings and bracelet as well as the graphic and linear bijoux available in the collection. Visit our e-commerce and select stores for a unique jewelry experience&#8230;.<\/p>","protected":false},"featured_media":125321,"comment_status":"open","ping_status":"closed","template":"","meta":{"jetpack_post_was_ever_published":false},"product_brand":[],"product_cat":[193,195,727,599],"product_tag":[],"giftcard-category":[],"class_list":{"0":"post-125320","1":"product","2":"type-product","3":"status-publish","4":"has-post-thumbnail","6":"product_cat-bronzallure","7":"product_cat-bronzallure-necklaces","8":"product_cat-necklaces","9":"product_cat-sale","10":"pa_material-golden-rose","11":"pa_metal-color-rose-gold","12":"pa_product-brand-bronzallure","13":"pa_stone-color-without-stones","14":"pa_type-category-necklaces","16":"first","17":"instock","18":"featured","19":"taxable","20":"shipping-taxable","21":"purchasable","22":"product-type-simple"},"bundled_by":[],"bundle_stock_status":"instock","bundle_stock_quantity":1,"bundle_virtual":false,"bundle_layout":"","bundle_add_to_cart_form_location":"","bundle_editable_in_cart":false,"bundle_sold_individually_context":"","bundle_item_grouping":"","bundle_min_size":"","bundle_max_size":"","bundle_price":[],"bundled_items":[],"bundle_sell_ids":[],"etheme_brands":{"errors":{"invalid_taxonomy":["Lubamatu taksonoomia."]},"error_data":[]},"_links":{"self":[{"href":"https:\/\/glamuur.ee\/et\/wp-json\/wp\/v2\/product\/125320","targetHints":{"allow":["GET"]}}],"collection":[{"href":"https:\/\/glamuur.ee\/et\/wp-json\/wp\/v2\/product"}],"about":[{"href":"https:\/\/glamuur.ee\/et\/wp-json\/wp\/v2\/types\/product"}],"replies":[{"embeddable":true,"href":"https:\/\/glamuur.ee\/et\/wp-json\/wp\/v2\/comments?post=125320"}],"wp:featuredmedia":[{"embeddable":true,"href":"https:\/\/glamuur.ee\/et\/wp-json\/wp\/v2\/media\/125321"}],"wp:attachment":[{"href":"https:\/\/glamuur.ee\/et\/wp-json\/wp\/v2\/media?parent=125320"}],"wp:term":[{"taxonomy":"product_brand","embeddable":true,"href":"https:\/\/glamuur.ee\/et\/wp-json\/wp\/v2\/product_brand?post=125320"},{"taxonomy":"product_cat","embeddable":true,"href":"https:\/\/glamuur.ee\/et\/wp-json\/wp\/v2\/product_cat?post=125320"},{"taxonomy":"product_tag","embeddable":true,"href":"https:\/\/glamuur.ee\/et\/wp-json\/wp\/v2\/product_tag?post=125320"},{"taxonomy":"giftcard-category","embeddable":true,"href":"https:\/\/glamuur.ee\/et\/wp-json\/wp\/v2\/giftcard-category?post=125320"}],"curies":[{"name":"wp","href":"https:\/\/api.w.org\/{rel}","templated":true}]}}