{"id":125275,"date":"2023-02-28T16:21:05","date_gmt":"2023-02-28T16:21:05","guid":{"rendered":"https:\/\/dev.glamuur.ee\/product\/bronzallure-watch-wsbw00039-la\/"},"modified":"2025-04-30T16:55:09","modified_gmt":"2025-04-30T13:55:09","slug":"pronksikell-wsbw00039-la","status":"publish","type":"product","link":"https:\/\/glamuur.ee\/et\/product\/bronzallure-watch-wsbw00039-la\/","title":{"rendered":"Bronzallure K\u00e4ekell"},"content":{"rendered":"<p>Looduslikest kividest inspireeritud Alba kollektsiooni edule j\u00e4rgneb ideaalne aksessuaar teie p\u00e4evadeks: eri v\u00e4rvides sorteeritud keskmise suurusega k\u00e4ekell on veelgi unikaalsem t\u00e4nu v\u00f5imalusele kohandada nahast v\u00f5i terasest rihma, mida on lihtne vahetada. Avastage kogu kollektsiooni meie e-kaubanduses.<br \/>\n- Funktsioon: Liikumine: Ainult aeg: Kellaaja: Kvarts Mineraalklaas Korpuse laius: 32 mm X 37 mm Korpuse v\u00e4rvus: Roosakuldne Rihma materjal: Rihma v\u00e4rv: roosa kuld Rihma materjal: teras Rihma laius: 16 mm Rihma v\u00e4rv: roosa kuld Dial materjal: Roosa kuld: Looduslik kivi v\u00f5i p\u00e4rlmutter<\/p>","protected":false},"excerpt":{"rendered":"<p>From the success of the Alba collection inspired by natural stones comes a perfect accessory for your days: the medium watch, assorted in different colors, is made even more unique by the possibility to customize the leather or steel strap, easy to replace. Discover the&#8230;<\/p>","protected":false},"featured_media":125276,"comment_status":"open","ping_status":"closed","template":"","meta":{"jetpack_post_was_ever_published":false},"product_brand":[],"product_cat":[193,599,980,964,745],"product_tag":[],"giftcard-category":[],"class_list":{"0":"post-125275","1":"product","2":"type-product","3":"status-publish","4":"has-post-thumbnail","6":"product_cat-bronzallure","7":"product_cat-sale","8":"product_cat-ready-for-vacation","9":"product_cat-summer-sale-ti-sento","10":"product_cat-watches","11":"pa_material-golden-rose","12":"pa_metal-color-silver","13":"pa_product-brand-bronzallure","14":"pa_stone-color-pink","15":"pa_type-category-watches","17":"first","18":"instock","19":"featured","20":"taxable","21":"shipping-taxable","22":"purchasable","23":"product-type-simple"},"bundled_by":[],"bundle_stock_status":"instock","bundle_stock_quantity":1,"bundle_virtual":false,"bundle_layout":"","bundle_add_to_cart_form_location":"","bundle_editable_in_cart":false,"bundle_sold_individually_context":"","bundle_item_grouping":"","bundle_min_size":"","bundle_max_size":"","bundle_price":[],"bundled_items":[],"bundle_sell_ids":[],"etheme_brands":{"errors":{"invalid_taxonomy":["Lubamatu taksonoomia."]},"error_data":[]},"_links":{"self":[{"href":"https:\/\/glamuur.ee\/et\/wp-json\/wp\/v2\/product\/125275","targetHints":{"allow":["GET"]}}],"collection":[{"href":"https:\/\/glamuur.ee\/et\/wp-json\/wp\/v2\/product"}],"about":[{"href":"https:\/\/glamuur.ee\/et\/wp-json\/wp\/v2\/types\/product"}],"replies":[{"embeddable":true,"href":"https:\/\/glamuur.ee\/et\/wp-json\/wp\/v2\/comments?post=125275"}],"wp:featuredmedia":[{"embeddable":true,"href":"https:\/\/glamuur.ee\/et\/wp-json\/wp\/v2\/media\/125276"}],"wp:attachment":[{"href":"https:\/\/glamuur.ee\/et\/wp-json\/wp\/v2\/media?parent=125275"}],"wp:term":[{"taxonomy":"product_brand","embeddable":true,"href":"https:\/\/glamuur.ee\/et\/wp-json\/wp\/v2\/product_brand?post=125275"},{"taxonomy":"product_cat","embeddable":true,"href":"https:\/\/glamuur.ee\/et\/wp-json\/wp\/v2\/product_cat?post=125275"},{"taxonomy":"product_tag","embeddable":true,"href":"https:\/\/glamuur.ee\/et\/wp-json\/wp\/v2\/product_tag?post=125275"},{"taxonomy":"giftcard-category","embeddable":true,"href":"https:\/\/glamuur.ee\/et\/wp-json\/wp\/v2\/giftcard-category?post=125275"}],"curies":[{"name":"wp","href":"https:\/\/api.w.org\/{rel}","templated":true}]}}