{"id":125198,"date":"2023-02-28T16:19:05","date_gmt":"2023-02-28T16:19:05","guid":{"rendered":"https:\/\/dev.glamuur.ee\/product\/bronzallure-necklace-wsbz01965-r\/"},"modified":"2025-10-18T19:36:04","modified_gmt":"2025-10-18T16:36:04","slug":"pronksvalge-kaelakee-wsbz01965-r","status":"publish","type":"product","link":"https:\/\/glamuur.ee\/et\/product\/bronzallure-necklace-wsbz01965-r\/","title":{"rendered":"Bronzallure Kaelakee"},"content":{"rendered":"<p>See mitmepalgeline kaelakee on ainulaadne ehe. Klassikaline disain, mis on muudetud kaasaegses v\u00f5tmes, mis on praktiliseks tehtud magnetilise sulgemisega. Kandke igaks juhuks sobivat ehet ja valige mitmek\u00fclgselt allkirjastatud Bronzallure. Sobita kaelakee kokku sobivate k\u00f5rvar\u00f5ngaste ja teiste kollektsiooni kuuluvate ehetega.<br \/>\n- Patenteeritud Golden Rose sulam 18K roosakuldne pinnakate Sertifitseeritud looduslikud kivid Disainitud Itaalias Niklivaba, kaadmiumivaba, h\u00fcpoallergeenne Pikkus: 61 cm 24\u2033.<\/p>","protected":false},"excerpt":{"rendered":"<p>This multi-strand necklace is a unique piece of jewelry. A classic design revised in a modern key, made practical by the magnetic closure. Wear a jewel suitable for any occasion and choose the versatility signed Bronzallure. Match the necklace with the matching earrings and other&#8230;<\/p>","protected":false},"featured_media":125199,"comment_status":"open","ping_status":"closed","template":"","meta":{"jetpack_post_was_ever_published":false},"product_brand":[],"product_cat":[193,195,727,939,964],"product_tag":[],"giftcard-category":[],"class_list":{"0":"post-125198","1":"product","2":"type-product","3":"status-publish","4":"has-post-thumbnail","6":"product_cat-bronzallure","7":"product_cat-bronzallure-necklaces","8":"product_cat-necklaces","9":"product_cat-ti-sento-sale-europe","10":"product_cat-summer-sale-ti-sento","11":"pa_material-golden-rose","12":"pa_metal-color-rose-gold","13":"pa_product-brand-bronzallure","14":"pa_stone-color-without-stones","15":"pa_type-category-necklaces","17":"first","18":"instock","19":"featured","20":"taxable","21":"shipping-taxable","22":"purchasable","23":"product-type-simple"},"bundled_by":[],"bundle_stock_status":"instock","bundle_stock_quantity":1,"bundle_virtual":false,"bundle_layout":"","bundle_add_to_cart_form_location":"","bundle_editable_in_cart":false,"bundle_sold_individually_context":"","bundle_item_grouping":"","bundle_min_size":"","bundle_max_size":"","bundle_price":[],"bundled_items":[],"bundle_sell_ids":[],"etheme_brands":{"errors":{"invalid_taxonomy":["Lubamatu taksonoomia."]},"error_data":[]},"_links":{"self":[{"href":"https:\/\/glamuur.ee\/et\/wp-json\/wp\/v2\/product\/125198","targetHints":{"allow":["GET"]}}],"collection":[{"href":"https:\/\/glamuur.ee\/et\/wp-json\/wp\/v2\/product"}],"about":[{"href":"https:\/\/glamuur.ee\/et\/wp-json\/wp\/v2\/types\/product"}],"replies":[{"embeddable":true,"href":"https:\/\/glamuur.ee\/et\/wp-json\/wp\/v2\/comments?post=125198"}],"wp:featuredmedia":[{"embeddable":true,"href":"https:\/\/glamuur.ee\/et\/wp-json\/wp\/v2\/media\/125199"}],"wp:attachment":[{"href":"https:\/\/glamuur.ee\/et\/wp-json\/wp\/v2\/media?parent=125198"}],"wp:term":[{"taxonomy":"product_brand","embeddable":true,"href":"https:\/\/glamuur.ee\/et\/wp-json\/wp\/v2\/product_brand?post=125198"},{"taxonomy":"product_cat","embeddable":true,"href":"https:\/\/glamuur.ee\/et\/wp-json\/wp\/v2\/product_cat?post=125198"},{"taxonomy":"product_tag","embeddable":true,"href":"https:\/\/glamuur.ee\/et\/wp-json\/wp\/v2\/product_tag?post=125198"},{"taxonomy":"giftcard-category","embeddable":true,"href":"https:\/\/glamuur.ee\/et\/wp-json\/wp\/v2\/giftcard-category?post=125198"}],"curies":[{"name":"wp","href":"https:\/\/api.w.org\/{rel}","templated":true}]}}