{"id":125166,"date":"2023-02-28T16:18:05","date_gmt":"2023-02-28T16:18:05","guid":{"rendered":"https:\/\/dev.glamuur.ee\/product\/bronzallure-pendant-ring-wsbz01685-rm-14\/"},"modified":"2026-04-15T16:08:29","modified_gmt":"2026-04-15T13:08:29","slug":"pronksist-rippsormus-wsbz01685-rm-14","status":"publish","type":"product","link":"https:\/\/glamuur.ee\/et\/product\/bronzallure-pendant-ring-wsbz01685-rm-14\/","title":{"rendered":"Bronzallure Kaelakee"},"content":{"rendered":"<p>R\u00f5ngaga ripatsiga kaelakee on elegantne n\u00e4ide loovusest ja kaasaegsusest. Kuldse roosi ehe kaunistatud eemaldatava ripatsiga, mis on kaunistatud kuubilise tsirkooniumiga, nanokiviga v\u00f5i morganiitpav\u00e9ga. \u00dchendage see kaelakee Aurora kollektsiooni k\u00f5rvar\u00f5ngaste ja k\u00e4ev\u00f5rudega ning looge oma paruur.<br \/>\n- Patenteeritud Golden Rose sulam 18k roosakuldne pinnakate Sertifitseeritud looduslikud kivid Disainitud Made in Italy Nikli- ja kaadmiumivaba, h\u00fcpoallergeenne Pikkus: 81,30 cm 14<\/p>","protected":false},"excerpt":{"rendered":"<p>The ring pendant necklace is an elegant example of creativity and contemporaneity. A Golden Rose jewel embellished with a removable pendant embellished with cubic zirconia, nano gem or morganite pav\u00e9. Pair this necklace with earrings and bracelets from the Aurora collection and create your own&#8230;<\/p>","protected":false},"featured_media":125167,"comment_status":"open","ping_status":"closed","template":"","meta":{"jetpack_post_was_ever_published":false},"product_brand":[],"product_cat":[193,195,727,599,980,964],"product_tag":[],"giftcard-category":[],"class_list":{"0":"post-125166","1":"product","2":"type-product","3":"status-publish","4":"has-post-thumbnail","6":"product_cat-bronzallure","7":"product_cat-bronzallure-necklaces","8":"product_cat-necklaces","9":"product_cat-sale","10":"product_cat-ready-for-vacation","11":"product_cat-summer-sale-ti-sento","12":"pa_material-golden-rose","13":"pa_metal-color-rose-gold","14":"pa_product-brand-bronzallure","15":"pa_stone-color-pink","16":"pa_type-category-necklaces","18":"first","19":"instock","20":"featured","21":"taxable","22":"shipping-taxable","23":"purchasable","24":"product-type-simple"},"bundled_by":[],"bundle_stock_status":"instock","bundle_stock_quantity":1,"bundle_virtual":false,"bundle_layout":"","bundle_add_to_cart_form_location":"","bundle_editable_in_cart":false,"bundle_sold_individually_context":"","bundle_item_grouping":"","bundle_min_size":"","bundle_max_size":"","bundle_price":[],"bundled_items":[],"bundle_sell_ids":[],"etheme_brands":{"errors":{"invalid_taxonomy":["Lubamatu taksonoomia."]},"error_data":[]},"_links":{"self":[{"href":"https:\/\/glamuur.ee\/et\/wp-json\/wp\/v2\/product\/125166","targetHints":{"allow":["GET"]}}],"collection":[{"href":"https:\/\/glamuur.ee\/et\/wp-json\/wp\/v2\/product"}],"about":[{"href":"https:\/\/glamuur.ee\/et\/wp-json\/wp\/v2\/types\/product"}],"replies":[{"embeddable":true,"href":"https:\/\/glamuur.ee\/et\/wp-json\/wp\/v2\/comments?post=125166"}],"wp:featuredmedia":[{"embeddable":true,"href":"https:\/\/glamuur.ee\/et\/wp-json\/wp\/v2\/media\/125167"}],"wp:attachment":[{"href":"https:\/\/glamuur.ee\/et\/wp-json\/wp\/v2\/media?parent=125166"}],"wp:term":[{"taxonomy":"product_brand","embeddable":true,"href":"https:\/\/glamuur.ee\/et\/wp-json\/wp\/v2\/product_brand?post=125166"},{"taxonomy":"product_cat","embeddable":true,"href":"https:\/\/glamuur.ee\/et\/wp-json\/wp\/v2\/product_cat?post=125166"},{"taxonomy":"product_tag","embeddable":true,"href":"https:\/\/glamuur.ee\/et\/wp-json\/wp\/v2\/product_tag?post=125166"},{"taxonomy":"giftcard-category","embeddable":true,"href":"https:\/\/glamuur.ee\/et\/wp-json\/wp\/v2\/giftcard-category?post=125166"}],"curies":[{"name":"wp","href":"https:\/\/api.w.org\/{rel}","templated":true}]}}