{"id":124800,"date":"2023-02-28T16:07:38","date_gmt":"2023-02-28T16:07:38","guid":{"rendered":"https:\/\/dev.glamuur.ee\/product\/bronzallure-bracelet-wsbz01271-pm\/"},"modified":"2026-01-26T16:25:35","modified_gmt":"2026-01-26T14:25:35","slug":"pronksvalge-kaevoru-wsbz01271-pm","status":"publish","type":"product","link":"https:\/\/glamuur.ee\/et\/product\/bronzallure-bracelet-wsbz01271-pm\/","title":{"rendered":"Bronzallure K\u00e4ev\u00f5ru"},"content":{"rendered":"<p>Bronzallure'i neljalehelise ristikuga k\u00e4ev\u00f5ru on ideaalne ehe, mis t\u00e4iendab k\u00f5iki teie riideid. V\u00e4rviline ja originaalne, see 18 kt roosakuldse kullatud alusega bjuuks on kaunistatud loodusliku kiviga detailidega. Sobita seda sobivate s\u00f5rmustega v\u00f5i teiste Alba kollektsiooni loomingutega.<br \/>\n- Golden Rose patenditud sulam 18KT roosakuldne pinnakate Sertifitseeritud looduslikud kivid Disainitud Made in Italy Niklivaba, kaadmiumivaba, h\u00fcpoallergeenne Pikkus: 17,8 cm <\/p>","protected":false},"excerpt":{"rendered":"<p>The bangle with four-leaf clover by Bronzallure is the perfect jewel to complete all your outfits. Colorful and original, this bijoux with 18kt rose gold plated base is embellished with a natural stone detail. Match it with the matching rings or with the other creations&#8230;<\/p>","protected":false},"featured_media":124801,"comment_status":"open","ping_status":"closed","template":"","meta":{"jetpack_post_was_ever_published":false},"product_brand":[],"product_cat":[726,193,196,599,980,964],"product_tag":[],"giftcard-category":[],"class_list":{"0":"post-124800","1":"product","2":"type-product","3":"status-publish","4":"has-post-thumbnail","6":"product_cat-bracelets","7":"product_cat-bronzallure","8":"product_cat-bronzallure-bracelets","9":"product_cat-sale","10":"product_cat-ready-for-vacation","11":"product_cat-summer-sale-ti-sento","12":"pa_material-golden-rose","13":"pa_metal-color-rose-gold","14":"pa_product-brand-bronzallure","15":"pa_stone-color-pink","16":"pa_type-category-bracelets","18":"first","19":"instock","20":"featured","21":"taxable","22":"shipping-taxable","23":"purchasable","24":"product-type-simple"},"bundled_by":[],"bundle_stock_status":"instock","bundle_stock_quantity":6,"bundle_virtual":false,"bundle_layout":"","bundle_add_to_cart_form_location":"","bundle_editable_in_cart":false,"bundle_sold_individually_context":"","bundle_item_grouping":"","bundle_min_size":"","bundle_max_size":"","bundle_price":[],"bundled_items":[],"bundle_sell_ids":[],"etheme_brands":{"errors":{"invalid_taxonomy":["Lubamatu taksonoomia."]},"error_data":[]},"_links":{"self":[{"href":"https:\/\/glamuur.ee\/et\/wp-json\/wp\/v2\/product\/124800","targetHints":{"allow":["GET"]}}],"collection":[{"href":"https:\/\/glamuur.ee\/et\/wp-json\/wp\/v2\/product"}],"about":[{"href":"https:\/\/glamuur.ee\/et\/wp-json\/wp\/v2\/types\/product"}],"replies":[{"embeddable":true,"href":"https:\/\/glamuur.ee\/et\/wp-json\/wp\/v2\/comments?post=124800"}],"wp:featuredmedia":[{"embeddable":true,"href":"https:\/\/glamuur.ee\/et\/wp-json\/wp\/v2\/media\/124801"}],"wp:attachment":[{"href":"https:\/\/glamuur.ee\/et\/wp-json\/wp\/v2\/media?parent=124800"}],"wp:term":[{"taxonomy":"product_brand","embeddable":true,"href":"https:\/\/glamuur.ee\/et\/wp-json\/wp\/v2\/product_brand?post=124800"},{"taxonomy":"product_cat","embeddable":true,"href":"https:\/\/glamuur.ee\/et\/wp-json\/wp\/v2\/product_cat?post=124800"},{"taxonomy":"product_tag","embeddable":true,"href":"https:\/\/glamuur.ee\/et\/wp-json\/wp\/v2\/product_tag?post=124800"},{"taxonomy":"giftcard-category","embeddable":true,"href":"https:\/\/glamuur.ee\/et\/wp-json\/wp\/v2\/giftcard-category?post=124800"}],"curies":[{"name":"wp","href":"https:\/\/api.w.org\/{rel}","templated":true}]}}