{"id":124773,"date":"2023-02-28T16:06:57","date_gmt":"2023-02-28T16:06:57","guid":{"rendered":"https:\/\/dev.glamuur.ee\/product\/bronzallure-bracelet-wsbz01664-r\/"},"modified":"2026-02-23T14:30:21","modified_gmt":"2026-02-23T12:30:21","slug":"pronksvalge-kaevoru-wsbz01664-r","status":"publish","type":"product","link":"https:\/\/glamuur.ee\/et\/product\/bronzallure-bracelet-wsbz01664-r\/","title":{"rendered":"Bronzallure K\u00e4ev\u00f5ru"},"content":{"rendered":"<p>See Bronzallure k\u00e4ev\u00f5ru koos julge forzatina ketiga on teie stiililine liitlane. Bronzallure'i enda 18 kt roosakullaga kaetud sulamist Golden Rose'ist valmistatud ehe, mis sobib ideaalselt k\u00f5ige t\u00e4htsamateks s\u00fcndmusteks. Kandke seda, et olla ainulaadne, ja \u00fchendage see koosk\u00f5lastatud kaelakee v\u00f5i teiste Purezza kollektsiooni bijoux'idega.<br \/>\n- Kuldne roosiline patenditud sulam 18KT roosakuldne pinnakate Elusvee kultuurp\u00e4rlid Disainitud Made in Italy Niklivaba, kaadmiumivaba, h\u00fcpoallergeenne Pikkus: 19,10 cm 19,10CM<\/p>","protected":false},"excerpt":{"rendered":"<p>This Bronzallure bracelet with bold forzatina chain will be your style ally. A piece of jewelry in Golden Rose, Bronzallure&#8217;s proprietary 18kt rose gold plated alloy, perfect for the most important occasions. Wear it to be unique and pair it with the coordinating necklace or&#8230;<\/p>","protected":false},"featured_media":124774,"comment_status":"open","ping_status":"closed","template":"","meta":{"jetpack_post_was_ever_published":false},"product_brand":[],"product_cat":[726,193,196,939,964],"product_tag":[],"giftcard-category":[],"class_list":{"0":"post-124773","1":"product","2":"type-product","3":"status-publish","4":"has-post-thumbnail","6":"product_cat-bracelets","7":"product_cat-bronzallure","8":"product_cat-bronzallure-bracelets","9":"product_cat-ti-sento-sale-europe","10":"product_cat-summer-sale-ti-sento","11":"pa_material-golden-rose","12":"pa_metal-color-rose-gold","13":"pa_product-brand-bronzallure","14":"pa_stone-color-without-stones","15":"pa_type-category-bracelets","17":"first","18":"outofstock","19":"featured","20":"taxable","21":"shipping-taxable","22":"purchasable","23":"product-type-simple"},"bundled_by":[],"bundle_stock_status":"outofstock","bundle_stock_quantity":0,"bundle_virtual":false,"bundle_layout":"","bundle_add_to_cart_form_location":"","bundle_editable_in_cart":false,"bundle_sold_individually_context":"","bundle_item_grouping":"","bundle_min_size":"","bundle_max_size":"","bundle_price":[],"bundled_items":[],"bundle_sell_ids":[],"etheme_brands":{"errors":{"invalid_taxonomy":["Lubamatu taksonoomia."]},"error_data":[]},"_links":{"self":[{"href":"https:\/\/glamuur.ee\/et\/wp-json\/wp\/v2\/product\/124773","targetHints":{"allow":["GET"]}}],"collection":[{"href":"https:\/\/glamuur.ee\/et\/wp-json\/wp\/v2\/product"}],"about":[{"href":"https:\/\/glamuur.ee\/et\/wp-json\/wp\/v2\/types\/product"}],"replies":[{"embeddable":true,"href":"https:\/\/glamuur.ee\/et\/wp-json\/wp\/v2\/comments?post=124773"}],"wp:featuredmedia":[{"embeddable":true,"href":"https:\/\/glamuur.ee\/et\/wp-json\/wp\/v2\/media\/124774"}],"wp:attachment":[{"href":"https:\/\/glamuur.ee\/et\/wp-json\/wp\/v2\/media?parent=124773"}],"wp:term":[{"taxonomy":"product_brand","embeddable":true,"href":"https:\/\/glamuur.ee\/et\/wp-json\/wp\/v2\/product_brand?post=124773"},{"taxonomy":"product_cat","embeddable":true,"href":"https:\/\/glamuur.ee\/et\/wp-json\/wp\/v2\/product_cat?post=124773"},{"taxonomy":"product_tag","embeddable":true,"href":"https:\/\/glamuur.ee\/et\/wp-json\/wp\/v2\/product_tag?post=124773"},{"taxonomy":"giftcard-category","embeddable":true,"href":"https:\/\/glamuur.ee\/et\/wp-json\/wp\/v2\/giftcard-category?post=124773"}],"curies":[{"name":"wp","href":"https:\/\/api.w.org\/{rel}","templated":true}]}}