{"id":124551,"date":"2023-02-28T12:04:43","date_gmt":"2023-02-28T12:04:43","guid":{"rendered":"https:\/\/dev.glamuur.ee\/product\/bronzallure-necklace-wsbz01634-r\/"},"modified":"2025-04-30T16:55:37","modified_gmt":"2025-04-30T13:55:37","slug":"pronksvalge-kaelakee-wsbz01634-r","status":"publish","type":"product","link":"https:\/\/glamuur.ee\/et\/product\/bronzallure-necklace-wsbz01634-r\/","title":{"rendered":"Bronzallure Kaelakee"},"content":{"rendered":"<p>See kerge forzatina keti kaelakee \u00fchendab kullasepa klassiku Golden Rose'iga, mis on patenteeritud ja patenteeritud 18 kt roosakullatud sulam. \u00dchendage see moodne l\u00fclibjuuks koos Purezza kollektsiooni k\u00e4ev\u00f5rude ja s\u00f5rmustega ning t\u00e4iustage paruuri.<br \/>\n- Golden Rose patenditud sulam 18KT roosakuldne pinnakate Disainitud Made in Italy Niklivaba, kaadmiumivaba, h\u00fcpoallergeenne Pikkus: 86,40 cm<br \/>86,40CM<\/p>","protected":false},"excerpt":{"rendered":"<p>This lightweight forzatina chain necklace pairs a goldsmithing classic with the Golden Rose, a proprietary and patented 18kt rose gold plated alloy. Pair this modern link bijoux with bracelets and rings from the Purezza collection and complete the parure. \u2022 Golden Rose patended alloy 18KT&#8230;<\/p>","protected":false},"featured_media":124552,"comment_status":"open","ping_status":"closed","template":"","meta":{"jetpack_post_was_ever_published":false},"product_brand":[],"product_cat":[193,195,727,599],"product_tag":[],"giftcard-category":[],"class_list":{"0":"post-124551","1":"product","2":"type-product","3":"status-publish","4":"has-post-thumbnail","6":"product_cat-bronzallure","7":"product_cat-bronzallure-necklaces","8":"product_cat-necklaces","9":"product_cat-sale","10":"pa_material-golden-rose","11":"pa_metal-color-rose-gold","12":"pa_product-brand-bronzallure","13":"pa_stone-color-without-stones","14":"pa_type-category-necklaces","16":"first","17":"instock","18":"featured","19":"taxable","20":"shipping-taxable","21":"purchasable","22":"product-type-simple"},"bundled_by":[],"bundle_stock_status":"instock","bundle_stock_quantity":1,"bundle_virtual":false,"bundle_layout":"","bundle_add_to_cart_form_location":"","bundle_editable_in_cart":false,"bundle_sold_individually_context":"","bundle_item_grouping":"","bundle_min_size":"","bundle_max_size":"","bundle_price":[],"bundled_items":[],"bundle_sell_ids":[],"etheme_brands":{"errors":{"invalid_taxonomy":["Lubamatu taksonoomia."]},"error_data":[]},"_links":{"self":[{"href":"https:\/\/glamuur.ee\/et\/wp-json\/wp\/v2\/product\/124551","targetHints":{"allow":["GET"]}}],"collection":[{"href":"https:\/\/glamuur.ee\/et\/wp-json\/wp\/v2\/product"}],"about":[{"href":"https:\/\/glamuur.ee\/et\/wp-json\/wp\/v2\/types\/product"}],"replies":[{"embeddable":true,"href":"https:\/\/glamuur.ee\/et\/wp-json\/wp\/v2\/comments?post=124551"}],"wp:featuredmedia":[{"embeddable":true,"href":"https:\/\/glamuur.ee\/et\/wp-json\/wp\/v2\/media\/124552"}],"wp:attachment":[{"href":"https:\/\/glamuur.ee\/et\/wp-json\/wp\/v2\/media?parent=124551"}],"wp:term":[{"taxonomy":"product_brand","embeddable":true,"href":"https:\/\/glamuur.ee\/et\/wp-json\/wp\/v2\/product_brand?post=124551"},{"taxonomy":"product_cat","embeddable":true,"href":"https:\/\/glamuur.ee\/et\/wp-json\/wp\/v2\/product_cat?post=124551"},{"taxonomy":"product_tag","embeddable":true,"href":"https:\/\/glamuur.ee\/et\/wp-json\/wp\/v2\/product_tag?post=124551"},{"taxonomy":"giftcard-category","embeddable":true,"href":"https:\/\/glamuur.ee\/et\/wp-json\/wp\/v2\/giftcard-category?post=124551"}],"curies":[{"name":"wp","href":"https:\/\/api.w.org\/{rel}","templated":true}]}}