{"id":123972,"date":"2023-02-28T11:50:36","date_gmt":"2023-02-28T11:50:36","guid":{"rendered":"https:\/\/dev.glamuur.ee\/product\/bronzallure-necklace-wsbz01336-to-md\/"},"modified":"2025-04-30T16:55:56","modified_gmt":"2025-04-30T13:55:56","slug":"bronzallure-kaelakee-wsbz01336-md-le","status":"publish","type":"product","link":"https:\/\/glamuur.ee\/et\/product\/bronzallure-necklace-wsbz01336-to-md\/","title":{"rendered":"Bronzallure Kaelakee"},"content":{"rendered":"<p>V\u00e4rviliste kividega kaelakee pakub kogu turmaliini ja Golden Rose 18 kt roosakullaga kaetud v\u00f5lu. Paljude toonidega ehe, mis v\u00f5idab teid esimesest kandmisest peale. \u00dchendage see sobiva k\u00e4ev\u00f5ru ja k\u00f5rvar\u00f5ngastega, et saavutada laitmatu stiil v\u00f5i teiste Variegata kollektsiooni bijoux'idega.<br \/>\n- Golden Rose patenditud sulam 18KT roosakuldne pinnakate Sertifitseeritud looduslikud kivid Disainitud Made in Italy Niklivaba, kaadmiumivaba, h\u00fcpoallergeenne Pikkus: 14,96\u2033 + 1,18\u2033| 29,52\u2033 | 39,37\u2033 75CM<\/p>","protected":false},"excerpt":{"rendered":"<p>The necklace with colored stones offers all the charm of tourmaline and Golden Rose 18kt rose gold plated. A jewel of many shades that will win you over from the first wear. Pair it with the matching bracelet and earrings for impeccable style or the&#8230;<\/p>","protected":false},"featured_media":123973,"comment_status":"open","ping_status":"closed","template":"","meta":{"jetpack_post_was_ever_published":false},"product_brand":[],"product_cat":[193,195,727,980,939,964],"product_tag":[],"giftcard-category":[],"class_list":{"0":"post-123972","1":"product","2":"type-product","3":"status-publish","4":"has-post-thumbnail","6":"product_cat-bronzallure","7":"product_cat-bronzallure-necklaces","8":"product_cat-necklaces","9":"product_cat-ready-for-vacation","10":"product_cat-ti-sento-sale-europe","11":"product_cat-summer-sale-ti-sento","12":"pa_material-golden-rose","13":"pa_metal-color-rose-gold","14":"pa_product-brand-bronzallure","15":"pa_stone-color-multicolor","16":"pa_type-category-necklaces","18":"first","19":"instock","20":"featured","21":"taxable","22":"shipping-taxable","23":"purchasable","24":"product-type-simple"},"bundled_by":[],"bundle_stock_status":"instock","bundle_stock_quantity":1,"bundle_virtual":false,"bundle_layout":"","bundle_add_to_cart_form_location":"","bundle_editable_in_cart":false,"bundle_sold_individually_context":"","bundle_item_grouping":"","bundle_min_size":"","bundle_max_size":"","bundle_price":[],"bundled_items":[],"bundle_sell_ids":[],"etheme_brands":{"errors":{"invalid_taxonomy":["Lubamatu taksonoomia."]},"error_data":[]},"_links":{"self":[{"href":"https:\/\/glamuur.ee\/et\/wp-json\/wp\/v2\/product\/123972","targetHints":{"allow":["GET"]}}],"collection":[{"href":"https:\/\/glamuur.ee\/et\/wp-json\/wp\/v2\/product"}],"about":[{"href":"https:\/\/glamuur.ee\/et\/wp-json\/wp\/v2\/types\/product"}],"replies":[{"embeddable":true,"href":"https:\/\/glamuur.ee\/et\/wp-json\/wp\/v2\/comments?post=123972"}],"wp:featuredmedia":[{"embeddable":true,"href":"https:\/\/glamuur.ee\/et\/wp-json\/wp\/v2\/media\/123973"}],"wp:attachment":[{"href":"https:\/\/glamuur.ee\/et\/wp-json\/wp\/v2\/media?parent=123972"}],"wp:term":[{"taxonomy":"product_brand","embeddable":true,"href":"https:\/\/glamuur.ee\/et\/wp-json\/wp\/v2\/product_brand?post=123972"},{"taxonomy":"product_cat","embeddable":true,"href":"https:\/\/glamuur.ee\/et\/wp-json\/wp\/v2\/product_cat?post=123972"},{"taxonomy":"product_tag","embeddable":true,"href":"https:\/\/glamuur.ee\/et\/wp-json\/wp\/v2\/product_tag?post=123972"},{"taxonomy":"giftcard-category","embeddable":true,"href":"https:\/\/glamuur.ee\/et\/wp-json\/wp\/v2\/giftcard-category?post=123972"}],"curies":[{"name":"wp","href":"https:\/\/api.w.org\/{rel}","templated":true}]}}