{"id":12396,"date":"2023-01-04T15:26:34","date_gmt":"2023-01-04T15:26:34","guid":{"rendered":"https:\/\/dev.glamuur.ee\/product\/ti-sento-milano-ear-charms-9095es\/"},"modified":"2026-02-16T14:10:40","modified_gmt":"2026-02-16T12:10:40","slug":"ti-sento-milano-korva-volusid-9095es","status":"publish","type":"product","link":"https:\/\/glamuur.ee\/et\/product\/ti-sento-milano-ear-charms-9095es\/","title":{"rendered":"TI SENTO \u2013 Milano K\u00f5rvar\u00f5nga ripatsid"},"content":{"rendered":"<p>See paar TI SENTO - Milano k\u00f5rvaehteid on teie ehtekarbis kohustuslik. K\u00f5rvakaunistused on \u00fcmbritsetud h\u00f5bedast ja kaetud briljantselt lihvitud tsirkooniumkristalliga. Need k\u00f5rvam\u00e4rgid on t\u00e4iuslik t\u00e4iendus TI SENTO r\u00f5ngastele ja lisavad igale riietusele unikaalse puudutuse.<\/p>\n<p>Suurus <a href=\"https:\/\/www.google.ee\/url?sa=t&#038;rct=j&#038;q=&#038;esrc=s&#038;source=web&#038;cd=3&#038;ved=0ahUKEwighrXY7-_XAhXhAJoKHbbiArIQFggwMAI&#038;url=https%3A%2F%2Fen.wikipedia.org%2Fwiki%2F%25C3%2598&#038;usg=AOvVaw0xmTFfRU8du9ZzW6k97nd_\" target=\"_blank\" rel=\"noopener\">\u00d8<\/a>: 13MM<\/p>","protected":false},"excerpt":{"rendered":"<p>This pair of TI SENTO &#8211; Milano Ear Charms are a must-have in your jewellery box. The Ear Charms are encased in\u00a0 sterling silver and are topped with a brilliant cut cubic zirconia crystal. These Ear Charms are the perfect addition to a TI SENTO&#8230;<\/p>","protected":false},"featured_media":12397,"comment_status":"open","ping_status":"closed","template":"","meta":{"jetpack_post_was_ever_published":false},"product_brand":[],"product_cat":[728,794,979,980,939,964,72,144,152],"product_tag":[],"giftcard-category":[],"class_list":{"0":"post-12396","1":"product","2":"type-product","3":"status-publish","4":"has-post-thumbnail","6":"product_cat-ear-charms","7":"product_cat-gift-ideas-up-to-100e","8":"product_cat-graduation-2025","9":"product_cat-ready-for-vacation","10":"product_cat-ti-sento-sale-europe","11":"product_cat-summer-sale-ti-sento","12":"product_cat-ti-sento-milano","13":"product_cat-ti-sento-milano-ear-charms","14":"product_cat-ti-sento-milano-estonian-design","15":"pa_material-silver","16":"pa_metal-color-silver","17":"pa_product-brand-ti-sento-milano","18":"pa_stone-color-green","19":"pa_type-category-ear-charms","21":"first","22":"instock","23":"featured","24":"taxable","25":"shipping-taxable","26":"purchasable","27":"product-type-simple"},"bundled_by":[],"bundle_stock_status":"instock","bundle_stock_quantity":3,"bundle_virtual":false,"bundle_layout":"","bundle_add_to_cart_form_location":"","bundle_editable_in_cart":false,"bundle_sold_individually_context":"","bundle_item_grouping":"","bundle_min_size":"","bundle_max_size":"","bundle_price":[],"bundled_items":[],"bundle_sell_ids":[],"etheme_brands":{"errors":{"invalid_taxonomy":["Lubamatu taksonoomia."]},"error_data":[]},"_links":{"self":[{"href":"https:\/\/glamuur.ee\/et\/wp-json\/wp\/v2\/product\/12396","targetHints":{"allow":["GET"]}}],"collection":[{"href":"https:\/\/glamuur.ee\/et\/wp-json\/wp\/v2\/product"}],"about":[{"href":"https:\/\/glamuur.ee\/et\/wp-json\/wp\/v2\/types\/product"}],"replies":[{"embeddable":true,"href":"https:\/\/glamuur.ee\/et\/wp-json\/wp\/v2\/comments?post=12396"}],"wp:featuredmedia":[{"embeddable":true,"href":"https:\/\/glamuur.ee\/et\/wp-json\/wp\/v2\/media\/12397"}],"wp:attachment":[{"href":"https:\/\/glamuur.ee\/et\/wp-json\/wp\/v2\/media?parent=12396"}],"wp:term":[{"taxonomy":"product_brand","embeddable":true,"href":"https:\/\/glamuur.ee\/et\/wp-json\/wp\/v2\/product_brand?post=12396"},{"taxonomy":"product_cat","embeddable":true,"href":"https:\/\/glamuur.ee\/et\/wp-json\/wp\/v2\/product_cat?post=12396"},{"taxonomy":"product_tag","embeddable":true,"href":"https:\/\/glamuur.ee\/et\/wp-json\/wp\/v2\/product_tag?post=12396"},{"taxonomy":"giftcard-category","embeddable":true,"href":"https:\/\/glamuur.ee\/et\/wp-json\/wp\/v2\/giftcard-category?post=12396"}],"curies":[{"name":"wp","href":"https:\/\/api.w.org\/{rel}","templated":true}]}}