{"id":123774,"date":"2023-02-28T11:44:54","date_gmt":"2023-02-28T11:44:54","guid":{"rendered":"https:\/\/dev.glamuur.ee\/product\/bronzallure-bracelet-wsbz01069-gq\/"},"modified":"2026-02-13T12:50:16","modified_gmt":"2026-02-13T10:50:16","slug":"pronksvalge-kaevoru-wsbz01069-gq","status":"publish","type":"product","link":"https:\/\/glamuur.ee\/et\/product\/bronzallure-bracelet-wsbz01069-gq\/","title":{"rendered":"Bronzallure K\u00e4ev\u00f5ru"},"content":{"rendered":"<p>Bronzallure elastne k\u00e4ev\u00f5ru, mis on valmistatud Golden Ros\u00e9 sulamist, mis on t\u00e4ielikult kaetud 18 kt roosakullaga kaetud seibidega, mis vahelduvad teemantpallidega, millel on p\u00e4rlmutteriga s\u00fcda. Elegantne looming, mille t\u00e4iuslik disain paneb teie v\u00e4limuse s\u00e4rama. Ideaalne kombineerida Incanto kollektsiooni laias valikus ehetega, mis pakuvad peenelt t\u00f6\u00f6deldud tahke, mis suudavad elegantselt peegeldada valgust ja r\u00f5hutada looduslike kivide v\u00e4rve. <\/p>","protected":false},"excerpt":{"rendered":"<p>Bronzallure elastic bracelet made with Golden Ros\u00e9 alloy, entirely covered with 18kt rose gold plated washers alternating with diamond washer balls with a mother-of-pearl heart. Elegant creation, with the perfect design to make your look shine. Ideal to combine with the wide range of jewelry&#8230;<\/p>","protected":false},"featured_media":123775,"comment_status":"open","ping_status":"closed","template":"","meta":{"jetpack_post_was_ever_published":false},"product_brand":[],"product_cat":[726,193,196,939,964,941],"product_tag":[942],"giftcard-category":[],"class_list":{"0":"post-123774","1":"product","2":"type-product","3":"status-publish","4":"has-post-thumbnail","6":"product_cat-bracelets","7":"product_cat-bronzallure","8":"product_cat-bronzallure-bracelets","9":"product_cat-ti-sento-sale-europe","10":"product_cat-summer-sale-ti-sento","11":"product_cat-valentines-day","12":"product_tag-valentines-day","13":"pa_material-golden-rose","14":"pa_metal-color-rose-gold","15":"pa_product-brand-bronzallure","16":"pa_stone-color-grey","17":"pa_type-category-bracelets","19":"first","20":"instock","21":"sale","22":"featured","23":"taxable","24":"shipping-taxable","25":"purchasable","26":"product-type-simple"},"bundled_by":[],"bundle_stock_status":"instock","bundle_stock_quantity":1,"bundle_virtual":false,"bundle_layout":"","bundle_add_to_cart_form_location":"","bundle_editable_in_cart":false,"bundle_sold_individually_context":"","bundle_item_grouping":"","bundle_min_size":"","bundle_max_size":"","bundle_price":[],"bundled_items":[],"bundle_sell_ids":[],"etheme_brands":{"errors":{"invalid_taxonomy":["Lubamatu taksonoomia."]},"error_data":[]},"_links":{"self":[{"href":"https:\/\/glamuur.ee\/et\/wp-json\/wp\/v2\/product\/123774","targetHints":{"allow":["GET"]}}],"collection":[{"href":"https:\/\/glamuur.ee\/et\/wp-json\/wp\/v2\/product"}],"about":[{"href":"https:\/\/glamuur.ee\/et\/wp-json\/wp\/v2\/types\/product"}],"replies":[{"embeddable":true,"href":"https:\/\/glamuur.ee\/et\/wp-json\/wp\/v2\/comments?post=123774"}],"wp:featuredmedia":[{"embeddable":true,"href":"https:\/\/glamuur.ee\/et\/wp-json\/wp\/v2\/media\/123775"}],"wp:attachment":[{"href":"https:\/\/glamuur.ee\/et\/wp-json\/wp\/v2\/media?parent=123774"}],"wp:term":[{"taxonomy":"product_brand","embeddable":true,"href":"https:\/\/glamuur.ee\/et\/wp-json\/wp\/v2\/product_brand?post=123774"},{"taxonomy":"product_cat","embeddable":true,"href":"https:\/\/glamuur.ee\/et\/wp-json\/wp\/v2\/product_cat?post=123774"},{"taxonomy":"product_tag","embeddable":true,"href":"https:\/\/glamuur.ee\/et\/wp-json\/wp\/v2\/product_tag?post=123774"},{"taxonomy":"giftcard-category","embeddable":true,"href":"https:\/\/glamuur.ee\/et\/wp-json\/wp\/v2\/giftcard-category?post=123774"}],"curies":[{"name":"wp","href":"https:\/\/api.w.org\/{rel}","templated":true}]}}