{"id":12355,"date":"2023-01-04T15:26:09","date_gmt":"2023-01-04T15:26:09","guid":{"rendered":"https:\/\/dev.glamuur.ee\/product\/ti-sento-milano-ear-charms-9083bp\/"},"modified":"2026-04-20T13:30:05","modified_gmt":"2026-04-20T10:30:05","slug":"ti-sento-milano-korva-volusid-9083bp","status":"publish","type":"product","link":"https:\/\/glamuur.ee\/et\/product\/ti-sento-milano-ear-charms-9083bp\/","title":{"rendered":"TI SENTO \u2013 Milano K\u00f5rvar\u00f5nga ripatsid"},"content":{"rendered":"<p>Lihtsus ja s\u00e4ra on suurep\u00e4raselt \u00fchendatud nende stiilsete TI SENTO - Milano k\u00f5rvaklappidega. . T\u00e4iendava s\u00e4ra lisamiseks on sisse p\u00f5imitud kristalliline tsirkoonium. K\u00f5rvakettad on valmistatud parimatest roodiumiga kaetud sterlingh\u00f5bedast. H\u00f5bedale lisatud roodium loob ehete imeliselt s\u00e4rava l\u00e4ike ja lisakestvuse.<\/p>\n<p>K\u00f5ik TI SENTO - Milano ehted on kingituseks pakitud l\u00f5pmatu armastuse ja hoolega.<\/p>\n<p>Rose kuld<\/p>\n<p>Suurus \u00d8 8mm<\/p>","protected":false},"excerpt":{"rendered":"<p>Simplicity and brilliance come together beautifully with these stylish Ear Charms by TI SENTO \u2013 Milano. . For added sparkle is embedded in crystal cubic zirconia. The ear wrap is made of the finest rhodium plated sterling silver. The added rhodium on the silver creates&#8230;<\/p>","protected":false},"featured_media":12356,"comment_status":"open","ping_status":"closed","template":"","meta":{"jetpack_post_was_ever_published":false},"product_brand":[],"product_cat":[728,794,979,939,964,72,144,152],"product_tag":[],"giftcard-category":[],"class_list":{"0":"post-12355","1":"product","2":"type-product","3":"status-publish","4":"has-post-thumbnail","6":"product_cat-ear-charms","7":"product_cat-gift-ideas-up-to-100e","8":"product_cat-graduation-2025","9":"product_cat-ti-sento-sale-europe","10":"product_cat-summer-sale-ti-sento","11":"product_cat-ti-sento-milano","12":"product_cat-ti-sento-milano-ear-charms","13":"product_cat-ti-sento-milano-estonian-design","14":"pa_material-silver","15":"pa_metal-color-rose-gold","16":"pa_product-brand-ti-sento-milano","17":"pa_stone-color-black","18":"pa_type-category-ear-charms","20":"first","21":"instock","22":"sale","23":"featured","24":"taxable","25":"shipping-taxable","26":"purchasable","27":"product-type-simple"},"bundled_by":[],"bundle_stock_status":"instock","bundle_stock_quantity":3,"bundle_virtual":false,"bundle_layout":"","bundle_add_to_cart_form_location":"","bundle_editable_in_cart":false,"bundle_sold_individually_context":"","bundle_item_grouping":"","bundle_min_size":"","bundle_max_size":"","bundle_price":[],"bundled_items":[],"bundle_sell_ids":[],"etheme_brands":{"errors":{"invalid_taxonomy":["Lubamatu taksonoomia."]},"error_data":[]},"_links":{"self":[{"href":"https:\/\/glamuur.ee\/et\/wp-json\/wp\/v2\/product\/12355","targetHints":{"allow":["GET"]}}],"collection":[{"href":"https:\/\/glamuur.ee\/et\/wp-json\/wp\/v2\/product"}],"about":[{"href":"https:\/\/glamuur.ee\/et\/wp-json\/wp\/v2\/types\/product"}],"replies":[{"embeddable":true,"href":"https:\/\/glamuur.ee\/et\/wp-json\/wp\/v2\/comments?post=12355"}],"wp:featuredmedia":[{"embeddable":true,"href":"https:\/\/glamuur.ee\/et\/wp-json\/wp\/v2\/media\/12356"}],"wp:attachment":[{"href":"https:\/\/glamuur.ee\/et\/wp-json\/wp\/v2\/media?parent=12355"}],"wp:term":[{"taxonomy":"product_brand","embeddable":true,"href":"https:\/\/glamuur.ee\/et\/wp-json\/wp\/v2\/product_brand?post=12355"},{"taxonomy":"product_cat","embeddable":true,"href":"https:\/\/glamuur.ee\/et\/wp-json\/wp\/v2\/product_cat?post=12355"},{"taxonomy":"product_tag","embeddable":true,"href":"https:\/\/glamuur.ee\/et\/wp-json\/wp\/v2\/product_tag?post=12355"},{"taxonomy":"giftcard-category","embeddable":true,"href":"https:\/\/glamuur.ee\/et\/wp-json\/wp\/v2\/giftcard-category?post=12355"}],"curies":[{"name":"wp","href":"https:\/\/api.w.org\/{rel}","templated":true}]}}