{"id":123544,"date":"2023-02-28T11:38:35","date_gmt":"2023-02-28T11:38:35","guid":{"rendered":"https:\/\/dev.glamuur.ee\/product\/bronzallure-necklace-wsbz00916-gm\/"},"modified":"2026-04-14T15:45:06","modified_gmt":"2026-04-14T12:45:06","slug":"pronkskaelakee-wsbz00916-gm","status":"publish","type":"product","link":"https:\/\/glamuur.ee\/et\/product\/bronzallure-necklace-wsbz00916-gm\/","title":{"rendered":"Bronzallure Kaelakee"},"content":{"rendered":"<p>Bronzallure'i pikk kaelakee koos v\u00e4ikese nelja lehega on ideaalne ehe iga riietuse juurde. V\u00e4rviline ja originaalne, see 18 kt roosakullaga kaetud kuldne roosi ehe on kaunistatud loodusliku kiviga ripatsiga. \u00dchendage see koosk\u00f5lastatud s\u00f5rmuste v\u00f5i teiste Alba kollektsiooni loomingutega.<br \/>\n- Golden Rose patenditud sulam 18KT roosakuldne pinnakate Sertifitseeritud looduslikud kivid Disainitud Made in Italy Niklivaba, kaadmiumivaba, h\u00fcpoallergeenne Pikkus: 41 cm + 6 cm pikendus Ripatsi l\u00e4bim\u00f5\u00f5t: 15 mm 47CM<\/p>","protected":false},"excerpt":{"rendered":"<p>The long necklace with small four-leaf cloverby Bronzallure is the perfect piece of jewelry for any outfit. Colorful and original, this 18kt rose gold plated Golden Rose jewelry is embellished with a natural stone pendant. Pair it with the coordinating rings or other creations from&#8230;<\/p>","protected":false},"featured_media":123545,"comment_status":"open","ping_status":"closed","template":"","meta":{"jetpack_post_was_ever_published":false},"product_brand":[],"product_cat":[193,195,727,980,939,964],"product_tag":[],"giftcard-category":[],"class_list":{"0":"post-123544","1":"product","2":"type-product","3":"status-publish","4":"has-post-thumbnail","6":"product_cat-bronzallure","7":"product_cat-bronzallure-necklaces","8":"product_cat-necklaces","9":"product_cat-ready-for-vacation","10":"product_cat-ti-sento-sale-europe","11":"product_cat-summer-sale-ti-sento","12":"pa_material-golden-rose","13":"pa_metal-color-rose-gold","14":"pa_product-brand-bronzallure","15":"pa_stone-color-green","16":"pa_type-category-necklaces","18":"first","19":"instock","20":"featured","21":"taxable","22":"shipping-taxable","23":"purchasable","24":"product-type-simple"},"bundled_by":[],"bundle_stock_status":"instock","bundle_stock_quantity":3,"bundle_virtual":false,"bundle_layout":"","bundle_add_to_cart_form_location":"","bundle_editable_in_cart":false,"bundle_sold_individually_context":"","bundle_item_grouping":"","bundle_min_size":"","bundle_max_size":"","bundle_price":[],"bundled_items":[],"bundle_sell_ids":[],"etheme_brands":{"errors":{"invalid_taxonomy":["Lubamatu taksonoomia."]},"error_data":[]},"_links":{"self":[{"href":"https:\/\/glamuur.ee\/et\/wp-json\/wp\/v2\/product\/123544","targetHints":{"allow":["GET"]}}],"collection":[{"href":"https:\/\/glamuur.ee\/et\/wp-json\/wp\/v2\/product"}],"about":[{"href":"https:\/\/glamuur.ee\/et\/wp-json\/wp\/v2\/types\/product"}],"replies":[{"embeddable":true,"href":"https:\/\/glamuur.ee\/et\/wp-json\/wp\/v2\/comments?post=123544"}],"wp:featuredmedia":[{"embeddable":true,"href":"https:\/\/glamuur.ee\/et\/wp-json\/wp\/v2\/media\/123545"}],"wp:attachment":[{"href":"https:\/\/glamuur.ee\/et\/wp-json\/wp\/v2\/media?parent=123544"}],"wp:term":[{"taxonomy":"product_brand","embeddable":true,"href":"https:\/\/glamuur.ee\/et\/wp-json\/wp\/v2\/product_brand?post=123544"},{"taxonomy":"product_cat","embeddable":true,"href":"https:\/\/glamuur.ee\/et\/wp-json\/wp\/v2\/product_cat?post=123544"},{"taxonomy":"product_tag","embeddable":true,"href":"https:\/\/glamuur.ee\/et\/wp-json\/wp\/v2\/product_tag?post=123544"},{"taxonomy":"giftcard-category","embeddable":true,"href":"https:\/\/glamuur.ee\/et\/wp-json\/wp\/v2\/giftcard-category?post=123544"}],"curies":[{"name":"wp","href":"https:\/\/api.w.org\/{rel}","templated":true}]}}