{"id":123486,"date":"2023-02-28T11:36:54","date_gmt":"2023-02-28T11:36:54","guid":{"rendered":"https:\/\/dev.glamuur.ee\/product\/bronzallure-bracelet-wsbz01386-gag\/"},"modified":"2025-06-02T13:06:14","modified_gmt":"2025-06-02T10:06:14","slug":"bronzallure-kaevoru-wsbz01386-gag","status":"publish","type":"product","link":"https:\/\/glamuur.ee\/et\/product\/bronzallure-bracelet-wsbz01386-gag\/","title":{"rendered":"Bronzallure K\u00e4ev\u00f5ru"},"content":{"rendered":"<p>Seda originaalset ja uimastavat, j\u00e4iku libisevat s\u00fcnnikiviga k\u00e4ev\u00f5ru saab kanda igal korral, et luua r\u00f5\u00f5msameelne ja l\u00f5bus stiil. Kuldne roos, 18K roosakullaga kaetud ehe, kaunistatud rohelise akaadi, sinise pitsiakaadi, spinelli, punase akaadi, roosakvartsi v\u00f5i valge p\u00e4rli unikaalsete v\u00e4rvitoonidega. Sobitage seda koos Variegated kollektsiooni bijoux'iga.<br \/>\n- Golden Rose patenteeritud sulam 18K roosakuldne pinnakate Sertifitseeritud looduslikud kivid Disainitud Made in Italy Niklivaba, kaadmiumivaba, h\u00fcpoallergeenne Pikkus: 20,60 cm Kivi l\u00e4bim\u00f5\u00f5t: 13 mm <\/p>","protected":false},"excerpt":{"rendered":"<p>Original and stunning, this rigid slip-on birthstone bracelet can be worn on any occasion for a cheerful and fun style. A Golden Rose, 18K rose gold plated piece of jewelry, embellished with the unique hues of green agate, blue lace agate, spinel, red agate, rose&#8230;<\/p>","protected":false},"featured_media":123487,"comment_status":"open","ping_status":"closed","template":"","meta":{"jetpack_post_was_ever_published":false},"product_brand":[],"product_cat":[726,193,196,980,939,964],"product_tag":[],"giftcard-category":[],"class_list":{"0":"post-123486","1":"product","2":"type-product","3":"status-publish","4":"has-post-thumbnail","6":"product_cat-bracelets","7":"product_cat-bronzallure","8":"product_cat-bronzallure-bracelets","9":"product_cat-ready-for-vacation","10":"product_cat-ti-sento-sale-europe","11":"product_cat-summer-sale-ti-sento","12":"pa_material-golden-rose","13":"pa_metal-color-rose-gold","14":"pa_product-brand-bronzallure","15":"pa_stone-color-green","16":"pa_type-category-bracelets","18":"first","19":"instock","20":"featured","21":"taxable","22":"shipping-taxable","23":"purchasable","24":"product-type-simple"},"bundled_by":[],"bundle_stock_status":"instock","bundle_stock_quantity":2,"bundle_virtual":false,"bundle_layout":"","bundle_add_to_cart_form_location":"","bundle_editable_in_cart":false,"bundle_sold_individually_context":"","bundle_item_grouping":"","bundle_min_size":"","bundle_max_size":"","bundle_price":[],"bundled_items":[],"bundle_sell_ids":[],"etheme_brands":{"errors":{"invalid_taxonomy":["Lubamatu taksonoomia."]},"error_data":[]},"_links":{"self":[{"href":"https:\/\/glamuur.ee\/et\/wp-json\/wp\/v2\/product\/123486","targetHints":{"allow":["GET"]}}],"collection":[{"href":"https:\/\/glamuur.ee\/et\/wp-json\/wp\/v2\/product"}],"about":[{"href":"https:\/\/glamuur.ee\/et\/wp-json\/wp\/v2\/types\/product"}],"replies":[{"embeddable":true,"href":"https:\/\/glamuur.ee\/et\/wp-json\/wp\/v2\/comments?post=123486"}],"wp:featuredmedia":[{"embeddable":true,"href":"https:\/\/glamuur.ee\/et\/wp-json\/wp\/v2\/media\/123487"}],"wp:attachment":[{"href":"https:\/\/glamuur.ee\/et\/wp-json\/wp\/v2\/media?parent=123486"}],"wp:term":[{"taxonomy":"product_brand","embeddable":true,"href":"https:\/\/glamuur.ee\/et\/wp-json\/wp\/v2\/product_brand?post=123486"},{"taxonomy":"product_cat","embeddable":true,"href":"https:\/\/glamuur.ee\/et\/wp-json\/wp\/v2\/product_cat?post=123486"},{"taxonomy":"product_tag","embeddable":true,"href":"https:\/\/glamuur.ee\/et\/wp-json\/wp\/v2\/product_tag?post=123486"},{"taxonomy":"giftcard-category","embeddable":true,"href":"https:\/\/glamuur.ee\/et\/wp-json\/wp\/v2\/giftcard-category?post=123486"}],"curies":[{"name":"wp","href":"https:\/\/api.w.org\/{rel}","templated":true}]}}