{"id":123400,"date":"2023-02-28T11:34:27","date_gmt":"2023-02-28T11:34:27","guid":{"rendered":"https:\/\/dev.glamuur.ee\/product\/bronzallure-bracelet-wsbz01783-tg\/"},"modified":"2025-12-09T01:15:04","modified_gmt":"2025-12-08T23:15:04","slug":"pronksvalge-kaevoru-wsbz01783-tg","status":"publish","type":"product","link":"https:\/\/glamuur.ee\/et\/product\/bronzallure-bracelet-wsbz01783-tg\/","title":{"rendered":"Bronzallure K\u00e4ev\u00f5ru"},"content":{"rendered":"<p>Bronzallure'i ristk\u00fclikukujuline kivi- ja p\u00e4rlmuttert\u00e4idis k\u00e4ev\u00f5ru on asjatundliku disaini ja erakordse k\u00e4sit\u00f6\u00f6 tulemus. 18kt roosakullaga kaetud Golden Rose ehe sobib ideaalselt igap\u00e4evaseks kandmiseks hommikust \u00f5htuni. \u00dchendage see k\u00e4ev\u00f5ru koosk\u00f5lastatud k\u00f5rvar\u00f5ngaste ja kaelakee v\u00f5i teiste Alba kollektsiooni ehetega.<br \/>\n- Golden Rose patenditud sulam 18KT roosakuldne pinnakate Sertifitseeritud looduslikud kivid Disainitud Made in Italy Niklivaba, kaadmiumivaba, h\u00fcpoallergeenne Pikkus: 17,8 cm + 3 cm pikendus 17,80CM + 2,54CM<\/p>","protected":false},"excerpt":{"rendered":"<p>Bronzallure&#8217;s rectangular stone and mother of pearl insert bracelet is the result of expert design and exceptional craftsmanship. The 18kt rose gold plated Golden Rose jewelry is perfect for everyday wear from morning to night. Pair this bracelet with the coordinating earrings and necklace or&#8230;<\/p>","protected":false},"featured_media":123401,"comment_status":"open","ping_status":"closed","template":"","meta":{"jetpack_post_was_ever_published":false},"product_brand":[],"product_cat":[726,193,196,939,964],"product_tag":[],"giftcard-category":[],"class_list":{"0":"post-123400","1":"product","2":"type-product","3":"status-publish","4":"has-post-thumbnail","6":"product_cat-bracelets","7":"product_cat-bronzallure","8":"product_cat-bronzallure-bracelets","9":"product_cat-ti-sento-sale-europe","10":"product_cat-summer-sale-ti-sento","11":"pa_material-golden-rose","12":"pa_metal-color-rose-gold","13":"pa_product-brand-bronzallure","14":"pa_stone-color-brown","15":"pa_type-category-bracelets","17":"first","18":"instock","19":"featured","20":"taxable","21":"shipping-taxable","22":"purchasable","23":"product-type-simple"},"bundled_by":[],"bundle_stock_status":"instock","bundle_stock_quantity":3,"bundle_virtual":false,"bundle_layout":"","bundle_add_to_cart_form_location":"","bundle_editable_in_cart":false,"bundle_sold_individually_context":"","bundle_item_grouping":"","bundle_min_size":"","bundle_max_size":"","bundle_price":[],"bundled_items":[],"bundle_sell_ids":[],"etheme_brands":{"errors":{"invalid_taxonomy":["Lubamatu taksonoomia."]},"error_data":[]},"_links":{"self":[{"href":"https:\/\/glamuur.ee\/et\/wp-json\/wp\/v2\/product\/123400","targetHints":{"allow":["GET"]}}],"collection":[{"href":"https:\/\/glamuur.ee\/et\/wp-json\/wp\/v2\/product"}],"about":[{"href":"https:\/\/glamuur.ee\/et\/wp-json\/wp\/v2\/types\/product"}],"replies":[{"embeddable":true,"href":"https:\/\/glamuur.ee\/et\/wp-json\/wp\/v2\/comments?post=123400"}],"wp:featuredmedia":[{"embeddable":true,"href":"https:\/\/glamuur.ee\/et\/wp-json\/wp\/v2\/media\/123401"}],"wp:attachment":[{"href":"https:\/\/glamuur.ee\/et\/wp-json\/wp\/v2\/media?parent=123400"}],"wp:term":[{"taxonomy":"product_brand","embeddable":true,"href":"https:\/\/glamuur.ee\/et\/wp-json\/wp\/v2\/product_brand?post=123400"},{"taxonomy":"product_cat","embeddable":true,"href":"https:\/\/glamuur.ee\/et\/wp-json\/wp\/v2\/product_cat?post=123400"},{"taxonomy":"product_tag","embeddable":true,"href":"https:\/\/glamuur.ee\/et\/wp-json\/wp\/v2\/product_tag?post=123400"},{"taxonomy":"giftcard-category","embeddable":true,"href":"https:\/\/glamuur.ee\/et\/wp-json\/wp\/v2\/giftcard-category?post=123400"}],"curies":[{"name":"wp","href":"https:\/\/api.w.org\/{rel}","templated":true}]}}