{"id":123366,"date":"2023-02-28T11:33:36","date_gmt":"2023-02-28T11:33:36","guid":{"rendered":"https:\/\/dev.glamuur.ee\/product\/bronzallure-earrings-wsbz01311-sq\/"},"modified":"2025-08-28T17:15:16","modified_gmt":"2025-08-28T14:15:16","slug":"pronkskorvarongad-wsbz01311-sq","status":"publish","type":"product","link":"https:\/\/glamuur.ee\/et\/product\/bronzallure-earrings-wsbz01311-sq\/","title":{"rendered":"Bronzallure K\u00f5rvar\u00f5ngad"},"content":{"rendered":"<p>\u00d5rnad ja ajatud, need Bronzallure'i \u00fcmmargused lihvitud s\u00fcnnikivi k\u00f5rvar\u00f5ngad on ideaalsed, et anda igale riietusele stiili ja elegantsi. 18K roosaga kullatud Golden Rose ehted on saadaval oon\u00fc\u00fcksist, roosikvartsist, akva kaltsedoonist, sinisest kaltsedoonist, suitsukvartsist ja valgest kaltsedoonist. \u00dchendage see koosk\u00f5lastatud s\u00f5rmuse v\u00f5i teiste kollektsiooni bijuuksidega.<br \/>\n- Golden Rose patenteeritud sulam 18K roosakuldne pinnakate Sertifitseeritud looduslikud kivid Disainitud Made in Italy Niklivaba, kaadmiumivaba, h\u00fcpoallergeenne Pikkus: 2 cm Kivi l\u00e4bim\u00f5\u00f5t: 12 mm <\/p>","protected":false},"excerpt":{"rendered":"<p>Delicate and timeless, these Bronzallure round faceted birthstone stud earrings are perfect for giving your every outfit a touch of style and elegance. The 18K rose gold-plated Golden Rose jewelry comes in onyx, rose quartz, aqua chalcedony, blue chalcedony, smoky quartz and white chalcedony. Pair&#8230;<\/p>","protected":false},"featured_media":123367,"comment_status":"open","ping_status":"closed","template":"","meta":{"jetpack_post_was_ever_published":false},"product_brand":[],"product_cat":[193,194,725,939,964],"product_tag":[],"giftcard-category":[],"class_list":{"0":"post-123366","1":"product","2":"type-product","3":"status-publish","4":"has-post-thumbnail","6":"product_cat-bronzallure","7":"product_cat-bronzallure-earrings","8":"product_cat-earrings","9":"product_cat-ti-sento-sale-europe","10":"product_cat-summer-sale-ti-sento","11":"pa_material-golden-rose","12":"pa_metal-color-rose-gold","13":"pa_product-brand-bronzallure","14":"pa_stone-color-brown","15":"pa_type-category-earrings","17":"first","18":"instock","19":"featured","20":"taxable","21":"shipping-taxable","22":"purchasable","23":"product-type-simple"},"bundled_by":[],"bundle_stock_status":"instock","bundle_stock_quantity":1,"bundle_virtual":false,"bundle_layout":"","bundle_add_to_cart_form_location":"","bundle_editable_in_cart":false,"bundle_sold_individually_context":"","bundle_item_grouping":"","bundle_min_size":"","bundle_max_size":"","bundle_price":[],"bundled_items":[],"bundle_sell_ids":[],"etheme_brands":{"errors":{"invalid_taxonomy":["Lubamatu taksonoomia."]},"error_data":[]},"_links":{"self":[{"href":"https:\/\/glamuur.ee\/et\/wp-json\/wp\/v2\/product\/123366","targetHints":{"allow":["GET"]}}],"collection":[{"href":"https:\/\/glamuur.ee\/et\/wp-json\/wp\/v2\/product"}],"about":[{"href":"https:\/\/glamuur.ee\/et\/wp-json\/wp\/v2\/types\/product"}],"replies":[{"embeddable":true,"href":"https:\/\/glamuur.ee\/et\/wp-json\/wp\/v2\/comments?post=123366"}],"wp:featuredmedia":[{"embeddable":true,"href":"https:\/\/glamuur.ee\/et\/wp-json\/wp\/v2\/media\/123367"}],"wp:attachment":[{"href":"https:\/\/glamuur.ee\/et\/wp-json\/wp\/v2\/media?parent=123366"}],"wp:term":[{"taxonomy":"product_brand","embeddable":true,"href":"https:\/\/glamuur.ee\/et\/wp-json\/wp\/v2\/product_brand?post=123366"},{"taxonomy":"product_cat","embeddable":true,"href":"https:\/\/glamuur.ee\/et\/wp-json\/wp\/v2\/product_cat?post=123366"},{"taxonomy":"product_tag","embeddable":true,"href":"https:\/\/glamuur.ee\/et\/wp-json\/wp\/v2\/product_tag?post=123366"},{"taxonomy":"giftcard-category","embeddable":true,"href":"https:\/\/glamuur.ee\/et\/wp-json\/wp\/v2\/giftcard-category?post=123366"}],"curies":[{"name":"wp","href":"https:\/\/api.w.org\/{rel}","templated":true}]}}