{"id":123362,"date":"2023-02-28T11:33:28","date_gmt":"2023-02-28T11:33:28","guid":{"rendered":"https:\/\/dev.glamuur.ee\/product\/bronzallure-necklace-wsbz00702-tg\/"},"modified":"2025-08-08T17:45:37","modified_gmt":"2025-08-08T14:45:37","slug":"pronksvalge-kaelakee-wsbz00702-tg","status":"publish","type":"product","link":"https:\/\/glamuur.ee\/et\/product\/bronzallure-necklace-wsbz00702-tg\/","title":{"rendered":"Bronzallure Kaelakee"},"content":{"rendered":"<p>See ripatskaelakee sisaldab 18 kt roosakullatud rolo-ketti ja keskmise suurusega \u00fcmmarguse loodusliku kiviga ripatsit. Kuldse roosi ehted, mis sobivad ideaalselt igaks juhuks, hommikust \u00f5htuni. Saadaval mitmes v\u00e4rvitoonis - valik on sinu! Kombineeri kaelakee koosk\u00f5lastatud s\u00f5rmuste ja k\u00f5rvar\u00f5ngastega v\u00f5i teiste Alba kollektsiooni bijoux'idega.<br \/>\n- Golden Rose patenditud sulam 18KT roosakuldne pinnakate Sertifitseeritud looduslikud kivid Disainitud Made in Italy Niklivaba, kaadmiumivaba, h\u00fcpoallergeenne Pikkus: 40,5 cm + 6,5 cm pikendus Kivi l\u00e4bim\u00f5\u00f5t: 2,4 cm 47CM<\/p>","protected":false},"excerpt":{"rendered":"<p>This pendant necklace incorporates an 18kt rose gold plated rolo chain and a medium round natural stone pendant. Golden Rose jewelry perfect for any occasion, from morning to night. Available in several color varieties &#8211; the choice is yours! Match the necklace with the coordinating&#8230;<\/p>","protected":false},"featured_media":123363,"comment_status":"open","ping_status":"closed","template":"","meta":{"jetpack_post_was_ever_published":false},"product_brand":[],"product_cat":[193,195,727,939,964],"product_tag":[],"giftcard-category":[],"class_list":{"0":"post-123362","1":"product","2":"type-product","3":"status-publish","4":"has-post-thumbnail","6":"product_cat-bronzallure","7":"product_cat-bronzallure-necklaces","8":"product_cat-necklaces","9":"product_cat-ti-sento-sale-europe","10":"product_cat-summer-sale-ti-sento","11":"pa_material-golden-rose","12":"pa_metal-color-rose-gold","13":"pa_product-brand-bronzallure","14":"pa_stone-color-brown","15":"pa_type-category-necklaces","17":"first","18":"instock","19":"featured","20":"taxable","21":"shipping-taxable","22":"purchasable","23":"product-type-simple"},"bundled_by":[],"bundle_stock_status":"instock","bundle_stock_quantity":4,"bundle_virtual":false,"bundle_layout":"","bundle_add_to_cart_form_location":"","bundle_editable_in_cart":false,"bundle_sold_individually_context":"","bundle_item_grouping":"","bundle_min_size":"","bundle_max_size":"","bundle_price":[],"bundled_items":[],"bundle_sell_ids":[],"etheme_brands":{"errors":{"invalid_taxonomy":["Lubamatu taksonoomia."]},"error_data":[]},"_links":{"self":[{"href":"https:\/\/glamuur.ee\/et\/wp-json\/wp\/v2\/product\/123362","targetHints":{"allow":["GET"]}}],"collection":[{"href":"https:\/\/glamuur.ee\/et\/wp-json\/wp\/v2\/product"}],"about":[{"href":"https:\/\/glamuur.ee\/et\/wp-json\/wp\/v2\/types\/product"}],"replies":[{"embeddable":true,"href":"https:\/\/glamuur.ee\/et\/wp-json\/wp\/v2\/comments?post=123362"}],"wp:featuredmedia":[{"embeddable":true,"href":"https:\/\/glamuur.ee\/et\/wp-json\/wp\/v2\/media\/123363"}],"wp:attachment":[{"href":"https:\/\/glamuur.ee\/et\/wp-json\/wp\/v2\/media?parent=123362"}],"wp:term":[{"taxonomy":"product_brand","embeddable":true,"href":"https:\/\/glamuur.ee\/et\/wp-json\/wp\/v2\/product_brand?post=123362"},{"taxonomy":"product_cat","embeddable":true,"href":"https:\/\/glamuur.ee\/et\/wp-json\/wp\/v2\/product_cat?post=123362"},{"taxonomy":"product_tag","embeddable":true,"href":"https:\/\/glamuur.ee\/et\/wp-json\/wp\/v2\/product_tag?post=123362"},{"taxonomy":"giftcard-category","embeddable":true,"href":"https:\/\/glamuur.ee\/et\/wp-json\/wp\/v2\/giftcard-category?post=123362"}],"curies":[{"name":"wp","href":"https:\/\/api.w.org\/{rel}","templated":true}]}}